{"id":46,"date":"2024-12-10T08:37:28","date_gmt":"2024-12-10T08:37:28","guid":{"rendered":"https:\/\/dosmassessors.com\/?page_id=46"},"modified":"2024-12-17T10:26:24","modified_gmt":"2024-12-17T10:26:24","slug":"asesoria","status":"publish","type":"page","link":"https:\/\/dosmassessors.com\/ca\/asesoria\/","title":{"rendered":"Assessoria"},"content":{"rendered":"<div data-elementor-type=\"wp-page\" data-elementor-id=\"46\" class=\"elementor elementor-46\" data-elementor-post-type=\"page\">\n\t\t\t\t<div class=\"elementor-element elementor-element-bc41d04 e-flex e-con-boxed e-con e-parent\" data-id=\"bc41d04\" data-element_type=\"container\" data-settings=\"{&quot;background_background&quot;:&quot;classic&quot;}\">\n\t\t\t\t\t<div class=\"e-con-inner\">\n\t\t\t\t<div class=\"elementor-element elementor-element-083e74b elementor-widget__width-inherit elementor-invisible elementor-widget elementor-widget-heading\" data-id=\"083e74b\" data-element_type=\"widget\" data-settings=\"{&quot;_animation&quot;:&quot;fadeInDown&quot;}\" data-widget_type=\"heading.default\">\n\t\t\t\t<div class=\"elementor-widget-container\">\n\t\t\t<h1 class=\"elementor-heading-title elementor-size-default\">Assessoria<\/h1>\t\t<\/div>\n\t\t\t\t<\/div>\n\t\t\t\t<div class=\"elementor-element elementor-element-7a154c6 elementor-icon-list--layout-inline elementor-align-center elementor-list-item-link-full_width elementor-invisible elementor-widget elementor-widget-icon-list\" data-id=\"7a154c6\" data-element_type=\"widget\" data-settings=\"{&quot;_animation&quot;:&quot;fadeIn&quot;,&quot;_animation_delay&quot;:200}\" data-widget_type=\"icon-list.default\">\n\t\t\t\t<div class=\"elementor-widget-container\">\n\t\t\t\t\t<ul class=\"elementor-icon-list-items elementor-inline-items\">\n\t\t\t\t\t\t\t<li class=\"elementor-icon-list-item elementor-inline-item\">\n\t\t\t\t\t\t\t\t\t\t\t<a href=\"https:\/\/dosmassessors.com\/ca\">\n\n\t\t\t\t\t\t\t\t\t\t\t<span class=\"elementor-icon-list-text\">Home<\/span>\n\t\t\t\t\t\t\t\t\t\t\t<\/a>\n\t\t\t\t\t\t\t\t\t<\/li>\n\t\t\t\t\t\t\t\t<li class=\"elementor-icon-list-item elementor-inline-item\">\n\t\t\t\t\t\t\t\t\t\t\t<span class=\"elementor-icon-list-icon\">\n\t\t\t\t\t\t\t<i aria-hidden=\"true\" class=\"icon icon-arrow-right\"><\/i>\t\t\t\t\t\t<\/span>\n\t\t\t\t\t\t\t\t\t\t<span class=\"elementor-icon-list-text\">Assessoria<\/span>\n\t\t\t\t\t\t\t\t\t<\/li>\n\t\t\t\t\t\t<\/ul>\n\t\t\t\t<\/div>\n\t\t\t\t<\/div>\n\t\t\t\t\t<\/div>\n\t\t\t\t<\/div>\n\t\t<div class=\"elementor-element elementor-element-b7d32d3 e-flex e-con-boxed e-con e-parent\" data-id=\"b7d32d3\" data-element_type=\"container\">\n\t\t\t\t\t<div class=\"e-con-inner\">\n\t\t<div class=\"elementor-element elementor-element-a9609f5 e-con-full e-flex e-con e-child\" data-id=\"a9609f5\" data-element_type=\"container\">\n\t\t\t\t<div class=\"elementor-element elementor-element-39af22c elementor-invisible elementor-widget elementor-widget-heading\" data-id=\"39af22c\" data-element_type=\"widget\" data-settings=\"{&quot;_animation&quot;:&quot;fadeInDown&quot;}\" data-widget_type=\"heading.default\">\n\t\t\t\t<div class=\"elementor-widget-container\">\n\t\t\t<h2 class=\"elementor-heading-title elementor-size-default\">Assessoria integral per a particulars i empreses a Manresa<\/h2>\t\t<\/div>\n\t\t\t\t<\/div>\n\t\t\t\t<\/div>\n\t\t<div class=\"elementor-element elementor-element-c7a8231 e-con-full e-flex e-con e-child\" data-id=\"c7a8231\" data-element_type=\"container\">\n\t\t\t\t<div class=\"elementor-element elementor-element-8e7ce12 elementor-invisible elementor-widget elementor-widget-text-editor\" data-id=\"8e7ce12\" data-element_type=\"widget\" data-settings=\"{&quot;_animation&quot;:&quot;fadeInDown&quot;,&quot;_animation_delay&quot;:200}\" data-widget_type=\"text-editor.default\">\n\t\t\t\t<div class=\"elementor-widget-container\">\n\t\t\t\t\t\t\t<p>A 2M Assessors, ens especialitzem en brindar-te solucions pr\u00e0ctiques i eficaces, adaptades a les teves necessitats, perqu\u00e8 puguis prendre decisions informades i gestionar amb \u00e8xit els teus assumptes personals o empresarials.<\/p>\t\t\t\t\t\t<\/div>\n\t\t\t\t<\/div>\n\t\t\t\t<\/div>\n\t\t\t\t\t<\/div>\n\t\t\t\t<\/div>\n\t\t<div class=\"elementor-element elementor-element-90ae54f e-flex e-con-boxed e-con e-parent\" data-id=\"90ae54f\" data-element_type=\"container\" data-settings=\"{&quot;background_background&quot;:&quot;classic&quot;}\">\n\t\t\t\t\t<div class=\"e-con-inner\">\n\t\t\t\t<div class=\"elementor-element elementor-element-5e07cc9 elementor-widget__width-initial elementor-invisible elementor-widget elementor-widget-heading\" data-id=\"5e07cc9\" data-element_type=\"widget\" data-settings=\"{&quot;_animation&quot;:&quot;fadeInDown&quot;,&quot;_animation_delay&quot;:200}\" data-widget_type=\"heading.default\">\n\t\t\t\t<div class=\"elementor-widget-container\">\n\t\t\t<h3 class=\"elementor-heading-title elementor-size-default\">Els nostres serveis jur\u00eddics, fiscals, comptables i de gesti\u00f3<\/h3>\t\t<\/div>\n\t\t\t\t<\/div>\n\t\t<div class=\"elementor-element elementor-element-550d107 e-grid e-con-full e-con e-child\" data-id=\"550d107\" data-element_type=\"container\">\n\t\t<div class=\"elementor-element elementor-element-b45053a e-con-full e-flex elementor-invisible e-con e-child\" data-id=\"b45053a\" data-element_type=\"container\" data-settings=\"{&quot;background_background&quot;:&quot;classic&quot;,&quot;animation&quot;:&quot;fadeInDown&quot;,&quot;animation_delay&quot;:200}\">\n\t\t<div class=\"elementor-element elementor-element-361acc6 e-con-full e-flex e-con e-child\" data-id=\"361acc6\" data-element_type=\"container\">\n\t\t\t\t<div class=\"elementor-element elementor-element-0d65263 elementor-widget elementor-widget-image\" data-id=\"0d65263\" data-element_type=\"widget\" data-widget_type=\"image.default\">\n\t\t\t\t<div class=\"elementor-widget-container\">\n\t\t\t\t\t\t\t\t\t\t\t\t\t<img fetchpriority=\"high\" decoding=\"async\" width=\"800\" height=\"450\" src=\"https:\/\/dosmassessors.com\/wp-content\/uploads\/2024\/12\/3-1024x576.jpg\" class=\"attachment-large size-large wp-image-1060\" alt=\"\" srcset=\"https:\/\/dosmassessors.com\/wp-content\/uploads\/2024\/12\/3-1024x576.jpg 1024w, https:\/\/dosmassessors.com\/wp-content\/uploads\/2024\/12\/3-300x169.jpg 300w, https:\/\/dosmassessors.com\/wp-content\/uploads\/2024\/12\/3-768x432.jpg 768w, https:\/\/dosmassessors.com\/wp-content\/uploads\/2024\/12\/3-1536x864.jpg 1536w, https:\/\/dosmassessors.com\/wp-content\/uploads\/2024\/12\/3.jpg 1920w\" sizes=\"(max-width: 800px) 100vw, 800px\" \/>\t\t\t\t\t\t\t\t\t\t\t\t\t<\/div>\n\t\t\t\t<\/div>\n\t\t\t\t<\/div>\n\t\t<div class=\"elementor-element elementor-element-b53169d e-con-full e-flex e-con e-child\" data-id=\"b53169d\" data-element_type=\"container\" data-settings=\"{&quot;background_background&quot;:&quot;classic&quot;}\">\n\t\t<div class=\"elementor-element elementor-element-4a32e59 e-con-full e-flex e-con e-child\" data-id=\"4a32e59\" data-element_type=\"container\">\n\t\t\t\t<div class=\"elementor-element elementor-element-d6e4454 elementor-widget elementor-widget-heading\" data-id=\"d6e4454\" data-element_type=\"widget\" data-widget_type=\"heading.default\">\n\t\t\t\t<div class=\"elementor-widget-container\">\n\t\t\t<h3 class=\"elementor-heading-title elementor-size-default\">Administraci\u00f3 de finques i comunitats<\/h3>\t\t<\/div>\n\t\t\t\t<\/div>\n\t\t\t\t<div class=\"elementor-element elementor-element-6dc6919 elementor-widget elementor-widget-text-editor\" data-id=\"6dc6919\" data-element_type=\"widget\" data-widget_type=\"text-editor.default\">\n\t\t\t\t<div class=\"elementor-widget-container\">\n\t\t\t\t\t\t\tGestionem comunitats de propietaris i propietats horitzontals, assegurant el bon funcionament de la comunitat, la gesti\u00f3 de cobraments i pagaments, i la resoluci\u00f3 de conflictes\t\t\t\t\t\t<\/div>\n\t\t\t\t<\/div>\n\t\t\t\t<\/div>\n\t\t\t\t<div class=\"elementor-element elementor-element-3b4d9aa elementor-align-center elementor-mobile-align-justify elementor-widget elementor-widget-button\" data-id=\"3b4d9aa\" data-element_type=\"widget\" data-widget_type=\"button.default\">\n\t\t\t\t<div class=\"elementor-widget-container\">\n\t\t\t\t\t\t\t<div class=\"elementor-button-wrapper\">\n\t\t\t\t\t<a class=\"elementor-button elementor-button-link elementor-size-sm\" href=\"https:\/\/dosmassessors.com\/ca\/asesoria\/administracion-de-fincas\/\">\n\t\t\t\t\t\t<span class=\"elementor-button-content-wrapper\">\n\t\t\t\t\t\t\t\t\t<span class=\"elementor-button-text\">SABER M\u00c9S<\/span>\n\t\t\t\t\t<\/span>\n\t\t\t\t\t<\/a>\n\t\t\t\t<\/div>\n\t\t\t\t\t\t<\/div>\n\t\t\t\t<\/div>\n\t\t\t\t<\/div>\n\t\t\t\t<\/div>\n\t\t<div class=\"elementor-element elementor-element-be115a0 e-con-full e-flex elementor-invisible e-con e-child\" data-id=\"be115a0\" data-element_type=\"container\" data-settings=\"{&quot;background_background&quot;:&quot;classic&quot;,&quot;animation&quot;:&quot;fadeInDown&quot;,&quot;animation_delay&quot;:400}\">\n\t\t<div class=\"elementor-element elementor-element-fd1835e e-con-full e-flex e-con e-child\" data-id=\"fd1835e\" data-element_type=\"container\">\n\t\t\t\t<div class=\"elementor-element elementor-element-3550333 elementor-widget elementor-widget-image\" data-id=\"3550333\" data-element_type=\"widget\" data-widget_type=\"image.default\">\n\t\t\t\t<div class=\"elementor-widget-container\">\n\t\t\t\t\t\t\t\t\t\t\t\t\t<img decoding=\"async\" width=\"800\" height=\"450\" src=\"https:\/\/dosmassessors.com\/wp-content\/uploads\/2024\/12\/16-1024x576.jpg\" class=\"attachment-large size-large wp-image-1021\" alt=\"\" srcset=\"https:\/\/dosmassessors.com\/wp-content\/uploads\/2024\/12\/16-1024x576.jpg 1024w, https:\/\/dosmassessors.com\/wp-content\/uploads\/2024\/12\/16-300x169.jpg 300w, https:\/\/dosmassessors.com\/wp-content\/uploads\/2024\/12\/16-768x432.jpg 768w, https:\/\/dosmassessors.com\/wp-content\/uploads\/2024\/12\/16-1536x864.jpg 1536w, https:\/\/dosmassessors.com\/wp-content\/uploads\/2024\/12\/16.jpg 1920w\" sizes=\"(max-width: 800px) 100vw, 800px\" \/>\t\t\t\t\t\t\t\t\t\t\t\t\t<\/div>\n\t\t\t\t<\/div>\n\t\t\t\t<\/div>\n\t\t<div class=\"elementor-element elementor-element-cb90fca e-con-full e-flex e-con e-child\" data-id=\"cb90fca\" data-element_type=\"container\" data-settings=\"{&quot;background_background&quot;:&quot;classic&quot;}\">\n\t\t<div class=\"elementor-element elementor-element-6704c42 e-con-full e-flex e-con e-child\" data-id=\"6704c42\" data-element_type=\"container\">\n\t\t\t\t<div class=\"elementor-element elementor-element-a28768f elementor-widget elementor-widget-heading\" data-id=\"a28768f\" data-element_type=\"widget\" data-widget_type=\"heading.default\">\n\t\t\t\t<div class=\"elementor-widget-container\">\n\t\t\t<h3 class=\"elementor-heading-title elementor-size-default\">Assessoria per a empreses<\/h3>\t\t<\/div>\n\t\t\t\t<\/div>\n\t\t\t\t<div class=\"elementor-element elementor-element-0440f37 elementor-widget elementor-widget-text-editor\" data-id=\"0440f37\" data-element_type=\"widget\" data-widget_type=\"text-editor.default\">\n\t\t\t\t<div class=\"elementor-widget-container\">\n\t\t\t\t\t\t\tBrindem consultoria fiscal, comptable i laboral, ajudant a optimitzar la c\u00e0rrega tribut\u00e0ria, gestionar la comptabilitat i resoldre aspectes laborals com contractes, acomiadaments i reclamacions.\t\t\t\t\t\t<\/div>\n\t\t\t\t<\/div>\n\t\t\t\t<\/div>\n\t\t\t\t<div class=\"elementor-element elementor-element-91712ba elementor-align-center elementor-mobile-align-justify elementor-widget elementor-widget-button\" data-id=\"91712ba\" data-element_type=\"widget\" data-widget_type=\"button.default\">\n\t\t\t\t<div class=\"elementor-widget-container\">\n\t\t\t\t\t\t\t<div class=\"elementor-button-wrapper\">\n\t\t\t\t\t<a class=\"elementor-button elementor-button-link elementor-size-sm\" href=\"https:\/\/dosmassessors.com\/ca\/asesoria\/asesoria-de-empresas\/\">\n\t\t\t\t\t\t<span class=\"elementor-button-content-wrapper\">\n\t\t\t\t\t\t\t\t\t<span class=\"elementor-button-text\">SABER M\u00c9S<\/span>\n\t\t\t\t\t<\/span>\n\t\t\t\t\t<\/a>\n\t\t\t\t<\/div>\n\t\t\t\t\t\t<\/div>\n\t\t\t\t<\/div>\n\t\t\t\t<\/div>\n\t\t\t\t<\/div>\n\t\t\t\t<\/div>\n\t\t\t\t\t<\/div>\n\t\t\t\t<\/div>\n\t\t<div class=\"elementor-element elementor-element-637de2e e-flex e-con-boxed e-con e-parent\" data-id=\"637de2e\" data-element_type=\"container\" data-settings=\"{&quot;background_background&quot;:&quot;classic&quot;}\">\n\t\t\t\t\t<div class=\"e-con-inner\">\n\t\t<div class=\"elementor-element elementor-element-0acfccc e-con-full e-flex e-con e-child\" data-id=\"0acfccc\" data-element_type=\"container\">\n\t\t\t\t<div class=\"elementor-element elementor-element-d3e5a87 elementor-widget elementor-widget-heading\" data-id=\"d3e5a87\" data-element_type=\"widget\" data-widget_type=\"heading.default\">\n\t\t\t\t<div class=\"elementor-widget-container\">\n\t\t\t<div class=\"elementor-heading-title elementor-size-default\">El teu soci de confian\u00e7a per optimitzar la teva empresa o comunitat<\/div>\t\t<\/div>\n\t\t\t\t<\/div>\n\t\t\t\t<div class=\"elementor-element elementor-element-6ce1179 elementor-widget elementor-widget-text-editor\" data-id=\"6ce1179\" data-element_type=\"widget\" data-widget_type=\"text-editor.default\">\n\t\t\t\t<div class=\"elementor-widget-container\">\n\t\t\t\t\t\t\t<p>Confia en 2M Assessors per rebre una assessoria integral que s&#039;adapta al teu negoci o comunitat. Si busques un servei de gesti\u00f3 de finques professional o un assessorament empresarial de qualitat, som aqu\u00ed per ajudar-te a prendre les millors decisions.<\/p>\t\t\t\t\t\t<\/div>\n\t\t\t\t<\/div>\n\t\t\t\t<div class=\"elementor-element elementor-element-5458ea7 elementor-tablet-align-center elementor-mobile-align-justify elementor-widget elementor-widget-button\" data-id=\"5458ea7\" data-element_type=\"widget\" data-widget_type=\"button.default\">\n\t\t\t\t<div class=\"elementor-widget-container\">\n\t\t\t\t\t\t\t<div class=\"elementor-button-wrapper\">\n\t\t\t\t\t<a class=\"elementor-button elementor-button-link elementor-size-sm\" href=\"https:\/\/dosmassessors.com\/ca\/contacto\/\">\n\t\t\t\t\t\t<span class=\"elementor-button-content-wrapper\">\n\t\t\t\t\t\t\t\t\t<span class=\"elementor-button-text\">Contacte<\/span>\n\t\t\t\t\t<\/span>\n\t\t\t\t\t<\/a>\n\t\t\t\t<\/div>\n\t\t\t\t\t\t<\/div>\n\t\t\t\t<\/div>\n\t\t\t\t<\/div>\n\t\t\t\t\t<\/div>\n\t\t\t\t<\/div>\n\t\t\t\t<\/div>","protected":false},"excerpt":{"rendered":"<p>Home Assessoria integral per a particulars i empreses a Manresa A 2M Assessors, ens especialitzem en brindar-te solucions pr\u00e0ctiques i eficaces, adaptades a les teves necessitats, perqu\u00e8 puguis prendre decisions informades i gestionar amb \u00e8xit els teus assumptes personals o empresarials. Els nostres serveis jur\u00eddics, fiscals, comptables i de gesti\u00f3 Administraci\u00f3 de finques i comunitats Gestionem comunitats de [\u2026]<\/p>","protected":false},"author":2,"featured_media":0,"parent":0,"menu_order":0,"comment_status":"closed","ping_status":"closed","template":"","meta":{"footnotes":""},"class_list":["post-46","page","type-page","status-publish","hentry"],"yoast_head":"<!-- This site is optimized with the Yoast SEO plugin v24.2 - https:\/\/yoast.com\/wordpress\/plugins\/seo\/ -->\n<title>Asesor\u00eda - 2M Assessors<\/title>\n<meta name=\"robots\" content=\"index, follow, max-snippet:-1, max-image-preview:large, max-video-preview:-1\" \/>\n<link rel=\"canonical\" href=\"https:\/\/dosmassessors.com\/ca\/asesoria\/\" \/>\n<meta property=\"og:locale\" content=\"ca_ES\" \/>\n<meta property=\"og:type\" content=\"article\" \/>\n<meta property=\"og:title\" content=\"Asesor\u00eda - 2M Assessors\" \/>\n<meta property=\"og:description\" content=\"Home Asesor\u00eda integral para particulares y empresas en Manresa En 2M Assessors, nos especializamos en brindarte soluciones pr\u00e1cticas y eficaces, adaptadas a tus necesidades, para que puedas tomar decisiones informadas y gestionar con \u00e9xito tus asuntos personales o empresariales. Nuestros servicios jur\u00eddicos, fiscales, contables y de gesti\u00f3n Administraci\u00f3n de fincas y comunidades Gestionamos comunidades de [&hellip;]\" \/>\n<meta property=\"og:url\" content=\"https:\/\/dosmassessors.com\/ca\/asesoria\/\" \/>\n<meta property=\"og:site_name\" content=\"2M Assessors\" \/>\n<meta property=\"article:modified_time\" content=\"2024-12-17T10:26:24+00:00\" \/>\n<meta property=\"og:image\" content=\"https:\/\/dosmassessors.com\/wp-content\/uploads\/2024\/12\/3.jpg\" \/>\n\t<meta property=\"og:image:width\" content=\"1920\" \/>\n\t<meta property=\"og:image:height\" content=\"1080\" \/>\n\t<meta property=\"og:image:type\" content=\"image\/jpeg\" \/>\n<meta name=\"twitter:card\" content=\"summary_large_image\" \/>\n<meta name=\"twitter:label1\" content=\"Temps estimat de lectura\" \/>\n\t<meta name=\"twitter:data1\" content=\"1 minut\" \/>\n<script type=\"application\/ld+json\" class=\"yoast-schema-graph\">{\"@context\":\"https:\/\/schema.org\",\"@graph\":[{\"@type\":\"WebPage\",\"@id\":\"https:\/\/dosmassessors.com\/asesoria\/\",\"url\":\"https:\/\/dosmassessors.com\/asesoria\/\",\"name\":\"Asesor\u00eda - 2M Assessors\",\"isPartOf\":{\"@id\":\"https:\/\/dosmassessors.com\/#website\"},\"primaryImageOfPage\":{\"@id\":\"https:\/\/dosmassessors.com\/asesoria\/#primaryimage\"},\"image\":{\"@id\":\"https:\/\/dosmassessors.com\/asesoria\/#primaryimage\"},\"thumbnailUrl\":\"https:\/\/dosmassessors.com\/wp-content\/uploads\/2024\/12\/3-1024x576.jpg\",\"datePublished\":\"2024-12-10T08:37:28+00:00\",\"dateModified\":\"2024-12-17T10:26:24+00:00\",\"breadcrumb\":{\"@id\":\"https:\/\/dosmassessors.com\/asesoria\/#breadcrumb\"},\"inLanguage\":\"ca\",\"potentialAction\":[{\"@type\":\"ReadAction\",\"target\":[\"https:\/\/dosmassessors.com\/asesoria\/\"]}]},{\"@type\":\"ImageObject\",\"inLanguage\":\"ca\",\"@id\":\"https:\/\/dosmassessors.com\/asesoria\/#primaryimage\",\"url\":\"https:\/\/dosmassessors.com\/wp-content\/uploads\/2024\/12\/3-1024x576.jpg\",\"contentUrl\":\"https:\/\/dosmassessors.com\/wp-content\/uploads\/2024\/12\/3-1024x576.jpg\"},{\"@type\":\"BreadcrumbList\",\"@id\":\"https:\/\/dosmassessors.com\/asesoria\/#breadcrumb\",\"itemListElement\":[{\"@type\":\"ListItem\",\"position\":1,\"name\":\"Portada\",\"item\":\"https:\/\/dosmassessors.com\/\"},{\"@type\":\"ListItem\",\"position\":2,\"name\":\"Asesor\u00eda\"}]},{\"@type\":\"WebSite\",\"@id\":\"https:\/\/dosmassessors.com\/#website\",\"url\":\"https:\/\/dosmassessors.com\/\",\"name\":\"2M Assessors\",\"description\":\"Tu asesor\u00eda de confianza para particulares y empresas en Manresa\",\"publisher\":{\"@id\":\"https:\/\/dosmassessors.com\/#organization\"},\"potentialAction\":[{\"@type\":\"SearchAction\",\"target\":{\"@type\":\"EntryPoint\",\"urlTemplate\":\"https:\/\/dosmassessors.com\/?s={search_term_string}\"},\"query-input\":{\"@type\":\"PropertyValueSpecification\",\"valueRequired\":true,\"valueName\":\"search_term_string\"}}],\"inLanguage\":\"ca\"},{\"@type\":\"Organization\",\"@id\":\"https:\/\/dosmassessors.com\/#organization\",\"name\":\"2M Assessors\",\"url\":\"https:\/\/dosmassessors.com\/\",\"logo\":{\"@type\":\"ImageObject\",\"inLanguage\":\"ca\",\"@id\":\"https:\/\/dosmassessors.com\/#\/schema\/logo\/image\/\",\"url\":\"https:\/\/dosmassessors.com\/wp-content\/uploads\/2024\/12\/2m.png\",\"contentUrl\":\"https:\/\/dosmassessors.com\/wp-content\/uploads\/2024\/12\/2m.png\",\"width\":1113,\"height\":123,\"caption\":\"2M Assessors\"},\"image\":{\"@id\":\"https:\/\/dosmassessors.com\/#\/schema\/logo\/image\/\"}}]}<\/script>\n<!-- \/ Yoast SEO plugin. -->","yoast_head_json":{"title":"Asesor\u00eda - 2M Assessors","robots":{"index":"index","follow":"follow","max-snippet":"max-snippet:-1","max-image-preview":"max-image-preview:large","max-video-preview":"max-video-preview:-1"},"canonical":"https:\/\/dosmassessors.com\/ca\/asesoria\/","og_locale":"ca_ES","og_type":"article","og_title":"Asesor\u00eda - 2M Assessors","og_description":"Home Asesor\u00eda integral para particulares y empresas en Manresa En 2M Assessors, nos especializamos en brindarte soluciones pr\u00e1cticas y eficaces, adaptadas a tus necesidades, para que puedas tomar decisiones informadas y gestionar con \u00e9xito tus asuntos personales o empresariales. Nuestros servicios jur\u00eddicos, fiscales, contables y de gesti\u00f3n Administraci\u00f3n de fincas y comunidades Gestionamos comunidades de [&hellip;]","og_url":"https:\/\/dosmassessors.com\/ca\/asesoria\/","og_site_name":"2M Assessors","article_modified_time":"2024-12-17T10:26:24+00:00","og_image":[{"width":1920,"height":1080,"url":"https:\/\/dosmassessors.com\/wp-content\/uploads\/2024\/12\/3.jpg","type":"image\/jpeg"}],"twitter_card":"summary_large_image","twitter_misc":{"Temps estimat de lectura":"1 minut"},"schema":{"@context":"https:\/\/schema.org","@graph":[{"@type":"WebPage","@id":"https:\/\/dosmassessors.com\/asesoria\/","url":"https:\/\/dosmassessors.com\/asesoria\/","name":"Asesor\u00eda - 2M Assessors","isPartOf":{"@id":"https:\/\/dosmassessors.com\/#website"},"primaryImageOfPage":{"@id":"https:\/\/dosmassessors.com\/asesoria\/#primaryimage"},"image":{"@id":"https:\/\/dosmassessors.com\/asesoria\/#primaryimage"},"thumbnailUrl":"https:\/\/dosmassessors.com\/wp-content\/uploads\/2024\/12\/3-1024x576.jpg","datePublished":"2024-12-10T08:37:28+00:00","dateModified":"2024-12-17T10:26:24+00:00","breadcrumb":{"@id":"https:\/\/dosmassessors.com\/asesoria\/#breadcrumb"},"inLanguage":"ca","potentialAction":[{"@type":"ReadAction","target":["https:\/\/dosmassessors.com\/asesoria\/"]}]},{"@type":"ImageObject","inLanguage":"ca","@id":"https:\/\/dosmassessors.com\/asesoria\/#primaryimage","url":"https:\/\/dosmassessors.com\/wp-content\/uploads\/2024\/12\/3-1024x576.jpg","contentUrl":"https:\/\/dosmassessors.com\/wp-content\/uploads\/2024\/12\/3-1024x576.jpg"},{"@type":"BreadcrumbList","@id":"https:\/\/dosmassessors.com\/asesoria\/#breadcrumb","itemListElement":[{"@type":"ListItem","position":1,"name":"Portada","item":"https:\/\/dosmassessors.com\/"},{"@type":"ListItem","position":2,"name":"Asesor\u00eda"}]},{"@type":"WebSite","@id":"https:\/\/dosmassessors.com\/#website","url":"https:\/\/dosmassessors.com\/","name":"2M Assessors","description":"Tu asesor\u00eda de confianza para particulares y empresas en Manresa","publisher":{"@id":"https:\/\/dosmassessors.com\/#organization"},"potentialAction":[{"@type":"SearchAction","target":{"@type":"EntryPoint","urlTemplate":"https:\/\/dosmassessors.com\/?s={search_term_string}"},"query-input":{"@type":"PropertyValueSpecification","valueRequired":true,"valueName":"search_term_string"}}],"inLanguage":"ca"},{"@type":"Organization","@id":"https:\/\/dosmassessors.com\/#organization","name":"2M Assessors","url":"https:\/\/dosmassessors.com\/","logo":{"@type":"ImageObject","inLanguage":"ca","@id":"https:\/\/dosmassessors.com\/#\/schema\/logo\/image\/","url":"https:\/\/dosmassessors.com\/wp-content\/uploads\/2024\/12\/2m.png","contentUrl":"https:\/\/dosmassessors.com\/wp-content\/uploads\/2024\/12\/2m.png","width":1113,"height":123,"caption":"2M Assessors"},"image":{"@id":"https:\/\/dosmassessors.com\/#\/schema\/logo\/image\/"}}]}},"_links":{"self":[{"href":"https:\/\/dosmassessors.com\/ca\/wp-json\/wp\/v2\/pages\/46","targetHints":{"allow":["GET"]}}],"collection":[{"href":"https:\/\/dosmassessors.com\/ca\/wp-json\/wp\/v2\/pages"}],"about":[{"href":"https:\/\/dosmassessors.com\/ca\/wp-json\/wp\/v2\/types\/page"}],"author":[{"embeddable":true,"href":"https:\/\/dosmassessors.com\/ca\/wp-json\/wp\/v2\/users\/2"}],"replies":[{"embeddable":true,"href":"https:\/\/dosmassessors.com\/ca\/wp-json\/wp\/v2\/comments?post=46"}],"version-history":[{"count":88,"href":"https:\/\/dosmassessors.com\/ca\/wp-json\/wp\/v2\/pages\/46\/revisions"}],"predecessor-version":[{"id":1473,"href":"https:\/\/dosmassessors.com\/ca\/wp-json\/wp\/v2\/pages\/46\/revisions\/1473"}],"wp:attachment":[{"href":"https:\/\/dosmassessors.com\/ca\/wp-json\/wp\/v2\/media?parent=46"}],"curies":[{"name":"wp","href":"https:\/\/api.w.org\/{rel}","templated":true}]}}