{"id":1872,"date":"2025-09-29T20:58:42","date_gmt":"2025-09-29T18:58:42","guid":{"rendered":"https:\/\/dosmassessors.com\/?page_id=1872"},"modified":"2025-09-29T21:03:08","modified_gmt":"2025-09-29T19:03:08","slug":"asesoria-para-empresas","status":"publish","type":"page","link":"https:\/\/dosmassessors.com\/ca\/asesoria-para-empresas\/","title":{"rendered":"Assessoria per a empreses"},"content":{"rendered":"<div data-elementor-type=\"wp-page\" data-elementor-id=\"1872\" class=\"elementor elementor-1872\" data-elementor-post-type=\"page\">\n\t\t\t\t<div class=\"elementor-element elementor-element-4a5865a e-flex e-con-boxed e-con e-parent\" data-id=\"4a5865a\" data-element_type=\"container\">\n\t\t\t\t\t<div class=\"e-con-inner\">\n\t\t\t\t<div class=\"elementor-element elementor-element-d98785a elementor-widget elementor-widget-heading\" data-id=\"d98785a\" data-element_type=\"widget\" data-widget_type=\"heading.default\">\n\t\t\t\t<div class=\"elementor-widget-container\">\n\t\t\t<h2 class=\"elementor-heading-title elementor-size-default\">Assessoria per a empreses<\/h2>\t\t<\/div>\n\t\t\t\t<\/div>\n\t\t\t\t\t<\/div>\n\t\t\t\t<\/div>\n\t\t<div class=\"elementor-element elementor-element-0021edb e-flex e-con-boxed e-con e-parent\" data-id=\"0021edb\" data-element_type=\"container\">\n\t\t\t\t\t<div class=\"e-con-inner\">\n\t\t<div class=\"elementor-element elementor-element-749c995 e-con-full e-flex e-con e-child\" data-id=\"749c995\" data-element_type=\"container\">\n\t\t\t\t<div class=\"elementor-element elementor-element-ea4a6b5 elementor-widget elementor-widget-text-editor\" data-id=\"ea4a6b5\" data-element_type=\"widget\" data-widget_type=\"text-editor.default\">\n\t\t\t\t<div class=\"elementor-widget-container\">\n\t\t\t\t\t\t\t<h2 data-start=\"202\" data-end=\"281\">Assessoria per a empreses: una decisi\u00f3 estrat\u00e8gica per cr\u00e9ixer amb seguretat<\/h2><p data-start=\"282\" data-end=\"719\">A l&#039;entorn econ\u00f2mic i legal actual, comptar amb una <strong data-start=\"337\" data-end=\"363\">assessoria per a empreses<\/strong> especialitzada no \u00e9s nom\u00e9s un avantatge, sin\u00f3 una necessitat. Les normatives fiscals, laborals i comptables canvien amb freq\u00fc\u00e8ncia, i adaptar-s&#039;hi exigeix temps, coneixement i precisi\u00f3. Sense una gesti\u00f3 adequada, qualsevol error es pot traduir en sancions, p\u00e8rdues econ\u00f2miques o decisions mal fonamentades que comprometin el futur del teu negoci.<\/p><p data-start=\"721\" data-end=\"1271\">Optar per un equip expert en <strong data-start=\"752\" data-end=\"778\">assessoria per a empreses<\/strong> \u00e9s una decisi\u00f3 estrat\u00e8gica, ja que no sols garanteix el compliment legal, sin\u00f3 que tamb\u00e9 ofereix una visi\u00f3 global del negoci. A 2M Assessors ajudem que els empresaris i directius puguin prendre decisions informades, confiant que cada pas est\u00e0 recolzat per professionals que coneixen a fons la legislaci\u00f3 vigent i les particularitats del mercat local. La seguretat jur\u00eddica i financera que oferim es converteix en una base s\u00f2lida sobre la qual construir creixement.<\/p>\t\t\t\t\t\t<\/div>\n\t\t\t\t<\/div>\n\t\t\t\t<\/div>\n\t\t<div class=\"elementor-element elementor-element-1b2ea0d e-con-full e-flex e-con e-child\" data-id=\"1b2ea0d\" data-element_type=\"container\">\n\t\t\t\t<div class=\"elementor-element elementor-element-ad84602 elementor-widget elementor-widget-image\" data-id=\"ad84602\" data-element_type=\"widget\" data-widget_type=\"image.default\">\n\t\t\t\t<div class=\"elementor-widget-container\">\n\t\t\t\t\t\t\t\t\t\t\t\t\t<img fetchpriority=\"high\" decoding=\"async\" width=\"800\" height=\"566\" src=\"https:\/\/dosmassessors.com\/wp-content\/uploads\/2025\/07\/asesoria-fiscal-sabadell-1024x724.jpg\" class=\"attachment-large size-large wp-image-1759\" alt=\"\" srcset=\"https:\/\/dosmassessors.com\/wp-content\/uploads\/2025\/07\/asesoria-fiscal-sabadell-1024x724.jpg 1024w, https:\/\/dosmassessors.com\/wp-content\/uploads\/2025\/07\/asesoria-fiscal-sabadell-300x212.jpg 300w, https:\/\/dosmassessors.com\/wp-content\/uploads\/2025\/07\/asesoria-fiscal-sabadell-768x543.jpg 768w, https:\/\/dosmassessors.com\/wp-content\/uploads\/2025\/07\/asesoria-fiscal-sabadell-1536x1086.jpg 1536w, https:\/\/dosmassessors.com\/wp-content\/uploads\/2025\/07\/asesoria-fiscal-sabadell-18x12.jpg 18w, https:\/\/dosmassessors.com\/wp-content\/uploads\/2025\/07\/asesoria-fiscal-sabadell.jpg 2000w\" sizes=\"(max-width: 800px) 100vw, 800px\" \/>\t\t\t\t\t\t\t\t\t\t\t\t\t<\/div>\n\t\t\t\t<\/div>\n\t\t\t\t<\/div>\n\t\t\t\t\t<\/div>\n\t\t\t\t<\/div>\n\t\t<div class=\"elementor-element elementor-element-eca4bf0 e-flex e-con-boxed e-con e-parent\" data-id=\"eca4bf0\" data-element_type=\"container\">\n\t\t\t\t\t<div class=\"e-con-inner\">\n\t\t<div class=\"elementor-element elementor-element-609d252 e-con-full e-flex e-con e-child\" data-id=\"609d252\" data-element_type=\"container\">\n\t\t\t\t<div class=\"elementor-element elementor-element-53ca675 elementor-widget elementor-widget-image\" data-id=\"53ca675\" data-element_type=\"widget\" data-widget_type=\"image.default\">\n\t\t\t\t<div class=\"elementor-widget-container\">\n\t\t\t\t\t\t\t\t\t\t\t\t\t<img decoding=\"async\" width=\"800\" height=\"566\" src=\"https:\/\/dosmassessors.com\/wp-content\/uploads\/2025\/08\/contratos-despidos-1024x724.jpg\" class=\"attachment-large size-large wp-image-1820\" alt=\"\" srcset=\"https:\/\/dosmassessors.com\/wp-content\/uploads\/2025\/08\/contratos-despidos-1024x724.jpg 1024w, https:\/\/dosmassessors.com\/wp-content\/uploads\/2025\/08\/contratos-despidos-300x212.jpg 300w, https:\/\/dosmassessors.com\/wp-content\/uploads\/2025\/08\/contratos-despidos-768x543.jpg 768w, https:\/\/dosmassessors.com\/wp-content\/uploads\/2025\/08\/contratos-despidos-1536x1086.jpg 1536w, https:\/\/dosmassessors.com\/wp-content\/uploads\/2025\/08\/contratos-despidos-18x12.jpg 18w, https:\/\/dosmassessors.com\/wp-content\/uploads\/2025\/08\/contratos-despidos.jpg 2000w\" sizes=\"(max-width: 800px) 100vw, 800px\" \/>\t\t\t\t\t\t\t\t\t\t\t\t\t<\/div>\n\t\t\t\t<\/div>\n\t\t\t\t<\/div>\n\t\t<div class=\"elementor-element elementor-element-7b2f83e e-con-full e-flex e-con e-child\" data-id=\"7b2f83e\" data-element_type=\"container\">\n\t\t\t\t<div class=\"elementor-element elementor-element-940145f elementor-widget elementor-widget-text-editor\" data-id=\"940145f\" data-element_type=\"widget\" data-widget_type=\"text-editor.default\">\n\t\t\t\t<div class=\"elementor-widget-container\">\n\t\t\t\t\t\t\t<h2 data-start=\"1273\" data-end=\"1345\">Assessoria per a empreses: la clau per optimitzar recursos i processos<\/h2><p data-start=\"1346\" data-end=\"1649\">La <strong data-start=\"1349\" data-end=\"1375\">assessoria per a empreses<\/strong> no es limita a preparar declaracions fiscals o elaborar balan\u00e7os comptables; va molt m\u00e9s enll\u00e0. En realitat, \u00e9s un servei integral que permet optimitzar recursos, reduir costos innecessaris i millorar l&#039;efici\u00e8ncia en els processos interns de l&#039;organitzaci\u00f3.<\/p><p data-start=\"1651\" data-end=\"2075\">A 2M Assessors acompanyem cada client en \u00e0rees com la fiscalitat, la comptabilitat, la gesti\u00f3 laboral i la planificaci\u00f3 estrat\u00e8gica. El nostre objectiu \u00e9s que cada empresa pugui dedicar els seus esfor\u00e7os a all\u00f2 que realment importa: fer cr\u00e9ixer la seva activitat. Mentrestant, el nostre equip s&#039;encarrega de resoldre els aspectes t\u00e8cnics i legals que poden ser complexos i que requereixen un coneixement especialitzat.<\/p><p data-start=\"2077\" data-end=\"2413\">En confiar en una <strong data-start=\"2095\" data-end=\"2121\">assessoria per a empreses<\/strong> com la nostra, les organitzacions tamb\u00e9 accedeixen a un suport constant a la presa de decisions. Ja sigui una ampliaci\u00f3 de negoci, una inversi\u00f3 o la gesti\u00f3 d&#039;una crisi, el nostre assessorament aporta claredat i seguretat per actuar en el moment adequat i amb l&#039;estrat\u00e8gia correcta.<\/p>\t\t\t\t\t\t<\/div>\n\t\t\t\t<\/div>\n\t\t\t\t<\/div>\n\t\t\t\t\t<\/div>\n\t\t\t\t<\/div>\n\t\t<div class=\"elementor-element elementor-element-30f9045 e-flex e-con-boxed e-con e-parent\" data-id=\"30f9045\" data-element_type=\"container\">\n\t\t\t\t\t<div class=\"e-con-inner\">\n\t\t\t\t<div class=\"elementor-element elementor-element-741e6da elementor-widget elementor-widget-text-editor\" data-id=\"741e6da\" data-element_type=\"widget\" data-widget_type=\"text-editor.default\">\n\t\t\t\t<div class=\"elementor-widget-container\">\n\t\t\t\t\t\t\t<h2 data-start=\"2415\" data-end=\"2489\">Assessoria per a empreses: per qu\u00e8 triar l&#039;experi\u00e8ncia de 2M Assessors<\/h2><p data-start=\"2490\" data-end=\"2895\">La difer\u00e8ncia entre una gesti\u00f3 empresarial efica\u00e7 i una que genera problemes \u00e9s la qualitat de l&#039;assessorament rebut. A 2M Assessors oferim una <strong data-start=\"2645\" data-end=\"2671\">assessoria per a empreses<\/strong> propera, personalitzada i basada en m\u00e9s de dues d\u00e8cades dexperi\u00e8ncia. Coneixem la realitat dels negocis de Manresa i el seu entorn, cosa que ens permet adaptar les nostres solucions a les necessitats reals de cada client.<\/p><p data-start=\"2897\" data-end=\"3250\">La nostra filosofia \u00e9s simple: cada empresa \u00e9s \u00fanica, i per tant mereix un servei a mida. Per aix\u00f2, treballem amb un enfocament integral, escoltant, analitzant i proposant solucions pr\u00e0ctiques que aportin valor immediat. La confian\u00e7a que els nostres clients dipositen en nosaltres \u00e9s el millor aval de la qualitat de la nostra <strong data-start=\"3221\" data-end=\"3247\">assessoria per a empreses<\/strong>.<\/p><p data-start=\"3252\" data-end=\"3556\">Triar 2M Assessors vol dir tenir la tranquil\u00b7litat que totes les \u00e0rees clau del negoci \u2014fiscal, comptable i laboral\u2014 estan en mans d&#039;experts. Per\u00f2 tamb\u00e9 implica comptar amb un soci estrat\u00e8gic que t&#039;acompanya a cada pas, amb el comprom\u00eds d&#039;aportar solucions clares, \u00e0gils i efectives.<\/p>\t\t\t\t\t\t<\/div>\n\t\t\t\t<\/div>\n\t\t\t\t\t<\/div>\n\t\t\t\t<\/div>\n\t\t<div class=\"elementor-element elementor-element-943e2bb e-flex e-con-boxed e-con e-parent\" data-id=\"943e2bb\" data-element_type=\"container\">\n\t\t\t\t\t<div class=\"e-con-inner\">\n\t\t<div class=\"elementor-element elementor-element-9d71a6a e-con-full e-flex e-con e-child\" data-id=\"9d71a6a\" data-element_type=\"container\">\n\t\t\t\t<div class=\"elementor-element elementor-element-ba6eaef elementor-widget elementor-widget-heading\" data-id=\"ba6eaef\" data-element_type=\"widget\" data-widget_type=\"heading.default\">\n\t\t\t\t<div class=\"elementor-widget-container\">\n\t\t\t<h2 class=\"elementor-heading-title elementor-size-default\">Estem per ajudar-te <\/h2>\t\t<\/div>\n\t\t\t\t<\/div>\n\t\t\t\t<\/div>\n\t\t\t\t\t<\/div>\n\t\t\t\t<\/div>\n\t\t<div class=\"elementor-element elementor-element-6cb0f09 e-flex e-con-boxed e-con e-parent\" data-id=\"6cb0f09\" data-element_type=\"container\">\n\t\t\t\t\t<div class=\"e-con-inner\">\n\t\t<div class=\"elementor-element elementor-element-de71f38 e-con-full e-flex e-con e-child\" data-id=\"de71f38\" data-element_type=\"container\" data-settings=\"{&quot;background_background&quot;:&quot;classic&quot;}\">\n\t\t\t\t<div class=\"elementor-element elementor-element-970b607 elementor-button-align-stretch elementor-widget elementor-widget-form\" data-id=\"970b607\" data-element_type=\"widget\" data-settings=\"{&quot;button_width&quot;:&quot;50&quot;,&quot;step_next_label&quot;:&quot;Next&quot;,&quot;step_previous_label&quot;:&quot;Previous&quot;,&quot;step_type&quot;:&quot;number_text&quot;,&quot;step_icon_shape&quot;:&quot;circle&quot;}\" data-widget_type=\"form.default\">\n\t\t\t\t<div class=\"elementor-widget-container\">\n\t\t\t\t\t<form class=\"elementor-form\" method=\"post\" name=\"New Form\" action=\"\">\n\t\t\t<input type=\"hidden\" name=\"post_id\" value=\"1872\"\/>\n\t\t\t<input type=\"hidden\" name=\"form_id\" value=\"970b607\"\/>\n\t\t\t<input type=\"hidden\" name=\"referer_title\" value=\"Asesor\u00eda para empresas - 2M Assessors\" \/>\n\n\t\t\t\t\t\t\t<input type=\"hidden\" name=\"queried_id\" value=\"1872\"\/>\n\t\t\t\n\t\t\t<div class=\"elementor-form-fields-wrapper elementor-labels-above\">\n\t\t\t\t\t\t\t\t<div class=\"elementor-field-type-text elementor-field-group elementor-column elementor-field-group-name elementor-col-50 elementor-field-required\">\n\t\t\t\t\t\t\t\t\t\t\t\t<label for=\"form-field-name\" class=\"elementor-field-label\">\n\t\t\t\t\t\t\t\tNom\t\t\t\t\t\t\t<\/label>\n\t\t\t\t\t\t\t\t\t\t\t\t\t\t<input size=\"1\" type=\"text\" name=\"form_fields[name]\" id=\"form-field-name\" class=\"elementor-field elementor-size-md  elementor-field-textual\" placeholder=\"Nom *\" required=\"required\" aria-required=\"true\">\n\t\t\t\t\t\t\t\t\t\t\t<\/div>\n\t\t\t\t\t\t\t\t<div class=\"elementor-field-type-text elementor-field-group elementor-column elementor-field-group-field_4b65802 elementor-col-50 elementor-field-required\">\n\t\t\t\t\t\t\t\t\t\t\t\t<label for=\"form-field-field_4b65802\" class=\"elementor-field-label\">\n\t\t\t\t\t\t\t\tAssumpte\t\t\t\t\t\t\t<\/label>\n\t\t\t\t\t\t\t\t\t\t\t\t\t\t<input size=\"1\" type=\"text\" name=\"form_fields[field_4b65802]\" id=\"form-field-field_4b65802\" class=\"elementor-field elementor-size-md  elementor-field-textual\" placeholder=\"Assumpte *\" required=\"required\" aria-required=\"true\">\n\t\t\t\t\t\t\t\t\t\t\t<\/div>\n\t\t\t\t\t\t\t\t<div class=\"elementor-field-type-email elementor-field-group elementor-column elementor-field-group-email elementor-col-50 elementor-field-required\">\n\t\t\t\t\t\t\t\t\t\t\t\t<label for=\"form-field-email\" class=\"elementor-field-label\">\n\t\t\t\t\t\t\t\tEmail\t\t\t\t\t\t\t<\/label>\n\t\t\t\t\t\t\t\t\t\t\t\t\t\t<input size=\"1\" type=\"email\" name=\"form_fields[email]\" id=\"form-field-email\" class=\"elementor-field elementor-size-md  elementor-field-textual\" placeholder=\"Email *\" required=\"required\" aria-required=\"true\">\n\t\t\t\t\t\t\t\t\t\t\t<\/div>\n\t\t\t\t\t\t\t\t<div class=\"elementor-field-type-tel elementor-field-group elementor-column elementor-field-group-field_ce6273e elementor-col-50 elementor-field-required\">\n\t\t\t\t\t\t\t\t\t\t\t\t<label for=\"form-field-field_ce6273e\" class=\"elementor-field-label\">\n\t\t\t\t\t\t\t\tTel\u00e8fon\t\t\t\t\t\t\t<\/label>\n\t\t\t\t\t\t\t\t<input size=\"1\" type=\"tel\" name=\"form_fields[field_ce6273e]\" id=\"form-field-field_ce6273e\" class=\"elementor-field elementor-size-md  elementor-field-textual\" placeholder=\"Tel\u00e8fon *\" required=\"required\" aria-required=\"true\" pattern=\"[0-9()#&amp;+*-=.]+\" title=\"Nom\u00e9s s&#039;accepten n\u00fameros i car\u00e0cters telef\u00f2nics (#, -, *, etc.).\">\n\n\t\t\t\t\t\t<\/div>\n\t\t\t\t\t\t\t\t<div class=\"elementor-field-type-textarea elementor-field-group elementor-column elementor-field-group-message elementor-col-100 elementor-field-required\">\n\t\t\t\t\t\t\t\t\t\t\t\t<label for=\"form-field-message\" class=\"elementor-field-label\">\n\t\t\t\t\t\t\t\tMissatge\t\t\t\t\t\t\t<\/label>\n\t\t\t\t\t\t<textarea class=\"elementor-field-textual elementor-field  elementor-size-md\" name=\"form_fields[message]\" id=\"form-field-message\" rows=\"4\" placeholder=\"Missatge *\" required=\"required\" aria-required=\"true\"><\/textarea>\t\t\t\t<\/div>\n\t\t\t\t\t\t\t\t<div class=\"elementor-field-type-checkbox elementor-field-group elementor-column elementor-field-group-field_98fe05b elementor-col-100\">\n\t\t\t\t\t<div class=\"elementor-field-subgroup\"><span class=\"elementor-field-option\"><input type=\"checkbox\" value=\"He le\u00eddo el &lt;a href=&quot;\/aviso-legal\/&quot;&gt;aviso legal&lt;\/a&gt; y la &lt;a href=&quot;\/politica-de-privacidad\/&quot;&gt;pol\u00edtica de privacidad&lt;\/a&gt;\" id=\"form-field-field_98fe05b-0\" name=\"form_fields[field_98fe05b]\"> <label for=\"form-field-field_98fe05b-0\">He llegit el <a href=\"\/ca\/aviso-legal\/\">av\u00eds legal<\/a> i la <a href=\"\/ca\/politica-de-privacidad\/\">pol\u00edtica de privadesa<\/a><\/label><\/span><\/div>\t\t\t\t<\/div>\n\t\t\t\t\t\t\t\t<div class=\"elementor-field-type-text\">\n\t\t\t\t\t<input size=\"1\" type=\"text\" name=\"form_fields[field_cb8fcf1]\" id=\"form-field-field_cb8fcf1\" class=\"elementor-field elementor-size-md\" style=\"display:none !important;\">\t\t\t\t<\/div>\n\t\t\t\t\t\t\t\t<div class=\"elementor-field-type-recaptcha_v3 elementor-field-group elementor-column elementor-field-group-field_8a52363 elementor-col-100 recaptcha_v3-bottomleft\">\n\t\t\t\t\t<div class=\"elementor-field\" id=\"form-field-field_8a52363\"><div class=\"elementor-g-recaptcha\" data-sitekey=\"6LfrcroqAAAAAKZJik0oFZZi7Msnx5YJKIiW4xT1\" data-type=\"v3\" data-action=\"Form\" data-badge=\"bottomleft\" data-size=\"invisible\"><\/div><\/div>\t\t\t\t<\/div>\n\t\t\t\t\t\t\t\t<div class=\"elementor-field-group elementor-column elementor-field-type-submit elementor-col-50 e-form__buttons\">\n\t\t\t\t\t<button class=\"elementor-button elementor-size-sm\" type=\"submit\">\n\t\t\t\t\t\t<span class=\"elementor-button-content-wrapper\">\n\t\t\t\t\t\t\t\t\t\t\t\t\t\t\t\t\t\t\t\t\t\t<span class=\"elementor-button-text\">Enviar<\/span>\n\t\t\t\t\t\t\t\t\t\t\t\t\t<\/span>\n\t\t\t\t\t<\/button>\n\t\t\t\t<\/div>\n\t\t\t<\/div>\n\t\t<input type=\"hidden\" name=\"trp-form-language\" value=\"ca\"\/><\/form>\n\t\t\t\t<\/div>\n\t\t\t\t<\/div>\n\t\t\t\t<\/div>\n\t\t\t\t\t<\/div>\n\t\t\t\t<\/div>\n\t\t\t\t<\/div>","protected":false},"excerpt":{"rendered":"<p>Assessoria per a empreses Assessoria per a empreses: una decisi\u00f3 estrat\u00e8gica per cr\u00e9ixer amb seguretat A l&#039;entorn econ\u00f2mic i legal actual, comptar amb una assessoria per a empreses especialitzada no \u00e9s nom\u00e9s un avantatge, sin\u00f3 una necessitat. Les normatives fiscals, laborals i comptables canvien amb freq\u00fc\u00e8ncia, i adaptar-s&#039;hi exigeix temps, coneixement i precisi\u00f3. Sense una [\u2026]<\/p>","protected":false},"author":3,"featured_media":0,"parent":0,"menu_order":0,"comment_status":"closed","ping_status":"closed","template":"","meta":{"footnotes":""},"class_list":["post-1872","page","type-page","status-publish","hentry"],"yoast_head":"<!-- This site is optimized with the Yoast SEO plugin v24.2 - https:\/\/yoast.com\/wordpress\/plugins\/seo\/ -->\n<title>Asesor\u00eda para empresas - 2M Assessors<\/title>\n<meta name=\"robots\" content=\"index, follow, max-snippet:-1, max-image-preview:large, max-video-preview:-1\" \/>\n<link rel=\"canonical\" href=\"https:\/\/dosmassessors.com\/ca\/asesoria-para-empresas\/\" \/>\n<meta property=\"og:locale\" content=\"ca_ES\" \/>\n<meta property=\"og:type\" content=\"article\" \/>\n<meta property=\"og:title\" content=\"Asesor\u00eda para empresas - 2M Assessors\" \/>\n<meta property=\"og:description\" content=\"Asesor\u00eda para empresas Asesor\u00eda para empresas: una decisi\u00f3n estrat\u00e9gica para crecer con seguridad En el entorno econ\u00f3mico y legal actual, contar con una asesor\u00eda para empresas especializada no es solo una ventaja, sino una necesidad. Las normativas fiscales, laborales y contables cambian con frecuencia, y adaptarse a ellas exige tiempo, conocimiento y precisi\u00f3n. Sin una [&hellip;]\" \/>\n<meta property=\"og:url\" content=\"https:\/\/dosmassessors.com\/ca\/asesoria-para-empresas\/\" \/>\n<meta property=\"og:site_name\" content=\"2M Assessors\" \/>\n<meta property=\"article:modified_time\" content=\"2025-09-29T19:03:08+00:00\" \/>\n<meta property=\"og:image\" content=\"https:\/\/dosmassessors.com\/wp-content\/uploads\/2025\/07\/asesoria-fiscal-sabadell.jpg\" \/>\n\t<meta property=\"og:image:width\" content=\"2000\" \/>\n\t<meta property=\"og:image:height\" content=\"1414\" \/>\n\t<meta property=\"og:image:type\" content=\"image\/jpeg\" \/>\n<meta name=\"twitter:card\" content=\"summary_large_image\" \/>\n<meta name=\"twitter:label1\" content=\"Temps estimat de lectura\" \/>\n\t<meta name=\"twitter:data1\" content=\"3 minuts\" \/>\n<script type=\"application\/ld+json\" class=\"yoast-schema-graph\">{\"@context\":\"https:\/\/schema.org\",\"@graph\":[{\"@type\":\"WebPage\",\"@id\":\"https:\/\/dosmassessors.com\/asesoria-para-empresas\/\",\"url\":\"https:\/\/dosmassessors.com\/asesoria-para-empresas\/\",\"name\":\"Asesor\u00eda para empresas - 2M Assessors\",\"isPartOf\":{\"@id\":\"https:\/\/dosmassessors.com\/#website\"},\"primaryImageOfPage\":{\"@id\":\"https:\/\/dosmassessors.com\/asesoria-para-empresas\/#primaryimage\"},\"image\":{\"@id\":\"https:\/\/dosmassessors.com\/asesoria-para-empresas\/#primaryimage\"},\"thumbnailUrl\":\"https:\/\/dosmassessors.com\/wp-content\/uploads\/2025\/07\/asesoria-fiscal-sabadell-1024x724.jpg\",\"datePublished\":\"2025-09-29T18:58:42+00:00\",\"dateModified\":\"2025-09-29T19:03:08+00:00\",\"breadcrumb\":{\"@id\":\"https:\/\/dosmassessors.com\/asesoria-para-empresas\/#breadcrumb\"},\"inLanguage\":\"ca\",\"potentialAction\":[{\"@type\":\"ReadAction\",\"target\":[\"https:\/\/dosmassessors.com\/asesoria-para-empresas\/\"]}]},{\"@type\":\"ImageObject\",\"inLanguage\":\"ca\",\"@id\":\"https:\/\/dosmassessors.com\/asesoria-para-empresas\/#primaryimage\",\"url\":\"https:\/\/dosmassessors.com\/wp-content\/uploads\/2025\/07\/asesoria-fiscal-sabadell-1024x724.jpg\",\"contentUrl\":\"https:\/\/dosmassessors.com\/wp-content\/uploads\/2025\/07\/asesoria-fiscal-sabadell-1024x724.jpg\"},{\"@type\":\"BreadcrumbList\",\"@id\":\"https:\/\/dosmassessors.com\/asesoria-para-empresas\/#breadcrumb\",\"itemListElement\":[{\"@type\":\"ListItem\",\"position\":1,\"name\":\"Portada\",\"item\":\"https:\/\/dosmassessors.com\/\"},{\"@type\":\"ListItem\",\"position\":2,\"name\":\"Asesor\u00eda para empresas\"}]},{\"@type\":\"WebSite\",\"@id\":\"https:\/\/dosmassessors.com\/#website\",\"url\":\"https:\/\/dosmassessors.com\/\",\"name\":\"2M Assessors\",\"description\":\"Tu asesor\u00eda de confianza para particulares y empresas en Manresa\",\"publisher\":{\"@id\":\"https:\/\/dosmassessors.com\/#organization\"},\"potentialAction\":[{\"@type\":\"SearchAction\",\"target\":{\"@type\":\"EntryPoint\",\"urlTemplate\":\"https:\/\/dosmassessors.com\/?s={search_term_string}\"},\"query-input\":{\"@type\":\"PropertyValueSpecification\",\"valueRequired\":true,\"valueName\":\"search_term_string\"}}],\"inLanguage\":\"ca\"},{\"@type\":\"Organization\",\"@id\":\"https:\/\/dosmassessors.com\/#organization\",\"name\":\"2M Assessors\",\"url\":\"https:\/\/dosmassessors.com\/\",\"logo\":{\"@type\":\"ImageObject\",\"inLanguage\":\"ca\",\"@id\":\"https:\/\/dosmassessors.com\/#\/schema\/logo\/image\/\",\"url\":\"https:\/\/dosmassessors.com\/wp-content\/uploads\/2024\/12\/2m.png\",\"contentUrl\":\"https:\/\/dosmassessors.com\/wp-content\/uploads\/2024\/12\/2m.png\",\"width\":1113,\"height\":123,\"caption\":\"2M Assessors\"},\"image\":{\"@id\":\"https:\/\/dosmassessors.com\/#\/schema\/logo\/image\/\"}}]}<\/script>\n<!-- \/ Yoast SEO plugin. -->","yoast_head_json":{"title":"Asesor\u00eda para empresas - 2M Assessors","robots":{"index":"index","follow":"follow","max-snippet":"max-snippet:-1","max-image-preview":"max-image-preview:large","max-video-preview":"max-video-preview:-1"},"canonical":"https:\/\/dosmassessors.com\/ca\/asesoria-para-empresas\/","og_locale":"ca_ES","og_type":"article","og_title":"Asesor\u00eda para empresas - 2M Assessors","og_description":"Asesor\u00eda para empresas Asesor\u00eda para empresas: una decisi\u00f3n estrat\u00e9gica para crecer con seguridad En el entorno econ\u00f3mico y legal actual, contar con una asesor\u00eda para empresas especializada no es solo una ventaja, sino una necesidad. Las normativas fiscales, laborales y contables cambian con frecuencia, y adaptarse a ellas exige tiempo, conocimiento y precisi\u00f3n. Sin una [&hellip;]","og_url":"https:\/\/dosmassessors.com\/ca\/asesoria-para-empresas\/","og_site_name":"2M Assessors","article_modified_time":"2025-09-29T19:03:08+00:00","og_image":[{"width":2000,"height":1414,"url":"https:\/\/dosmassessors.com\/wp-content\/uploads\/2025\/07\/asesoria-fiscal-sabadell.jpg","type":"image\/jpeg"}],"twitter_card":"summary_large_image","twitter_misc":{"Temps estimat de lectura":"3 minuts"},"schema":{"@context":"https:\/\/schema.org","@graph":[{"@type":"WebPage","@id":"https:\/\/dosmassessors.com\/asesoria-para-empresas\/","url":"https:\/\/dosmassessors.com\/asesoria-para-empresas\/","name":"Asesor\u00eda para empresas - 2M Assessors","isPartOf":{"@id":"https:\/\/dosmassessors.com\/#website"},"primaryImageOfPage":{"@id":"https:\/\/dosmassessors.com\/asesoria-para-empresas\/#primaryimage"},"image":{"@id":"https:\/\/dosmassessors.com\/asesoria-para-empresas\/#primaryimage"},"thumbnailUrl":"https:\/\/dosmassessors.com\/wp-content\/uploads\/2025\/07\/asesoria-fiscal-sabadell-1024x724.jpg","datePublished":"2025-09-29T18:58:42+00:00","dateModified":"2025-09-29T19:03:08+00:00","breadcrumb":{"@id":"https:\/\/dosmassessors.com\/asesoria-para-empresas\/#breadcrumb"},"inLanguage":"ca","potentialAction":[{"@type":"ReadAction","target":["https:\/\/dosmassessors.com\/asesoria-para-empresas\/"]}]},{"@type":"ImageObject","inLanguage":"ca","@id":"https:\/\/dosmassessors.com\/asesoria-para-empresas\/#primaryimage","url":"https:\/\/dosmassessors.com\/wp-content\/uploads\/2025\/07\/asesoria-fiscal-sabadell-1024x724.jpg","contentUrl":"https:\/\/dosmassessors.com\/wp-content\/uploads\/2025\/07\/asesoria-fiscal-sabadell-1024x724.jpg"},{"@type":"BreadcrumbList","@id":"https:\/\/dosmassessors.com\/asesoria-para-empresas\/#breadcrumb","itemListElement":[{"@type":"ListItem","position":1,"name":"Portada","item":"https:\/\/dosmassessors.com\/"},{"@type":"ListItem","position":2,"name":"Asesor\u00eda para empresas"}]},{"@type":"WebSite","@id":"https:\/\/dosmassessors.com\/#website","url":"https:\/\/dosmassessors.com\/","name":"2M Assessors","description":"Tu asesor\u00eda de confianza para particulares y empresas en Manresa","publisher":{"@id":"https:\/\/dosmassessors.com\/#organization"},"potentialAction":[{"@type":"SearchAction","target":{"@type":"EntryPoint","urlTemplate":"https:\/\/dosmassessors.com\/?s={search_term_string}"},"query-input":{"@type":"PropertyValueSpecification","valueRequired":true,"valueName":"search_term_string"}}],"inLanguage":"ca"},{"@type":"Organization","@id":"https:\/\/dosmassessors.com\/#organization","name":"2M Assessors","url":"https:\/\/dosmassessors.com\/","logo":{"@type":"ImageObject","inLanguage":"ca","@id":"https:\/\/dosmassessors.com\/#\/schema\/logo\/image\/","url":"https:\/\/dosmassessors.com\/wp-content\/uploads\/2024\/12\/2m.png","contentUrl":"https:\/\/dosmassessors.com\/wp-content\/uploads\/2024\/12\/2m.png","width":1113,"height":123,"caption":"2M Assessors"},"image":{"@id":"https:\/\/dosmassessors.com\/#\/schema\/logo\/image\/"}}]}},"_links":{"self":[{"href":"https:\/\/dosmassessors.com\/ca\/wp-json\/wp\/v2\/pages\/1872","targetHints":{"allow":["GET"]}}],"collection":[{"href":"https:\/\/dosmassessors.com\/ca\/wp-json\/wp\/v2\/pages"}],"about":[{"href":"https:\/\/dosmassessors.com\/ca\/wp-json\/wp\/v2\/types\/page"}],"author":[{"embeddable":true,"href":"https:\/\/dosmassessors.com\/ca\/wp-json\/wp\/v2\/users\/3"}],"replies":[{"embeddable":true,"href":"https:\/\/dosmassessors.com\/ca\/wp-json\/wp\/v2\/comments?post=1872"}],"version-history":[{"count":7,"href":"https:\/\/dosmassessors.com\/ca\/wp-json\/wp\/v2\/pages\/1872\/revisions"}],"predecessor-version":[{"id":1879,"href":"https:\/\/dosmassessors.com\/ca\/wp-json\/wp\/v2\/pages\/1872\/revisions\/1879"}],"wp:attachment":[{"href":"https:\/\/dosmassessors.com\/ca\/wp-json\/wp\/v2\/media?parent=1872"}],"curies":[{"name":"wp","href":"https:\/\/api.w.org\/{rel}","templated":true}]}}