{"id":1841,"date":"2025-09-01T07:55:40","date_gmt":"2025-09-01T05:55:40","guid":{"rendered":"https:\/\/dosmassessors.com\/?page_id=1841"},"modified":"2025-09-01T07:57:47","modified_gmt":"2025-09-01T05:57:47","slug":"contratos-y-despidos","status":"publish","type":"page","link":"https:\/\/dosmassessors.com\/ca\/contratos-y-despidos\/","title":{"rendered":"Contractes i acomiadaments"},"content":{"rendered":"<div data-elementor-type=\"wp-page\" data-elementor-id=\"1841\" class=\"elementor elementor-1841\" data-elementor-post-type=\"page\">\n\t\t\t\t<div class=\"elementor-element elementor-element-32d00b0 e-flex e-con-boxed e-con e-parent\" data-id=\"32d00b0\" data-element_type=\"container\">\n\t\t\t\t\t<div class=\"e-con-inner\">\n\t\t\t\t<div class=\"elementor-element elementor-element-073cc9d elementor-widget elementor-widget-heading\" data-id=\"073cc9d\" data-element_type=\"widget\" data-widget_type=\"heading.default\">\n\t\t\t\t<div class=\"elementor-widget-container\">\n\t\t\t<h2 class=\"elementor-heading-title elementor-size-default\">Contractes i acomiadaments<\/h2>\t\t<\/div>\n\t\t\t\t<\/div>\n\t\t\t\t\t<\/div>\n\t\t\t\t<\/div>\n\t\t<div class=\"elementor-element elementor-element-a064957 e-flex e-con-boxed e-con e-parent\" data-id=\"a064957\" data-element_type=\"container\">\n\t\t\t\t\t<div class=\"e-con-inner\">\n\t\t<div class=\"elementor-element elementor-element-38999b5 e-con-full e-flex e-con e-child\" data-id=\"38999b5\" data-element_type=\"container\">\n\t\t\t\t<div class=\"elementor-element elementor-element-0f6d271 elementor-widget elementor-widget-text-editor\" data-id=\"0f6d271\" data-element_type=\"widget\" data-widget_type=\"text-editor.default\">\n\t\t\t\t<div class=\"elementor-widget-container\">\n\t\t\t\t\t\t\t<h2 data-start=\"303\" data-end=\"386\">Contractes i acomiadaments: per qu\u00e8 \u00e9s essencial comptar amb assessorament professional<\/h2><p data-start=\"387\" data-end=\"854\">Al m\u00f3n laboral, els <strong data-start=\"412\" data-end=\"436\">contractes i acomiadaments<\/strong> s\u00f3n aspectes fonamentals que regulen la relaci\u00f3 entre empleats i ocupadors. Un error en la gesti\u00f3 d\u201fun contracte o en el proc\u00e9s d\u201facomiadament pot derivar en conflictes legals costosos i prolongats. Per aix\u00f2, comptar amb professionals especialitzats, com 2M Assessors, assegura que cada procediment es faci complint amb la normativa vigent i protegint els drets de totes les parts involucrades.<\/p><p data-start=\"856\" data-end=\"1237\">La correcta gesti\u00f3 de <strong data-start=\"879\" data-end=\"903\">contractes i acomiadaments<\/strong> \u00e9s clau per evitar reclamacions laborals i garantir la tranquil\u00b7litat tant d&#039;empleats com d&#039;empreses. El nostre equip analitza cada situaci\u00f3 amb detall, avaluant cl\u00e0usules contractuals, condicions d&#039;ocupaci\u00f3 i possibles escenaris d&#039;acomiadament per oferir solucions clares i efectives que minimitzin riscos i conflictes.<\/p>\t\t\t\t\t\t<\/div>\n\t\t\t\t<\/div>\n\t\t\t\t<\/div>\n\t\t<div class=\"elementor-element elementor-element-70f2c3d e-con-full e-flex e-con e-child\" data-id=\"70f2c3d\" data-element_type=\"container\">\n\t\t\t\t<div class=\"elementor-element elementor-element-66a1bc7 elementor-widget elementor-widget-image\" data-id=\"66a1bc7\" data-element_type=\"widget\" data-widget_type=\"image.default\">\n\t\t\t\t<div class=\"elementor-widget-container\">\n\t\t\t\t\t\t\t\t\t\t\t\t\t<img fetchpriority=\"high\" decoding=\"async\" width=\"800\" height=\"566\" src=\"https:\/\/dosmassessors.com\/wp-content\/uploads\/2025\/08\/Consultoria-fiscal-1-1024x724.jpg\" class=\"attachment-large size-large wp-image-1819\" alt=\"\" srcset=\"https:\/\/dosmassessors.com\/wp-content\/uploads\/2025\/08\/Consultoria-fiscal-1-1024x724.jpg 1024w, https:\/\/dosmassessors.com\/wp-content\/uploads\/2025\/08\/Consultoria-fiscal-1-300x212.jpg 300w, https:\/\/dosmassessors.com\/wp-content\/uploads\/2025\/08\/Consultoria-fiscal-1-768x543.jpg 768w, https:\/\/dosmassessors.com\/wp-content\/uploads\/2025\/08\/Consultoria-fiscal-1-1536x1086.jpg 1536w, https:\/\/dosmassessors.com\/wp-content\/uploads\/2025\/08\/Consultoria-fiscal-1-18x12.jpg 18w, https:\/\/dosmassessors.com\/wp-content\/uploads\/2025\/08\/Consultoria-fiscal-1.jpg 2000w\" sizes=\"(max-width: 800px) 100vw, 800px\" \/>\t\t\t\t\t\t\t\t\t\t\t\t\t<\/div>\n\t\t\t\t<\/div>\n\t\t\t\t<\/div>\n\t\t\t\t\t<\/div>\n\t\t\t\t<\/div>\n\t\t<div class=\"elementor-element elementor-element-7291c27 e-flex e-con-boxed e-con e-parent\" data-id=\"7291c27\" data-element_type=\"container\">\n\t\t\t\t\t<div class=\"e-con-inner\">\n\t\t<div class=\"elementor-element elementor-element-d0d165a e-con-full e-flex e-con e-child\" data-id=\"d0d165a\" data-element_type=\"container\">\n\t\t\t\t<div class=\"elementor-element elementor-element-fbabd04 elementor-widget elementor-widget-image\" data-id=\"fbabd04\" data-element_type=\"widget\" data-widget_type=\"image.default\">\n\t\t\t\t<div class=\"elementor-widget-container\">\n\t\t\t\t\t\t\t\t\t\t\t\t\t<img decoding=\"async\" width=\"800\" height=\"566\" src=\"https:\/\/dosmassessors.com\/wp-content\/uploads\/2025\/07\/gestion-de-nomina-sabadell-1024x724.jpg\" class=\"attachment-large size-large wp-image-1766\" alt=\"\" srcset=\"https:\/\/dosmassessors.com\/wp-content\/uploads\/2025\/07\/gestion-de-nomina-sabadell-1024x724.jpg 1024w, https:\/\/dosmassessors.com\/wp-content\/uploads\/2025\/07\/gestion-de-nomina-sabadell-300x212.jpg 300w, https:\/\/dosmassessors.com\/wp-content\/uploads\/2025\/07\/gestion-de-nomina-sabadell-768x543.jpg 768w, https:\/\/dosmassessors.com\/wp-content\/uploads\/2025\/07\/gestion-de-nomina-sabadell-1536x1086.jpg 1536w, https:\/\/dosmassessors.com\/wp-content\/uploads\/2025\/07\/gestion-de-nomina-sabadell-18x12.jpg 18w, https:\/\/dosmassessors.com\/wp-content\/uploads\/2025\/07\/gestion-de-nomina-sabadell.jpg 2000w\" sizes=\"(max-width: 800px) 100vw, 800px\" \/>\t\t\t\t\t\t\t\t\t\t\t\t\t<\/div>\n\t\t\t\t<\/div>\n\t\t\t\t<\/div>\n\t\t<div class=\"elementor-element elementor-element-fb6430b e-con-full e-flex e-con e-child\" data-id=\"fb6430b\" data-element_type=\"container\">\n\t\t\t\t<div class=\"elementor-element elementor-element-ffde3e7 elementor-widget elementor-widget-text-editor\" data-id=\"ffde3e7\" data-element_type=\"widget\" data-widget_type=\"text-editor.default\">\n\t\t\t\t<div class=\"elementor-widget-container\">\n\t\t\t\t\t\t\t<h2 data-start=\"1239\" data-end=\"1297\">Com gestionem contractes i acomiadaments a 2M Assessors<\/h2><p data-start=\"1298\" data-end=\"1753\">A 2M Assessors entenem que cada cas relacionat amb <strong data-start=\"1355\" data-end=\"1379\">contractes i acomiadaments<\/strong> \u00e9s \u00fanic. El nostre enfocament inclou l&#039;elaboraci\u00f3, la revisi\u00f3 i la modificaci\u00f3 de contractes laborals, assegurant que compleixin amb la legislaci\u00f3 vigent i protegeixin els interessos de l&#039;empresa i del treballador. Tamb\u00e9 assessorem en acomiadaments, ja siguin procedents, improcedents o nuls, garantint que es respectin els drets laborals i evitant problemes legals a futur.<\/p><p data-start=\"1755\" data-end=\"2119\">L&#039;experi\u00e8ncia del nostre equip permet manejar situacions complexes, com a acomiadaments col\u00b7lectius, modificacions de condicions laborals o reclamacions relacionades amb incompliments contractuals. Cada procediment es gestiona amb transpar\u00e8ncia, professionalitat i un enfocament estrat\u00e8gic que cerca solucions r\u00e0pides i satisfact\u00f2ries per als nostres clients.<\/p><p data-start=\"2121\" data-end=\"2428\">A m\u00e9s, 2M Assessors ofereix acompanyament integral a <strong data-start=\"2176\" data-end=\"2200\">contractes i acomiadaments<\/strong>, des de la fase inicial dan\u00e0lisi fins a la resoluci\u00f3 final de qualsevol conflicte. El nostre objectiu \u00e9s protegir les empreses i els empleats, evitant errors que puguin derivar en reclamacions laborals o sancions legals.<\/p>\t\t\t\t\t\t<\/div>\n\t\t\t\t<\/div>\n\t\t\t\t<\/div>\n\t\t\t\t\t<\/div>\n\t\t\t\t<\/div>\n\t\t<div class=\"elementor-element elementor-element-9e23596 e-flex e-con-boxed e-con e-parent\" data-id=\"9e23596\" data-element_type=\"container\">\n\t\t\t\t\t<div class=\"e-con-inner\">\n\t\t\t\t<div class=\"elementor-element elementor-element-7a6b583 elementor-widget elementor-widget-text-editor\" data-id=\"7a6b583\" data-element_type=\"widget\" data-widget_type=\"text-editor.default\">\n\t\t\t\t<div class=\"elementor-widget-container\">\n\t\t\t\t\t\t\t<h2 data-start=\"2430\" data-end=\"2486\">Contractes i acomiadaments: per qu\u00e8 triar 2M Assessors<\/h2><p data-start=\"2487\" data-end=\"2839\">Triar 2M Assessors per gestionar els teus <strong data-start=\"2528\" data-end=\"2552\">contractes i acomiadaments<\/strong> vol dir comptar amb un equip d&#039;experts que combina coneixement legal, experi\u00e8ncia pr\u00e0ctica i atenci\u00f3 personalitzada. Ens assegurem que cada contracte s&#039;ajusti a la normativa i que cada acomiadament es faci de manera justa i segura, protegint els drets de totes les parts.<\/p><p data-start=\"2841\" data-end=\"3271\">El nostre comprom\u00eds \u00e9s oferir un servei professional que previngui conflictes i resolgui problemes de manera efectiva. La gesti\u00f3 de <strong data-start=\"2974\" data-end=\"2998\">contractes i acomiadaments<\/strong> requereix precisi\u00f3, coneixement actualitzat de la legislaci\u00f3 laboral i capacitat per anticipar possibles complicacions. A 2M Assessors comptem amb totes aquestes compet\u00e8ncies i treballem perqu\u00e8 els nostres clients tinguin la tranquil\u00b7litat d&#039;estar en mans d&#039;experts.<\/p><p data-start=\"3273\" data-end=\"3576\">Si busques assessorament especialitzat en <strong data-start=\"3314\" data-end=\"3338\">contractes i acomiadaments<\/strong>, 2M Assessors \u00e9s l&#039;opci\u00f3 ideal. El nostre enfocament integral combina experi\u00e8ncia, professionalitat i proximitat, assegurant que cada procediment es gestioni amb \u00e8xit i garantint la protecci\u00f3 dels teus drets laborals i empresarials.<\/p>\t\t\t\t\t\t<\/div>\n\t\t\t\t<\/div>\n\t\t\t\t\t<\/div>\n\t\t\t\t<\/div>\n\t\t<div class=\"elementor-element elementor-element-5c7d670 e-flex e-con-boxed e-con e-parent\" data-id=\"5c7d670\" data-element_type=\"container\">\n\t\t\t\t\t<div class=\"e-con-inner\">\n\t\t\t\t<div class=\"elementor-element elementor-element-3e4d221 elementor-widget elementor-widget-heading\" data-id=\"3e4d221\" data-element_type=\"widget\" data-widget_type=\"heading.default\">\n\t\t\t\t<div class=\"elementor-widget-container\">\n\t\t\t<h2 class=\"elementor-heading-title elementor-size-default\">Estem per ajudar-te <\/h2>\t\t<\/div>\n\t\t\t\t<\/div>\n\t\t\t\t\t<\/div>\n\t\t\t\t<\/div>\n\t\t<div class=\"elementor-element elementor-element-02232d0 e-flex e-con-boxed e-con e-parent\" data-id=\"02232d0\" data-element_type=\"container\">\n\t\t\t\t\t<div class=\"e-con-inner\">\n\t\t<div class=\"elementor-element elementor-element-fd356ee e-con-full e-flex e-con e-child\" data-id=\"fd356ee\" data-element_type=\"container\" data-settings=\"{&quot;background_background&quot;:&quot;classic&quot;}\">\n\t\t\t\t<div class=\"elementor-element elementor-element-a2deebd elementor-button-align-stretch elementor-widget elementor-widget-form\" data-id=\"a2deebd\" data-element_type=\"widget\" data-settings=\"{&quot;button_width&quot;:&quot;50&quot;,&quot;step_next_label&quot;:&quot;Next&quot;,&quot;step_previous_label&quot;:&quot;Previous&quot;,&quot;step_type&quot;:&quot;number_text&quot;,&quot;step_icon_shape&quot;:&quot;circle&quot;}\" data-widget_type=\"form.default\">\n\t\t\t\t<div class=\"elementor-widget-container\">\n\t\t\t\t\t<form class=\"elementor-form\" method=\"post\" name=\"New Form\" action=\"\">\n\t\t\t<input type=\"hidden\" name=\"post_id\" value=\"1841\"\/>\n\t\t\t<input type=\"hidden\" name=\"form_id\" value=\"a2deebd\"\/>\n\t\t\t<input type=\"hidden\" name=\"referer_title\" value=\"Contratos y despidos - 2M Assessors\" \/>\n\n\t\t\t\t\t\t\t<input type=\"hidden\" name=\"queried_id\" value=\"1841\"\/>\n\t\t\t\n\t\t\t<div class=\"elementor-form-fields-wrapper elementor-labels-above\">\n\t\t\t\t\t\t\t\t<div class=\"elementor-field-type-text elementor-field-group elementor-column elementor-field-group-name elementor-col-50 elementor-field-required\">\n\t\t\t\t\t\t\t\t\t\t\t\t<label for=\"form-field-name\" class=\"elementor-field-label\">\n\t\t\t\t\t\t\t\tNom\t\t\t\t\t\t\t<\/label>\n\t\t\t\t\t\t\t\t\t\t\t\t\t\t<input size=\"1\" type=\"text\" name=\"form_fields[name]\" id=\"form-field-name\" class=\"elementor-field elementor-size-md  elementor-field-textual\" placeholder=\"Nom *\" required=\"required\" aria-required=\"true\">\n\t\t\t\t\t\t\t\t\t\t\t<\/div>\n\t\t\t\t\t\t\t\t<div class=\"elementor-field-type-text elementor-field-group elementor-column elementor-field-group-field_4b65802 elementor-col-50 elementor-field-required\">\n\t\t\t\t\t\t\t\t\t\t\t\t<label for=\"form-field-field_4b65802\" class=\"elementor-field-label\">\n\t\t\t\t\t\t\t\tAssumpte\t\t\t\t\t\t\t<\/label>\n\t\t\t\t\t\t\t\t\t\t\t\t\t\t<input size=\"1\" type=\"text\" name=\"form_fields[field_4b65802]\" id=\"form-field-field_4b65802\" class=\"elementor-field elementor-size-md  elementor-field-textual\" placeholder=\"Assumpte *\" required=\"required\" aria-required=\"true\">\n\t\t\t\t\t\t\t\t\t\t\t<\/div>\n\t\t\t\t\t\t\t\t<div class=\"elementor-field-type-email elementor-field-group elementor-column elementor-field-group-email elementor-col-50 elementor-field-required\">\n\t\t\t\t\t\t\t\t\t\t\t\t<label for=\"form-field-email\" class=\"elementor-field-label\">\n\t\t\t\t\t\t\t\tEmail\t\t\t\t\t\t\t<\/label>\n\t\t\t\t\t\t\t\t\t\t\t\t\t\t<input size=\"1\" type=\"email\" name=\"form_fields[email]\" id=\"form-field-email\" class=\"elementor-field elementor-size-md  elementor-field-textual\" placeholder=\"Email *\" required=\"required\" aria-required=\"true\">\n\t\t\t\t\t\t\t\t\t\t\t<\/div>\n\t\t\t\t\t\t\t\t<div class=\"elementor-field-type-tel elementor-field-group elementor-column elementor-field-group-field_ce6273e elementor-col-50 elementor-field-required\">\n\t\t\t\t\t\t\t\t\t\t\t\t<label for=\"form-field-field_ce6273e\" class=\"elementor-field-label\">\n\t\t\t\t\t\t\t\tTel\u00e8fon\t\t\t\t\t\t\t<\/label>\n\t\t\t\t\t\t\t\t<input size=\"1\" type=\"tel\" name=\"form_fields[field_ce6273e]\" id=\"form-field-field_ce6273e\" class=\"elementor-field elementor-size-md  elementor-field-textual\" placeholder=\"Tel\u00e8fon *\" required=\"required\" aria-required=\"true\" pattern=\"[0-9()#&amp;+*-=.]+\" title=\"Nom\u00e9s s&#039;accepten n\u00fameros i car\u00e0cters telef\u00f2nics (#, -, *, etc.).\">\n\n\t\t\t\t\t\t<\/div>\n\t\t\t\t\t\t\t\t<div class=\"elementor-field-type-textarea elementor-field-group elementor-column elementor-field-group-message elementor-col-100 elementor-field-required\">\n\t\t\t\t\t\t\t\t\t\t\t\t<label for=\"form-field-message\" class=\"elementor-field-label\">\n\t\t\t\t\t\t\t\tMissatge\t\t\t\t\t\t\t<\/label>\n\t\t\t\t\t\t<textarea class=\"elementor-field-textual elementor-field  elementor-size-md\" name=\"form_fields[message]\" id=\"form-field-message\" rows=\"4\" placeholder=\"Missatge *\" required=\"required\" aria-required=\"true\"><\/textarea>\t\t\t\t<\/div>\n\t\t\t\t\t\t\t\t<div class=\"elementor-field-type-checkbox elementor-field-group elementor-column elementor-field-group-field_98fe05b elementor-col-100\">\n\t\t\t\t\t<div class=\"elementor-field-subgroup\"><span class=\"elementor-field-option\"><input type=\"checkbox\" value=\"He le\u00eddo el &lt;a href=&quot;\/aviso-legal\/&quot;&gt;aviso legal&lt;\/a&gt; y la &lt;a href=&quot;\/politica-de-privacidad\/&quot;&gt;pol\u00edtica de privacidad&lt;\/a&gt;\" id=\"form-field-field_98fe05b-0\" name=\"form_fields[field_98fe05b]\"> <label for=\"form-field-field_98fe05b-0\">He llegit el <a href=\"\/ca\/aviso-legal\/\">av\u00eds legal<\/a> i la <a href=\"\/ca\/politica-de-privacidad\/\">pol\u00edtica de privadesa<\/a><\/label><\/span><\/div>\t\t\t\t<\/div>\n\t\t\t\t\t\t\t\t<div class=\"elementor-field-type-text\">\n\t\t\t\t\t<input size=\"1\" type=\"text\" name=\"form_fields[field_cb8fcf1]\" id=\"form-field-field_cb8fcf1\" class=\"elementor-field elementor-size-md\" style=\"display:none !important;\">\t\t\t\t<\/div>\n\t\t\t\t\t\t\t\t<div class=\"elementor-field-type-recaptcha_v3 elementor-field-group elementor-column elementor-field-group-field_8a52363 elementor-col-100 recaptcha_v3-bottomleft\">\n\t\t\t\t\t<div class=\"elementor-field\" id=\"form-field-field_8a52363\"><div class=\"elementor-g-recaptcha\" data-sitekey=\"6LfrcroqAAAAAKZJik0oFZZi7Msnx5YJKIiW4xT1\" data-type=\"v3\" data-action=\"Form\" data-badge=\"bottomleft\" data-size=\"invisible\"><\/div><\/div>\t\t\t\t<\/div>\n\t\t\t\t\t\t\t\t<div class=\"elementor-field-group elementor-column elementor-field-type-submit elementor-col-50 e-form__buttons\">\n\t\t\t\t\t<button class=\"elementor-button elementor-size-sm\" type=\"submit\">\n\t\t\t\t\t\t<span class=\"elementor-button-content-wrapper\">\n\t\t\t\t\t\t\t\t\t\t\t\t\t\t\t\t\t\t\t\t\t\t<span class=\"elementor-button-text\">Enviar<\/span>\n\t\t\t\t\t\t\t\t\t\t\t\t\t<\/span>\n\t\t\t\t\t<\/button>\n\t\t\t\t<\/div>\n\t\t\t<\/div>\n\t\t<input type=\"hidden\" name=\"trp-form-language\" value=\"ca\"\/><\/form>\n\t\t\t\t<\/div>\n\t\t\t\t<\/div>\n\t\t\t\t<\/div>\n\t\t\t\t\t<\/div>\n\t\t\t\t<\/div>\n\t\t\t\t<\/div>","protected":false},"excerpt":{"rendered":"<p>Contractes i acomiadaments Contractes i acomiadaments: per qu\u00e8 \u00e9s essencial comptar amb assessorament professional Al m\u00f3n laboral, els contractes i acomiadaments s\u00f3n aspectes fonamentals que regulen la relaci\u00f3 entre empleats i ocupadors. Un error en la gesti\u00f3 d\u201fun contracte o en el proc\u00e9s d\u201facomiadament pot derivar en conflictes legals costosos i prolongats. [\u2026]<\/p>","protected":false},"author":3,"featured_media":0,"parent":0,"menu_order":0,"comment_status":"closed","ping_status":"closed","template":"","meta":{"footnotes":""},"class_list":["post-1841","page","type-page","status-publish","hentry"],"yoast_head":"<!-- This site is optimized with the Yoast SEO plugin v24.2 - https:\/\/yoast.com\/wordpress\/plugins\/seo\/ -->\n<title>Contratos y despidos - 2M Assessors<\/title>\n<meta name=\"robots\" content=\"index, follow, max-snippet:-1, max-image-preview:large, max-video-preview:-1\" \/>\n<link rel=\"canonical\" href=\"https:\/\/dosmassessors.com\/ca\/contratos-y-despidos\/\" \/>\n<meta property=\"og:locale\" content=\"ca_ES\" \/>\n<meta property=\"og:type\" content=\"article\" \/>\n<meta property=\"og:title\" content=\"Contratos y despidos - 2M Assessors\" \/>\n<meta property=\"og:description\" content=\"Contratos y despidos Contratos y despidos: por qu\u00e9 es esencial contar con asesoramiento profesional En el mundo laboral, los contratos y despidos son aspectos fundamentales que regulan la relaci\u00f3n entre empleados y empleadores. Un error en la gesti\u00f3n de un contrato o en el proceso de despido puede derivar en conflictos legales costosos y prolongados. [&hellip;]\" \/>\n<meta property=\"og:url\" content=\"https:\/\/dosmassessors.com\/ca\/contratos-y-despidos\/\" \/>\n<meta property=\"og:site_name\" content=\"2M Assessors\" \/>\n<meta property=\"article:modified_time\" content=\"2025-09-01T05:57:47+00:00\" \/>\n<meta property=\"og:image\" content=\"https:\/\/dosmassessors.com\/wp-content\/uploads\/2025\/08\/Consultoria-fiscal-1.jpg\" \/>\n\t<meta property=\"og:image:width\" content=\"2000\" \/>\n\t<meta property=\"og:image:height\" content=\"1414\" \/>\n\t<meta property=\"og:image:type\" content=\"image\/jpeg\" \/>\n<meta name=\"twitter:card\" content=\"summary_large_image\" \/>\n<meta name=\"twitter:label1\" content=\"Temps estimat de lectura\" \/>\n\t<meta name=\"twitter:data1\" content=\"3 minuts\" \/>\n<script type=\"application\/ld+json\" class=\"yoast-schema-graph\">{\"@context\":\"https:\/\/schema.org\",\"@graph\":[{\"@type\":\"WebPage\",\"@id\":\"https:\/\/dosmassessors.com\/contratos-y-despidos\/\",\"url\":\"https:\/\/dosmassessors.com\/contratos-y-despidos\/\",\"name\":\"Contratos y despidos - 2M Assessors\",\"isPartOf\":{\"@id\":\"https:\/\/dosmassessors.com\/#website\"},\"primaryImageOfPage\":{\"@id\":\"https:\/\/dosmassessors.com\/contratos-y-despidos\/#primaryimage\"},\"image\":{\"@id\":\"https:\/\/dosmassessors.com\/contratos-y-despidos\/#primaryimage\"},\"thumbnailUrl\":\"https:\/\/dosmassessors.com\/wp-content\/uploads\/2025\/08\/Consultoria-fiscal-1-1024x724.jpg\",\"datePublished\":\"2025-09-01T05:55:40+00:00\",\"dateModified\":\"2025-09-01T05:57:47+00:00\",\"breadcrumb\":{\"@id\":\"https:\/\/dosmassessors.com\/contratos-y-despidos\/#breadcrumb\"},\"inLanguage\":\"ca\",\"potentialAction\":[{\"@type\":\"ReadAction\",\"target\":[\"https:\/\/dosmassessors.com\/contratos-y-despidos\/\"]}]},{\"@type\":\"ImageObject\",\"inLanguage\":\"ca\",\"@id\":\"https:\/\/dosmassessors.com\/contratos-y-despidos\/#primaryimage\",\"url\":\"https:\/\/dosmassessors.com\/wp-content\/uploads\/2025\/08\/Consultoria-fiscal-1-1024x724.jpg\",\"contentUrl\":\"https:\/\/dosmassessors.com\/wp-content\/uploads\/2025\/08\/Consultoria-fiscal-1-1024x724.jpg\"},{\"@type\":\"BreadcrumbList\",\"@id\":\"https:\/\/dosmassessors.com\/contratos-y-despidos\/#breadcrumb\",\"itemListElement\":[{\"@type\":\"ListItem\",\"position\":1,\"name\":\"Portada\",\"item\":\"https:\/\/dosmassessors.com\/\"},{\"@type\":\"ListItem\",\"position\":2,\"name\":\"Contratos y despidos\"}]},{\"@type\":\"WebSite\",\"@id\":\"https:\/\/dosmassessors.com\/#website\",\"url\":\"https:\/\/dosmassessors.com\/\",\"name\":\"2M Assessors\",\"description\":\"Tu asesor\u00eda de confianza para particulares y empresas en Manresa\",\"publisher\":{\"@id\":\"https:\/\/dosmassessors.com\/#organization\"},\"potentialAction\":[{\"@type\":\"SearchAction\",\"target\":{\"@type\":\"EntryPoint\",\"urlTemplate\":\"https:\/\/dosmassessors.com\/?s={search_term_string}\"},\"query-input\":{\"@type\":\"PropertyValueSpecification\",\"valueRequired\":true,\"valueName\":\"search_term_string\"}}],\"inLanguage\":\"ca\"},{\"@type\":\"Organization\",\"@id\":\"https:\/\/dosmassessors.com\/#organization\",\"name\":\"2M Assessors\",\"url\":\"https:\/\/dosmassessors.com\/\",\"logo\":{\"@type\":\"ImageObject\",\"inLanguage\":\"ca\",\"@id\":\"https:\/\/dosmassessors.com\/#\/schema\/logo\/image\/\",\"url\":\"https:\/\/dosmassessors.com\/wp-content\/uploads\/2024\/12\/2m.png\",\"contentUrl\":\"https:\/\/dosmassessors.com\/wp-content\/uploads\/2024\/12\/2m.png\",\"width\":1113,\"height\":123,\"caption\":\"2M Assessors\"},\"image\":{\"@id\":\"https:\/\/dosmassessors.com\/#\/schema\/logo\/image\/\"}}]}<\/script>\n<!-- \/ Yoast SEO plugin. -->","yoast_head_json":{"title":"Contratos y despidos - 2M Assessors","robots":{"index":"index","follow":"follow","max-snippet":"max-snippet:-1","max-image-preview":"max-image-preview:large","max-video-preview":"max-video-preview:-1"},"canonical":"https:\/\/dosmassessors.com\/ca\/contratos-y-despidos\/","og_locale":"ca_ES","og_type":"article","og_title":"Contratos y despidos - 2M Assessors","og_description":"Contratos y despidos Contratos y despidos: por qu\u00e9 es esencial contar con asesoramiento profesional En el mundo laboral, los contratos y despidos son aspectos fundamentales que regulan la relaci\u00f3n entre empleados y empleadores. Un error en la gesti\u00f3n de un contrato o en el proceso de despido puede derivar en conflictos legales costosos y prolongados. [&hellip;]","og_url":"https:\/\/dosmassessors.com\/ca\/contratos-y-despidos\/","og_site_name":"2M Assessors","article_modified_time":"2025-09-01T05:57:47+00:00","og_image":[{"width":2000,"height":1414,"url":"https:\/\/dosmassessors.com\/wp-content\/uploads\/2025\/08\/Consultoria-fiscal-1.jpg","type":"image\/jpeg"}],"twitter_card":"summary_large_image","twitter_misc":{"Temps estimat de lectura":"3 minuts"},"schema":{"@context":"https:\/\/schema.org","@graph":[{"@type":"WebPage","@id":"https:\/\/dosmassessors.com\/contratos-y-despidos\/","url":"https:\/\/dosmassessors.com\/contratos-y-despidos\/","name":"Contratos y despidos - 2M Assessors","isPartOf":{"@id":"https:\/\/dosmassessors.com\/#website"},"primaryImageOfPage":{"@id":"https:\/\/dosmassessors.com\/contratos-y-despidos\/#primaryimage"},"image":{"@id":"https:\/\/dosmassessors.com\/contratos-y-despidos\/#primaryimage"},"thumbnailUrl":"https:\/\/dosmassessors.com\/wp-content\/uploads\/2025\/08\/Consultoria-fiscal-1-1024x724.jpg","datePublished":"2025-09-01T05:55:40+00:00","dateModified":"2025-09-01T05:57:47+00:00","breadcrumb":{"@id":"https:\/\/dosmassessors.com\/contratos-y-despidos\/#breadcrumb"},"inLanguage":"ca","potentialAction":[{"@type":"ReadAction","target":["https:\/\/dosmassessors.com\/contratos-y-despidos\/"]}]},{"@type":"ImageObject","inLanguage":"ca","@id":"https:\/\/dosmassessors.com\/contratos-y-despidos\/#primaryimage","url":"https:\/\/dosmassessors.com\/wp-content\/uploads\/2025\/08\/Consultoria-fiscal-1-1024x724.jpg","contentUrl":"https:\/\/dosmassessors.com\/wp-content\/uploads\/2025\/08\/Consultoria-fiscal-1-1024x724.jpg"},{"@type":"BreadcrumbList","@id":"https:\/\/dosmassessors.com\/contratos-y-despidos\/#breadcrumb","itemListElement":[{"@type":"ListItem","position":1,"name":"Portada","item":"https:\/\/dosmassessors.com\/"},{"@type":"ListItem","position":2,"name":"Contratos y despidos"}]},{"@type":"WebSite","@id":"https:\/\/dosmassessors.com\/#website","url":"https:\/\/dosmassessors.com\/","name":"2M Assessors","description":"Tu asesor\u00eda de confianza para particulares y empresas en Manresa","publisher":{"@id":"https:\/\/dosmassessors.com\/#organization"},"potentialAction":[{"@type":"SearchAction","target":{"@type":"EntryPoint","urlTemplate":"https:\/\/dosmassessors.com\/?s={search_term_string}"},"query-input":{"@type":"PropertyValueSpecification","valueRequired":true,"valueName":"search_term_string"}}],"inLanguage":"ca"},{"@type":"Organization","@id":"https:\/\/dosmassessors.com\/#organization","name":"2M Assessors","url":"https:\/\/dosmassessors.com\/","logo":{"@type":"ImageObject","inLanguage":"ca","@id":"https:\/\/dosmassessors.com\/#\/schema\/logo\/image\/","url":"https:\/\/dosmassessors.com\/wp-content\/uploads\/2024\/12\/2m.png","contentUrl":"https:\/\/dosmassessors.com\/wp-content\/uploads\/2024\/12\/2m.png","width":1113,"height":123,"caption":"2M Assessors"},"image":{"@id":"https:\/\/dosmassessors.com\/#\/schema\/logo\/image\/"}}]}},"_links":{"self":[{"href":"https:\/\/dosmassessors.com\/ca\/wp-json\/wp\/v2\/pages\/1841","targetHints":{"allow":["GET"]}}],"collection":[{"href":"https:\/\/dosmassessors.com\/ca\/wp-json\/wp\/v2\/pages"}],"about":[{"href":"https:\/\/dosmassessors.com\/ca\/wp-json\/wp\/v2\/types\/page"}],"author":[{"embeddable":true,"href":"https:\/\/dosmassessors.com\/ca\/wp-json\/wp\/v2\/users\/3"}],"replies":[{"embeddable":true,"href":"https:\/\/dosmassessors.com\/ca\/wp-json\/wp\/v2\/comments?post=1841"}],"version-history":[{"count":7,"href":"https:\/\/dosmassessors.com\/ca\/wp-json\/wp\/v2\/pages\/1841\/revisions"}],"predecessor-version":[{"id":1848,"href":"https:\/\/dosmassessors.com\/ca\/wp-json\/wp\/v2\/pages\/1841\/revisions\/1848"}],"wp:attachment":[{"href":"https:\/\/dosmassessors.com\/ca\/wp-json\/wp\/v2\/media?parent=1841"}],"curies":[{"name":"wp","href":"https:\/\/api.w.org\/{rel}","templated":true}]}}