{"id":1833,"date":"2025-09-01T07:52:57","date_gmt":"2025-09-01T05:52:57","guid":{"rendered":"https:\/\/dosmassessors.com\/?page_id=1833"},"modified":"2025-09-01T07:54:57","modified_gmt":"2025-09-01T05:54:57","slug":"reclamaciones-laborales","status":"publish","type":"page","link":"https:\/\/dosmassessors.com\/ca\/reclamaciones-laborales\/","title":{"rendered":"Reclamacions laborals"},"content":{"rendered":"<div data-elementor-type=\"wp-page\" data-elementor-id=\"1833\" class=\"elementor elementor-1833\" data-elementor-post-type=\"page\">\n\t\t\t\t<div class=\"elementor-element elementor-element-42fa87b e-flex e-con-boxed e-con e-parent\" data-id=\"42fa87b\" data-element_type=\"container\">\n\t\t\t\t\t<div class=\"e-con-inner\">\n\t\t\t\t<div class=\"elementor-element elementor-element-ca3eefc elementor-widget elementor-widget-heading\" data-id=\"ca3eefc\" data-element_type=\"widget\" data-widget_type=\"heading.default\">\n\t\t\t\t<div class=\"elementor-widget-container\">\n\t\t\t<h2 class=\"elementor-heading-title elementor-size-default\">Reclamacions laborals<\/h2>\t\t<\/div>\n\t\t\t\t<\/div>\n\t\t\t\t\t<\/div>\n\t\t\t\t<\/div>\n\t\t<div class=\"elementor-element elementor-element-76de6f4 e-flex e-con-boxed e-con e-parent\" data-id=\"76de6f4\" data-element_type=\"container\">\n\t\t\t\t\t<div class=\"e-con-inner\">\n\t\t<div class=\"elementor-element elementor-element-44309ce e-con-full e-flex e-con e-child\" data-id=\"44309ce\" data-element_type=\"container\">\n\t\t\t\t<div class=\"elementor-element elementor-element-7f00963 elementor-widget elementor-widget-text-editor\" data-id=\"7f00963\" data-element_type=\"widget\" data-widget_type=\"text-editor.default\">\n\t\t\t\t<div class=\"elementor-widget-container\">\n\t\t\t\t\t\t\t<h2 data-start=\"317\" data-end=\"383\">Reclamacions laborals: per qu\u00e8 \u00e9s vital comptar amb experts<\/h2><p data-start=\"384\" data-end=\"992\">A nivell laboral, els conflictes poden sorgir de manera inesperada, des de discrep\u00e0ncies salarials fins a acomiadaments o vulneracions de drets. Les <strong data-start=\"536\" data-end=\"563\">reclamacions laborals<\/strong> han esdevingut una eina fonamental per garantir que els treballadors puguin fer valer els seus drets i rebre un tracte just. Tot i aix\u00f2, gestionar una reclamaci\u00f3 laboral per compte propi pot resultar complicat i generar m\u00e9s problemes que solucions. Tenir professionals especialitzats, com els experts de 2M Assessors, assegura que cada cas s&#039;abordi amb coneixement, estrat\u00e8gia i efectivitat.<\/p><p data-start=\"994\" data-end=\"1426\">L&#039;equip de 2M Assessors ent\u00e9n que cada situaci\u00f3 laboral \u00e9s diferent i que les <strong data-start=\"1079\" data-end=\"1106\">reclamacions laborals<\/strong> requereixen una an\u00e0lisi detallada de la normativa vigent i de les particularitats del cas. El nostre objectiu \u00e9s oferir un acompanyament integral, des de l&#039;avaluaci\u00f3 inicial fins a la resoluci\u00f3 definitiva, assegurant que els nostres clients obtinguin resultats favorables sense comprometre&#039;n la tranquil\u00b7litat ni el temps.<\/p>\t\t\t\t\t\t<\/div>\n\t\t\t\t<\/div>\n\t\t\t\t<\/div>\n\t\t<div class=\"elementor-element elementor-element-048bd26 e-con-full e-flex e-con e-child\" data-id=\"048bd26\" data-element_type=\"container\">\n\t\t\t\t<div class=\"elementor-element elementor-element-5fa2e55 elementor-widget elementor-widget-image\" data-id=\"5fa2e55\" data-element_type=\"widget\" data-widget_type=\"image.default\">\n\t\t\t\t<div class=\"elementor-widget-container\">\n\t\t\t\t\t\t\t\t\t\t\t\t\t<img fetchpriority=\"high\" decoding=\"async\" width=\"800\" height=\"566\" src=\"https:\/\/dosmassessors.com\/wp-content\/uploads\/2025\/08\/Consultoria-fiscal-1-1024x724.jpg\" class=\"attachment-large size-large wp-image-1819\" alt=\"\" srcset=\"https:\/\/dosmassessors.com\/wp-content\/uploads\/2025\/08\/Consultoria-fiscal-1-1024x724.jpg 1024w, https:\/\/dosmassessors.com\/wp-content\/uploads\/2025\/08\/Consultoria-fiscal-1-300x212.jpg 300w, https:\/\/dosmassessors.com\/wp-content\/uploads\/2025\/08\/Consultoria-fiscal-1-768x543.jpg 768w, https:\/\/dosmassessors.com\/wp-content\/uploads\/2025\/08\/Consultoria-fiscal-1-1536x1086.jpg 1536w, https:\/\/dosmassessors.com\/wp-content\/uploads\/2025\/08\/Consultoria-fiscal-1-18x12.jpg 18w, https:\/\/dosmassessors.com\/wp-content\/uploads\/2025\/08\/Consultoria-fiscal-1.jpg 2000w\" sizes=\"(max-width: 800px) 100vw, 800px\" \/>\t\t\t\t\t\t\t\t\t\t\t\t\t<\/div>\n\t\t\t\t<\/div>\n\t\t\t\t<\/div>\n\t\t\t\t\t<\/div>\n\t\t\t\t<\/div>\n\t\t<div class=\"elementor-element elementor-element-5951b63 e-flex e-con-boxed e-con e-parent\" data-id=\"5951b63\" data-element_type=\"container\">\n\t\t\t\t\t<div class=\"e-con-inner\">\n\t\t<div class=\"elementor-element elementor-element-c189b53 e-con-full e-flex e-con e-child\" data-id=\"c189b53\" data-element_type=\"container\">\n\t\t\t\t<div class=\"elementor-element elementor-element-8787051 elementor-widget elementor-widget-image\" data-id=\"8787051\" data-element_type=\"widget\" data-widget_type=\"image.default\">\n\t\t\t\t<div class=\"elementor-widget-container\">\n\t\t\t\t\t\t\t\t\t\t\t\t\t<img decoding=\"async\" width=\"800\" height=\"566\" src=\"https:\/\/dosmassessors.com\/wp-content\/uploads\/2025\/07\/gestion-de-nomina-terrassa-1024x724.jpg\" class=\"attachment-large size-large wp-image-1767\" alt=\"\" srcset=\"https:\/\/dosmassessors.com\/wp-content\/uploads\/2025\/07\/gestion-de-nomina-terrassa-1024x724.jpg 1024w, https:\/\/dosmassessors.com\/wp-content\/uploads\/2025\/07\/gestion-de-nomina-terrassa-300x212.jpg 300w, https:\/\/dosmassessors.com\/wp-content\/uploads\/2025\/07\/gestion-de-nomina-terrassa-768x543.jpg 768w, https:\/\/dosmassessors.com\/wp-content\/uploads\/2025\/07\/gestion-de-nomina-terrassa-1536x1086.jpg 1536w, https:\/\/dosmassessors.com\/wp-content\/uploads\/2025\/07\/gestion-de-nomina-terrassa-18x12.jpg 18w, https:\/\/dosmassessors.com\/wp-content\/uploads\/2025\/07\/gestion-de-nomina-terrassa.jpg 2000w\" sizes=\"(max-width: 800px) 100vw, 800px\" \/>\t\t\t\t\t\t\t\t\t\t\t\t\t<\/div>\n\t\t\t\t<\/div>\n\t\t\t\t<\/div>\n\t\t<div class=\"elementor-element elementor-element-398d0b4 e-con-full e-flex e-con e-child\" data-id=\"398d0b4\" data-element_type=\"container\">\n\t\t\t\t<div class=\"elementor-element elementor-element-4882cbe elementor-widget elementor-widget-text-editor\" data-id=\"4882cbe\" data-element_type=\"widget\" data-widget_type=\"text-editor.default\">\n\t\t\t\t<div class=\"elementor-widget-container\">\n\t\t\t\t\t\t\t<h2 data-start=\"1428\" data-end=\"1493\">Com gestionem les reclamacions laborals a 2M Assessors<\/h2><p data-start=\"1494\" data-end=\"1901\">Gestionar <strong data-start=\"1504\" data-end=\"1531\">reclamacions laborals<\/strong> no es limita a redactar documents o presentar demandes. A 2M Assessors treballem de manera estrat\u00e8gica, avaluant cada aspecte del conflicte i proposant solucions legals adaptades a cada client. Aix\u00f2 inclou casos d&#039;impagaments salarials, discrep\u00e0ncies en contractes, hores extraordin\u00e0ries no remunerades, indemnitzacions mal calculades o acomiadaments improcedents.<\/p><p data-start=\"1903\" data-end=\"2356\">La nostra experi\u00e8ncia permet assessorar tant treballadors com empreses, oferint solucions que eviten conflictes futurs i garanteixen el compliment de la llei. L&#039;efic\u00e0cia en la gesti\u00f3 de <strong data-start=\"2099\" data-end=\"2126\">reclamacions laborals<\/strong> dep\u00e8n del coneixement profund de la legislaci\u00f3 laboral i de la capacitat de negociaci\u00f3 i mediaci\u00f3. A 2M Assessors combinem aquestes compet\u00e8ncies per assegurar que cada reclamaci\u00f3 es gestioni amb professionalitat i \u00e8xit.<\/p><p data-start=\"2358\" data-end=\"2663\">A m\u00e9s, acompanyem els nostres clients en totes les fases del proc\u00e9s, oferint informaci\u00f3 clara i assessorament constant. La comunicaci\u00f3 fluida i propera \u00e9s un dels pilars de la nostra metodologia, perqu\u00e8 entenem que enfrontar un conflicte laboral pot generar preocupaci\u00f3 i incertesa.<\/p>\t\t\t\t\t\t<\/div>\n\t\t\t\t<\/div>\n\t\t\t\t<\/div>\n\t\t\t\t\t<\/div>\n\t\t\t\t<\/div>\n\t\t<div class=\"elementor-element elementor-element-86b63e5 e-flex e-con-boxed e-con e-parent\" data-id=\"86b63e5\" data-element_type=\"container\">\n\t\t\t\t\t<div class=\"e-con-inner\">\n\t\t\t\t<div class=\"elementor-element elementor-element-5f77d81 elementor-widget elementor-widget-text-editor\" data-id=\"5f77d81\" data-element_type=\"widget\" data-widget_type=\"text-editor.default\">\n\t\t\t\t<div class=\"elementor-widget-container\">\n\t\t\t\t\t\t\t<h2 data-start=\"2665\" data-end=\"2724\">Reclamacions laborals: per qu\u00e8 triar 2M Assessors<\/h2><p data-start=\"2725\" data-end=\"3086\">Triar 2M Assessors per gestionar els teus <strong data-start=\"2766\" data-end=\"2793\">reclamacions laborals<\/strong> vol dir optar per un despatx amb experi\u00e8ncia, comprom\u00eds i resultats comprovats. El nostre enfocament integral no sols soluciona conflictes puntuals, sin\u00f3 que tamb\u00e9 busca prevenir futurs problemes, oferint un servei que protegeix els drets dels nostres clients de manera cont\u00ednua.<\/p><p data-start=\"3088\" data-end=\"3440\">La combinaci\u00f3 de coneixements legals, experi\u00e8ncia pr\u00e0ctica i atenci\u00f3 personalitzada converteix 2M Assessors en un referent en l&#039;\u00e0mbit de les <strong data-start=\"3236\" data-end=\"3263\">reclamacions laborals<\/strong>. Cada cas s&#039;aborda amb un pla d&#039;acci\u00f3 adaptat a les necessitats espec\u00edfiques de la persona o l&#039;empresa involucrada, assegurant una gesti\u00f3 eficient, justa i transparent.<\/p><p data-start=\"3442\" data-end=\"3764\">Si necessites suport professional per als teus <strong data-start=\"3482\" data-end=\"3509\">reclamacions laborals<\/strong>, 2M Assessors \u00e9s l&#039;aliat estrat\u00e8gic que garanteix resultats i seguretat. El nostre comprom\u00eds \u00e9s protegir els teus drets, defensar els teus interessos i acompanyar-te durant tot el proc\u00e9s, oferint un servei que combina excel\u00b7l\u00e8ncia, confian\u00e7a i proximitat.<\/p>\t\t\t\t\t\t<\/div>\n\t\t\t\t<\/div>\n\t\t\t\t\t<\/div>\n\t\t\t\t<\/div>\n\t\t<div class=\"elementor-element elementor-element-546c4fb e-flex e-con-boxed e-con e-parent\" data-id=\"546c4fb\" data-element_type=\"container\">\n\t\t\t\t\t<div class=\"e-con-inner\">\n\t\t\t\t<div class=\"elementor-element elementor-element-76ecd34 elementor-widget elementor-widget-heading\" data-id=\"76ecd34\" data-element_type=\"widget\" data-widget_type=\"heading.default\">\n\t\t\t\t<div class=\"elementor-widget-container\">\n\t\t\t<h2 class=\"elementor-heading-title elementor-size-default\">Estem per ajudar-te <\/h2>\t\t<\/div>\n\t\t\t\t<\/div>\n\t\t\t\t\t<\/div>\n\t\t\t\t<\/div>\n\t\t<div class=\"elementor-element elementor-element-d56ac9b e-flex e-con-boxed e-con e-parent\" data-id=\"d56ac9b\" data-element_type=\"container\">\n\t\t\t\t\t<div class=\"e-con-inner\">\n\t\t<div class=\"elementor-element elementor-element-135f8aa e-con-full e-flex e-con e-child\" data-id=\"135f8aa\" data-element_type=\"container\" data-settings=\"{&quot;background_background&quot;:&quot;classic&quot;}\">\n\t\t\t\t<div class=\"elementor-element elementor-element-2294300 elementor-button-align-stretch elementor-widget elementor-widget-form\" data-id=\"2294300\" data-element_type=\"widget\" data-settings=\"{&quot;button_width&quot;:&quot;50&quot;,&quot;step_next_label&quot;:&quot;Next&quot;,&quot;step_previous_label&quot;:&quot;Previous&quot;,&quot;step_type&quot;:&quot;number_text&quot;,&quot;step_icon_shape&quot;:&quot;circle&quot;}\" data-widget_type=\"form.default\">\n\t\t\t\t<div class=\"elementor-widget-container\">\n\t\t\t\t\t<form class=\"elementor-form\" method=\"post\" name=\"New Form\" action=\"\">\n\t\t\t<input type=\"hidden\" name=\"post_id\" value=\"1833\"\/>\n\t\t\t<input type=\"hidden\" name=\"form_id\" value=\"2294300\"\/>\n\t\t\t<input type=\"hidden\" name=\"referer_title\" value=\"Reclamaciones laborales - 2M Assessors\" \/>\n\n\t\t\t\t\t\t\t<input type=\"hidden\" name=\"queried_id\" value=\"1833\"\/>\n\t\t\t\n\t\t\t<div class=\"elementor-form-fields-wrapper elementor-labels-above\">\n\t\t\t\t\t\t\t\t<div class=\"elementor-field-type-text elementor-field-group elementor-column elementor-field-group-name elementor-col-50 elementor-field-required\">\n\t\t\t\t\t\t\t\t\t\t\t\t<label for=\"form-field-name\" class=\"elementor-field-label\">\n\t\t\t\t\t\t\t\tNom\t\t\t\t\t\t\t<\/label>\n\t\t\t\t\t\t\t\t\t\t\t\t\t\t<input size=\"1\" type=\"text\" name=\"form_fields[name]\" id=\"form-field-name\" class=\"elementor-field elementor-size-md  elementor-field-textual\" placeholder=\"Nom *\" required=\"required\" aria-required=\"true\">\n\t\t\t\t\t\t\t\t\t\t\t<\/div>\n\t\t\t\t\t\t\t\t<div class=\"elementor-field-type-text elementor-field-group elementor-column elementor-field-group-field_4b65802 elementor-col-50 elementor-field-required\">\n\t\t\t\t\t\t\t\t\t\t\t\t<label for=\"form-field-field_4b65802\" class=\"elementor-field-label\">\n\t\t\t\t\t\t\t\tAssumpte\t\t\t\t\t\t\t<\/label>\n\t\t\t\t\t\t\t\t\t\t\t\t\t\t<input size=\"1\" type=\"text\" name=\"form_fields[field_4b65802]\" id=\"form-field-field_4b65802\" class=\"elementor-field elementor-size-md  elementor-field-textual\" placeholder=\"Assumpte *\" required=\"required\" aria-required=\"true\">\n\t\t\t\t\t\t\t\t\t\t\t<\/div>\n\t\t\t\t\t\t\t\t<div class=\"elementor-field-type-email elementor-field-group elementor-column elementor-field-group-email elementor-col-50 elementor-field-required\">\n\t\t\t\t\t\t\t\t\t\t\t\t<label for=\"form-field-email\" class=\"elementor-field-label\">\n\t\t\t\t\t\t\t\tEmail\t\t\t\t\t\t\t<\/label>\n\t\t\t\t\t\t\t\t\t\t\t\t\t\t<input size=\"1\" type=\"email\" name=\"form_fields[email]\" id=\"form-field-email\" class=\"elementor-field elementor-size-md  elementor-field-textual\" placeholder=\"Email *\" required=\"required\" aria-required=\"true\">\n\t\t\t\t\t\t\t\t\t\t\t<\/div>\n\t\t\t\t\t\t\t\t<div class=\"elementor-field-type-tel elementor-field-group elementor-column elementor-field-group-field_ce6273e elementor-col-50 elementor-field-required\">\n\t\t\t\t\t\t\t\t\t\t\t\t<label for=\"form-field-field_ce6273e\" class=\"elementor-field-label\">\n\t\t\t\t\t\t\t\tTel\u00e8fon\t\t\t\t\t\t\t<\/label>\n\t\t\t\t\t\t\t\t<input size=\"1\" type=\"tel\" name=\"form_fields[field_ce6273e]\" id=\"form-field-field_ce6273e\" class=\"elementor-field elementor-size-md  elementor-field-textual\" placeholder=\"Tel\u00e8fon *\" required=\"required\" aria-required=\"true\" pattern=\"[0-9()#&amp;+*-=.]+\" title=\"Nom\u00e9s s&#039;accepten n\u00fameros i car\u00e0cters telef\u00f2nics (#, -, *, etc.).\">\n\n\t\t\t\t\t\t<\/div>\n\t\t\t\t\t\t\t\t<div class=\"elementor-field-type-textarea elementor-field-group elementor-column elementor-field-group-message elementor-col-100 elementor-field-required\">\n\t\t\t\t\t\t\t\t\t\t\t\t<label for=\"form-field-message\" class=\"elementor-field-label\">\n\t\t\t\t\t\t\t\tMissatge\t\t\t\t\t\t\t<\/label>\n\t\t\t\t\t\t<textarea class=\"elementor-field-textual elementor-field  elementor-size-md\" name=\"form_fields[message]\" id=\"form-field-message\" rows=\"4\" placeholder=\"Missatge *\" required=\"required\" aria-required=\"true\"><\/textarea>\t\t\t\t<\/div>\n\t\t\t\t\t\t\t\t<div class=\"elementor-field-type-checkbox elementor-field-group elementor-column elementor-field-group-field_98fe05b elementor-col-100\">\n\t\t\t\t\t<div class=\"elementor-field-subgroup\"><span class=\"elementor-field-option\"><input type=\"checkbox\" value=\"He le\u00eddo el &lt;a href=&quot;\/aviso-legal\/&quot;&gt;aviso legal&lt;\/a&gt; y la &lt;a href=&quot;\/politica-de-privacidad\/&quot;&gt;pol\u00edtica de privacidad&lt;\/a&gt;\" id=\"form-field-field_98fe05b-0\" name=\"form_fields[field_98fe05b]\"> <label for=\"form-field-field_98fe05b-0\">He llegit el <a href=\"\/ca\/aviso-legal\/\">av\u00eds legal<\/a> i la <a href=\"\/ca\/politica-de-privacidad\/\">pol\u00edtica de privadesa<\/a><\/label><\/span><\/div>\t\t\t\t<\/div>\n\t\t\t\t\t\t\t\t<div class=\"elementor-field-type-text\">\n\t\t\t\t\t<input size=\"1\" type=\"text\" name=\"form_fields[field_cb8fcf1]\" id=\"form-field-field_cb8fcf1\" class=\"elementor-field elementor-size-md\" style=\"display:none !important;\">\t\t\t\t<\/div>\n\t\t\t\t\t\t\t\t<div class=\"elementor-field-type-recaptcha_v3 elementor-field-group elementor-column elementor-field-group-field_8a52363 elementor-col-100 recaptcha_v3-bottomleft\">\n\t\t\t\t\t<div class=\"elementor-field\" id=\"form-field-field_8a52363\"><div class=\"elementor-g-recaptcha\" data-sitekey=\"6LfrcroqAAAAAKZJik0oFZZi7Msnx5YJKIiW4xT1\" data-type=\"v3\" data-action=\"Form\" data-badge=\"bottomleft\" data-size=\"invisible\"><\/div><\/div>\t\t\t\t<\/div>\n\t\t\t\t\t\t\t\t<div class=\"elementor-field-group elementor-column elementor-field-type-submit elementor-col-50 e-form__buttons\">\n\t\t\t\t\t<button class=\"elementor-button elementor-size-sm\" type=\"submit\">\n\t\t\t\t\t\t<span class=\"elementor-button-content-wrapper\">\n\t\t\t\t\t\t\t\t\t\t\t\t\t\t\t\t\t\t\t\t\t\t<span class=\"elementor-button-text\">Enviar<\/span>\n\t\t\t\t\t\t\t\t\t\t\t\t\t<\/span>\n\t\t\t\t\t<\/button>\n\t\t\t\t<\/div>\n\t\t\t<\/div>\n\t\t<input type=\"hidden\" name=\"trp-form-language\" value=\"ca\"\/><\/form>\n\t\t\t\t<\/div>\n\t\t\t\t<\/div>\n\t\t\t\t<\/div>\n\t\t\t\t\t<\/div>\n\t\t\t\t<\/div>\n\t\t\t\t<\/div>","protected":false},"excerpt":{"rendered":"<p>Reclamacions laborals Reclamacions laborals: per qu\u00e8 \u00e9s vital comptar amb experts En l&#039;\u00e0mbit laboral, els conflictes poden sorgir de manera inesperada, des de discrep\u00e0ncies salarials fins a acomiadaments o vulneracions de drets. Les reclamacions laborals han esdevingut una eina fonamental per garantir que els treballadors puguin fer valer els seus drets i rebre un tracte [\u2026]<\/p>","protected":false},"author":3,"featured_media":0,"parent":0,"menu_order":0,"comment_status":"closed","ping_status":"closed","template":"","meta":{"footnotes":""},"class_list":["post-1833","page","type-page","status-publish","hentry"],"yoast_head":"<!-- This site is optimized with the Yoast SEO plugin v24.2 - https:\/\/yoast.com\/wordpress\/plugins\/seo\/ -->\n<title>Reclamaciones laborales - 2M Assessors<\/title>\n<meta name=\"robots\" content=\"index, follow, max-snippet:-1, max-image-preview:large, max-video-preview:-1\" \/>\n<link rel=\"canonical\" href=\"https:\/\/dosmassessors.com\/ca\/reclamaciones-laborales\/\" \/>\n<meta property=\"og:locale\" content=\"ca_ES\" \/>\n<meta property=\"og:type\" content=\"article\" \/>\n<meta property=\"og:title\" content=\"Reclamaciones laborales - 2M Assessors\" \/>\n<meta property=\"og:description\" content=\"Reclamaciones laborales Reclamaciones laborales: por qu\u00e9 es vital contar con expertos En el \u00e1mbito laboral, los conflictos pueden surgir de manera inesperada, desde discrepancias salariales hasta despidos o vulneraciones de derechos. Las reclamaciones laborales se han convertido en una herramienta fundamental para garantizar que los trabajadores puedan hacer valer sus derechos y recibir un trato [&hellip;]\" \/>\n<meta property=\"og:url\" content=\"https:\/\/dosmassessors.com\/ca\/reclamaciones-laborales\/\" \/>\n<meta property=\"og:site_name\" content=\"2M Assessors\" \/>\n<meta property=\"article:modified_time\" content=\"2025-09-01T05:54:57+00:00\" \/>\n<meta property=\"og:image\" content=\"https:\/\/dosmassessors.com\/wp-content\/uploads\/2025\/08\/Consultoria-fiscal-1.jpg\" \/>\n\t<meta property=\"og:image:width\" content=\"2000\" \/>\n\t<meta property=\"og:image:height\" content=\"1414\" \/>\n\t<meta property=\"og:image:type\" content=\"image\/jpeg\" \/>\n<meta name=\"twitter:card\" content=\"summary_large_image\" \/>\n<meta name=\"twitter:label1\" content=\"Temps estimat de lectura\" \/>\n\t<meta name=\"twitter:data1\" content=\"3 minuts\" \/>\n<script type=\"application\/ld+json\" class=\"yoast-schema-graph\">{\"@context\":\"https:\/\/schema.org\",\"@graph\":[{\"@type\":\"WebPage\",\"@id\":\"https:\/\/dosmassessors.com\/reclamaciones-laborales\/\",\"url\":\"https:\/\/dosmassessors.com\/reclamaciones-laborales\/\",\"name\":\"Reclamaciones laborales - 2M Assessors\",\"isPartOf\":{\"@id\":\"https:\/\/dosmassessors.com\/#website\"},\"primaryImageOfPage\":{\"@id\":\"https:\/\/dosmassessors.com\/reclamaciones-laborales\/#primaryimage\"},\"image\":{\"@id\":\"https:\/\/dosmassessors.com\/reclamaciones-laborales\/#primaryimage\"},\"thumbnailUrl\":\"https:\/\/dosmassessors.com\/wp-content\/uploads\/2025\/08\/Consultoria-fiscal-1-1024x724.jpg\",\"datePublished\":\"2025-09-01T05:52:57+00:00\",\"dateModified\":\"2025-09-01T05:54:57+00:00\",\"breadcrumb\":{\"@id\":\"https:\/\/dosmassessors.com\/reclamaciones-laborales\/#breadcrumb\"},\"inLanguage\":\"ca\",\"potentialAction\":[{\"@type\":\"ReadAction\",\"target\":[\"https:\/\/dosmassessors.com\/reclamaciones-laborales\/\"]}]},{\"@type\":\"ImageObject\",\"inLanguage\":\"ca\",\"@id\":\"https:\/\/dosmassessors.com\/reclamaciones-laborales\/#primaryimage\",\"url\":\"https:\/\/dosmassessors.com\/wp-content\/uploads\/2025\/08\/Consultoria-fiscal-1-1024x724.jpg\",\"contentUrl\":\"https:\/\/dosmassessors.com\/wp-content\/uploads\/2025\/08\/Consultoria-fiscal-1-1024x724.jpg\"},{\"@type\":\"BreadcrumbList\",\"@id\":\"https:\/\/dosmassessors.com\/reclamaciones-laborales\/#breadcrumb\",\"itemListElement\":[{\"@type\":\"ListItem\",\"position\":1,\"name\":\"Portada\",\"item\":\"https:\/\/dosmassessors.com\/\"},{\"@type\":\"ListItem\",\"position\":2,\"name\":\"Reclamaciones laborales\"}]},{\"@type\":\"WebSite\",\"@id\":\"https:\/\/dosmassessors.com\/#website\",\"url\":\"https:\/\/dosmassessors.com\/\",\"name\":\"2M Assessors\",\"description\":\"Tu asesor\u00eda de confianza para particulares y empresas en Manresa\",\"publisher\":{\"@id\":\"https:\/\/dosmassessors.com\/#organization\"},\"potentialAction\":[{\"@type\":\"SearchAction\",\"target\":{\"@type\":\"EntryPoint\",\"urlTemplate\":\"https:\/\/dosmassessors.com\/?s={search_term_string}\"},\"query-input\":{\"@type\":\"PropertyValueSpecification\",\"valueRequired\":true,\"valueName\":\"search_term_string\"}}],\"inLanguage\":\"ca\"},{\"@type\":\"Organization\",\"@id\":\"https:\/\/dosmassessors.com\/#organization\",\"name\":\"2M Assessors\",\"url\":\"https:\/\/dosmassessors.com\/\",\"logo\":{\"@type\":\"ImageObject\",\"inLanguage\":\"ca\",\"@id\":\"https:\/\/dosmassessors.com\/#\/schema\/logo\/image\/\",\"url\":\"https:\/\/dosmassessors.com\/wp-content\/uploads\/2024\/12\/2m.png\",\"contentUrl\":\"https:\/\/dosmassessors.com\/wp-content\/uploads\/2024\/12\/2m.png\",\"width\":1113,\"height\":123,\"caption\":\"2M Assessors\"},\"image\":{\"@id\":\"https:\/\/dosmassessors.com\/#\/schema\/logo\/image\/\"}}]}<\/script>\n<!-- \/ Yoast SEO plugin. -->","yoast_head_json":{"title":"Reclamaciones laborales - 2M Assessors","robots":{"index":"index","follow":"follow","max-snippet":"max-snippet:-1","max-image-preview":"max-image-preview:large","max-video-preview":"max-video-preview:-1"},"canonical":"https:\/\/dosmassessors.com\/ca\/reclamaciones-laborales\/","og_locale":"ca_ES","og_type":"article","og_title":"Reclamaciones laborales - 2M Assessors","og_description":"Reclamaciones laborales Reclamaciones laborales: por qu\u00e9 es vital contar con expertos En el \u00e1mbito laboral, los conflictos pueden surgir de manera inesperada, desde discrepancias salariales hasta despidos o vulneraciones de derechos. Las reclamaciones laborales se han convertido en una herramienta fundamental para garantizar que los trabajadores puedan hacer valer sus derechos y recibir un trato [&hellip;]","og_url":"https:\/\/dosmassessors.com\/ca\/reclamaciones-laborales\/","og_site_name":"2M Assessors","article_modified_time":"2025-09-01T05:54:57+00:00","og_image":[{"width":2000,"height":1414,"url":"https:\/\/dosmassessors.com\/wp-content\/uploads\/2025\/08\/Consultoria-fiscal-1.jpg","type":"image\/jpeg"}],"twitter_card":"summary_large_image","twitter_misc":{"Temps estimat de lectura":"3 minuts"},"schema":{"@context":"https:\/\/schema.org","@graph":[{"@type":"WebPage","@id":"https:\/\/dosmassessors.com\/reclamaciones-laborales\/","url":"https:\/\/dosmassessors.com\/reclamaciones-laborales\/","name":"Reclamaciones laborales - 2M Assessors","isPartOf":{"@id":"https:\/\/dosmassessors.com\/#website"},"primaryImageOfPage":{"@id":"https:\/\/dosmassessors.com\/reclamaciones-laborales\/#primaryimage"},"image":{"@id":"https:\/\/dosmassessors.com\/reclamaciones-laborales\/#primaryimage"},"thumbnailUrl":"https:\/\/dosmassessors.com\/wp-content\/uploads\/2025\/08\/Consultoria-fiscal-1-1024x724.jpg","datePublished":"2025-09-01T05:52:57+00:00","dateModified":"2025-09-01T05:54:57+00:00","breadcrumb":{"@id":"https:\/\/dosmassessors.com\/reclamaciones-laborales\/#breadcrumb"},"inLanguage":"ca","potentialAction":[{"@type":"ReadAction","target":["https:\/\/dosmassessors.com\/reclamaciones-laborales\/"]}]},{"@type":"ImageObject","inLanguage":"ca","@id":"https:\/\/dosmassessors.com\/reclamaciones-laborales\/#primaryimage","url":"https:\/\/dosmassessors.com\/wp-content\/uploads\/2025\/08\/Consultoria-fiscal-1-1024x724.jpg","contentUrl":"https:\/\/dosmassessors.com\/wp-content\/uploads\/2025\/08\/Consultoria-fiscal-1-1024x724.jpg"},{"@type":"BreadcrumbList","@id":"https:\/\/dosmassessors.com\/reclamaciones-laborales\/#breadcrumb","itemListElement":[{"@type":"ListItem","position":1,"name":"Portada","item":"https:\/\/dosmassessors.com\/"},{"@type":"ListItem","position":2,"name":"Reclamaciones laborales"}]},{"@type":"WebSite","@id":"https:\/\/dosmassessors.com\/#website","url":"https:\/\/dosmassessors.com\/","name":"2M Assessors","description":"Tu asesor\u00eda de confianza para particulares y empresas en Manresa","publisher":{"@id":"https:\/\/dosmassessors.com\/#organization"},"potentialAction":[{"@type":"SearchAction","target":{"@type":"EntryPoint","urlTemplate":"https:\/\/dosmassessors.com\/?s={search_term_string}"},"query-input":{"@type":"PropertyValueSpecification","valueRequired":true,"valueName":"search_term_string"}}],"inLanguage":"ca"},{"@type":"Organization","@id":"https:\/\/dosmassessors.com\/#organization","name":"2M Assessors","url":"https:\/\/dosmassessors.com\/","logo":{"@type":"ImageObject","inLanguage":"ca","@id":"https:\/\/dosmassessors.com\/#\/schema\/logo\/image\/","url":"https:\/\/dosmassessors.com\/wp-content\/uploads\/2024\/12\/2m.png","contentUrl":"https:\/\/dosmassessors.com\/wp-content\/uploads\/2024\/12\/2m.png","width":1113,"height":123,"caption":"2M Assessors"},"image":{"@id":"https:\/\/dosmassessors.com\/#\/schema\/logo\/image\/"}}]}},"_links":{"self":[{"href":"https:\/\/dosmassessors.com\/ca\/wp-json\/wp\/v2\/pages\/1833","targetHints":{"allow":["GET"]}}],"collection":[{"href":"https:\/\/dosmassessors.com\/ca\/wp-json\/wp\/v2\/pages"}],"about":[{"href":"https:\/\/dosmassessors.com\/ca\/wp-json\/wp\/v2\/types\/page"}],"author":[{"embeddable":true,"href":"https:\/\/dosmassessors.com\/ca\/wp-json\/wp\/v2\/users\/3"}],"replies":[{"embeddable":true,"href":"https:\/\/dosmassessors.com\/ca\/wp-json\/wp\/v2\/comments?post=1833"}],"version-history":[{"count":7,"href":"https:\/\/dosmassessors.com\/ca\/wp-json\/wp\/v2\/pages\/1833\/revisions"}],"predecessor-version":[{"id":1840,"href":"https:\/\/dosmassessors.com\/ca\/wp-json\/wp\/v2\/pages\/1833\/revisions\/1840"}],"wp:attachment":[{"href":"https:\/\/dosmassessors.com\/ca\/wp-json\/wp\/v2\/media?parent=1833"}],"curies":[{"name":"wp","href":"https:\/\/api.w.org\/{rel}","templated":true}]}}