{"id":1800,"date":"2025-07-10T15:09:51","date_gmt":"2025-07-10T13:09:51","guid":{"rendered":"https:\/\/dosmassessors.com\/?page_id=1800"},"modified":"2025-07-10T15:17:44","modified_gmt":"2025-07-10T13:17:44","slug":"gestion-de-herencias-en-manresa","status":"publish","type":"page","link":"https:\/\/dosmassessors.com\/ca\/gestion-de-herencias-en-manresa\/","title":{"rendered":"Gesti\u00f3 d&#039;her\u00e8ncies a Manresa"},"content":{"rendered":"<div data-elementor-type=\"wp-page\" data-elementor-id=\"1800\" class=\"elementor elementor-1800\" data-elementor-post-type=\"page\">\n\t\t\t\t<div class=\"elementor-element elementor-element-eed1f9d e-flex e-con-boxed e-con e-parent\" data-id=\"eed1f9d\" data-element_type=\"container\">\n\t\t\t\t\t<div class=\"e-con-inner\">\n\t\t\t\t<div class=\"elementor-element elementor-element-24d573a elementor-widget elementor-widget-heading\" data-id=\"24d573a\" data-element_type=\"widget\" data-widget_type=\"heading.default\">\n\t\t\t\t<div class=\"elementor-widget-container\">\n\t\t\t<h2 class=\"elementor-heading-title elementor-size-default\">Gesti\u00f3 d&#039;her\u00e8ncies a Manresa<\/h2>\t\t<\/div>\n\t\t\t\t<\/div>\n\t\t\t\t\t<\/div>\n\t\t\t\t<\/div>\n\t\t<div class=\"elementor-element elementor-element-31fe397 e-flex e-con-boxed e-con e-parent\" data-id=\"31fe397\" data-element_type=\"container\">\n\t\t\t\t\t<div class=\"e-con-inner\">\n\t\t<div class=\"elementor-element elementor-element-25bc9a6 e-con-full e-flex e-con e-child\" data-id=\"25bc9a6\" data-element_type=\"container\">\n\t\t\t\t<div class=\"elementor-element elementor-element-b7468c4 elementor-widget elementor-widget-text-editor\" data-id=\"b7468c4\" data-element_type=\"widget\" data-widget_type=\"text-editor.default\">\n\t\t\t\t<div class=\"elementor-widget-container\">\n\t\t\t\t\t\t\t<h2 data-pm-slice=\"1 1 []\">Experts en gesti\u00f3 d&#039;her\u00e8ncies a Manresa amb atenci\u00f3 personalitzada<\/h2><p>La <strong>gesti\u00f3 d&#039;her\u00e8ncies a Manresa<\/strong> no nom\u00e9s requereix coneixements jur\u00eddics s\u00f2lids, sin\u00f3 tamb\u00e9 sensibilitat davant de situacions que, en la majoria dels casos, estan marcades pel dol. A 2M Assessors, sabem que cada cas \u00e9s \u00fanic, per aix\u00f2 oferim un servei integral i hum\u00e0 en cada proc\u00e9s de gesti\u00f3 d&#039;her\u00e8ncies a Manresa, ajudant els nostres clients a prendre decisions informades i evitar conflictes familiars innecessaris.<\/p><p>A la nostra experi\u00e8ncia, una bona <strong>gesti\u00f3 d&#039;her\u00e8ncies a Manresa<\/strong> comen\u00e7a per entendre amb claredat els drets i les obligacions que comporta una successi\u00f3. El nostre equip de professionals acompanya des del primer moment: recopilaci\u00f3 de documentaci\u00f3, an\u00e0lisi patrimonial, redacci\u00f3 de quaderns particionals i representaci\u00f3 legal a cada etapa. Tot aix\u00f2 amb l&#039;objectiu que els nostres clients se sentin recolzats i comprenguin cada pas del proc\u00e9s.<\/p><p>\u00a0<\/p>\t\t\t\t\t\t<\/div>\n\t\t\t\t<\/div>\n\t\t\t\t<\/div>\n\t\t<div class=\"elementor-element elementor-element-16f3f00 e-con-full e-flex e-con e-child\" data-id=\"16f3f00\" data-element_type=\"container\">\n\t\t\t\t<div class=\"elementor-element elementor-element-22d1633 elementor-widget elementor-widget-image\" data-id=\"22d1633\" data-element_type=\"widget\" data-widget_type=\"image.default\">\n\t\t\t\t<div class=\"elementor-widget-container\">\n\t\t\t\t\t\t\t\t\t\t\t\t\t<img fetchpriority=\"high\" decoding=\"async\" width=\"800\" height=\"566\" src=\"https:\/\/dosmassessors.com\/wp-content\/uploads\/2025\/04\/contratos-y-despidos-en-Manresa-1024x724.jpg\" class=\"attachment-large size-large wp-image-1581\" alt=\"\" srcset=\"https:\/\/dosmassessors.com\/wp-content\/uploads\/2025\/04\/contratos-y-despidos-en-Manresa-1024x724.jpg 1024w, https:\/\/dosmassessors.com\/wp-content\/uploads\/2025\/04\/contratos-y-despidos-en-Manresa-300x212.jpg 300w, https:\/\/dosmassessors.com\/wp-content\/uploads\/2025\/04\/contratos-y-despidos-en-Manresa-768x543.jpg 768w, https:\/\/dosmassessors.com\/wp-content\/uploads\/2025\/04\/contratos-y-despidos-en-Manresa-1536x1086.jpg 1536w, https:\/\/dosmassessors.com\/wp-content\/uploads\/2025\/04\/contratos-y-despidos-en-Manresa-18x12.jpg 18w, https:\/\/dosmassessors.com\/wp-content\/uploads\/2025\/04\/contratos-y-despidos-en-Manresa.jpg 2000w\" sizes=\"(max-width: 800px) 100vw, 800px\" \/>\t\t\t\t\t\t\t\t\t\t\t\t\t<\/div>\n\t\t\t\t<\/div>\n\t\t\t\t<\/div>\n\t\t\t\t\t<\/div>\n\t\t\t\t<\/div>\n\t\t<div class=\"elementor-element elementor-element-0aa7627 e-flex e-con-boxed e-con e-parent\" data-id=\"0aa7627\" data-element_type=\"container\">\n\t\t\t\t\t<div class=\"e-con-inner\">\n\t\t<div class=\"elementor-element elementor-element-b31c633 e-con-full e-flex e-con e-child\" data-id=\"b31c633\" data-element_type=\"container\">\n\t\t\t\t<div class=\"elementor-element elementor-element-210919f elementor-widget elementor-widget-image\" data-id=\"210919f\" data-element_type=\"widget\" data-widget_type=\"image.default\">\n\t\t\t\t<div class=\"elementor-widget-container\">\n\t\t\t\t\t\t\t\t\t\t\t\t\t<img decoding=\"async\" width=\"800\" height=\"566\" src=\"https:\/\/dosmassessors.com\/wp-content\/uploads\/2025\/06\/Consultoria-contable-en-Manresa-1024x724.jpg\" class=\"attachment-large size-large wp-image-1717\" alt=\"\" srcset=\"https:\/\/dosmassessors.com\/wp-content\/uploads\/2025\/06\/Consultoria-contable-en-Manresa-1024x724.jpg 1024w, https:\/\/dosmassessors.com\/wp-content\/uploads\/2025\/06\/Consultoria-contable-en-Manresa-300x212.jpg 300w, https:\/\/dosmassessors.com\/wp-content\/uploads\/2025\/06\/Consultoria-contable-en-Manresa-768x543.jpg 768w, https:\/\/dosmassessors.com\/wp-content\/uploads\/2025\/06\/Consultoria-contable-en-Manresa-1536x1086.jpg 1536w, https:\/\/dosmassessors.com\/wp-content\/uploads\/2025\/06\/Consultoria-contable-en-Manresa-18x12.jpg 18w, https:\/\/dosmassessors.com\/wp-content\/uploads\/2025\/06\/Consultoria-contable-en-Manresa.jpg 2000w\" sizes=\"(max-width: 800px) 100vw, 800px\" \/>\t\t\t\t\t\t\t\t\t\t\t\t\t<\/div>\n\t\t\t\t<\/div>\n\t\t\t\t<\/div>\n\t\t<div class=\"elementor-element elementor-element-3b5f590 e-con-full e-flex e-con e-child\" data-id=\"3b5f590\" data-element_type=\"container\">\n\t\t\t\t<div class=\"elementor-element elementor-element-0d8d96d elementor-widget elementor-widget-text-editor\" data-id=\"0d8d96d\" data-element_type=\"widget\" data-widget_type=\"text-editor.default\">\n\t\t\t\t<div class=\"elementor-widget-container\">\n\t\t\t\t\t\t\t<h2 data-pm-slice=\"1 1 []\">Claus legals i emocionals en la gesti\u00f3 d&#039;her\u00e8ncies a Manresa<\/h2><p>Moltes persones desconeixen que acceptar una her\u00e8ncia no \u00e9s una obligaci\u00f3 sin\u00f3 una opci\u00f3. I com a tal, \u00e9s fonamental comptar amb el suport d&#039;un expert en <strong>gesti\u00f3 d&#039;her\u00e8ncies a Manresa<\/strong> que s\u00e0piga valorar si conv\u00e9 acceptar o renunciar a la successi\u00f3, especialment quan hi ha deutes o complexitats jur\u00eddiques en joc.<\/p><p>A 2M Assessors analitzem cada her\u00e8ncia des d&#039;un enfocament multidisciplinari: no nom\u00e9s valorem l&#039;impacte fiscal i econ\u00f2mic, sin\u00f3 tamb\u00e9 els aspectes emocionals que poden sorgir entre els hereus. Gr\u00e0cies al nostre coneixement en dret civil i fiscal, oferim un assessorament complet que abasta des de la planificaci\u00f3 success\u00f2ria en vida fins a la liquidaci\u00f3 de l&#039;impost de successions i l&#039;adjudicaci\u00f3 de b\u00e9ns.<\/p><p>La <strong>gesti\u00f3 d&#039;her\u00e8ncies a Manresa<\/strong> no acaba amb el repartiment de b\u00e9ns. En molts casos, cal coordinar amb notaris, registres, bancs i altres institucions. A 2M Assessors centralitzem totes aquestes gestions per evitar demores, errors administratius o malentesos entre les parts. El nostre objectiu \u00e9s que els nostres clients puguin tancar aquest cap\u00edtol de manera eficient, transparent i sense complicacions.<\/p>\t\t\t\t\t\t<\/div>\n\t\t\t\t<\/div>\n\t\t\t\t<\/div>\n\t\t\t\t\t<\/div>\n\t\t\t\t<\/div>\n\t\t<div class=\"elementor-element elementor-element-87f5c3c e-flex e-con-boxed e-con e-parent\" data-id=\"87f5c3c\" data-element_type=\"container\">\n\t\t\t\t\t<div class=\"e-con-inner\">\n\t\t\t\t<div class=\"elementor-element elementor-element-db2be93 elementor-widget elementor-widget-text-editor\" data-id=\"db2be93\" data-element_type=\"widget\" data-widget_type=\"text-editor.default\">\n\t\t\t\t<div class=\"elementor-widget-container\">\n\t\t\t\t\t\t\t<h2 data-pm-slice=\"1 1 []\">2M Assessors: El teu aliat en la gesti\u00f3 d&#039;her\u00e8ncies a Manresa<\/h2><p>Triar 2M Assessors per a la <strong>gesti\u00f3 d&#039;her\u00e8ncies a Manresa<\/strong> \u00e9s optar per una assessoria amb anys de traject\u00f2ria, un equip hum\u00e0 comprom\u00e8s i una atenci\u00f3 propera que posa les persones al centre. Ens impliquem en cada cas com si fos propi, oferint respostes clares, solucions legals efectives i acompanyament en els moments m\u00e9s delicats.<\/p><p>A m\u00e9s, comptem amb eines digitals i serveis actualitzats que permeten una comunicaci\u00f3 fluida, segura i constant, independentment d&#039;on es trobin els hereus. Amb nosaltres, la<strong> gesti\u00f3 d&#039;her\u00e8ncies a Manresa<\/strong> es converteix en un proc\u00e9s m\u00e9s accessible, professional i emp\u00e0tic.<\/p><p>Si necessites assessorament expert per tramitar una her\u00e8ncia o resoldre qualsevol dubte relacionat amb successions, a 2M Assessors trobar\u00e0s els professionals adequats per acompanyar-te en cada etapa. No deixeu en mans de l&#039;atzar un dels processos m\u00e9s delicats en l&#039;\u00e0mbit legal i familiar. Contacta amb nosaltres i descobreix per qu\u00e8 som una refer\u00e8ncia a <strong>gesti\u00f3 d&#039;her\u00e8ncies a Manresa.<\/strong><\/p>\t\t\t\t\t\t<\/div>\n\t\t\t\t<\/div>\n\t\t\t\t\t<\/div>\n\t\t\t\t<\/div>\n\t\t<div class=\"elementor-element elementor-element-36d3d65 e-flex e-con-boxed e-con e-parent\" data-id=\"36d3d65\" data-element_type=\"container\">\n\t\t\t\t\t<div class=\"e-con-inner\">\n\t\t\t\t<div class=\"elementor-element elementor-element-44b14b6 elementor-widget elementor-widget-heading\" data-id=\"44b14b6\" data-element_type=\"widget\" data-widget_type=\"heading.default\">\n\t\t\t\t<div class=\"elementor-widget-container\">\n\t\t\t<h2 class=\"elementor-heading-title elementor-size-default\">Estem per ajudar-te <\/h2>\t\t<\/div>\n\t\t\t\t<\/div>\n\t\t\t\t\t<\/div>\n\t\t\t\t<\/div>\n\t\t<div class=\"elementor-element elementor-element-99f3223 e-flex e-con-boxed e-con e-parent\" data-id=\"99f3223\" data-element_type=\"container\">\n\t\t\t\t\t<div class=\"e-con-inner\">\n\t\t<div class=\"elementor-element elementor-element-59e06c9 e-con-full e-flex e-con e-child\" data-id=\"59e06c9\" data-element_type=\"container\" data-settings=\"{&quot;background_background&quot;:&quot;classic&quot;}\">\n\t\t\t\t<div class=\"elementor-element elementor-element-96d4a88 elementor-button-align-stretch elementor-widget elementor-widget-form\" data-id=\"96d4a88\" data-element_type=\"widget\" data-settings=\"{&quot;button_width&quot;:&quot;50&quot;,&quot;step_next_label&quot;:&quot;Next&quot;,&quot;step_previous_label&quot;:&quot;Previous&quot;,&quot;step_type&quot;:&quot;number_text&quot;,&quot;step_icon_shape&quot;:&quot;circle&quot;}\" data-widget_type=\"form.default\">\n\t\t\t\t<div class=\"elementor-widget-container\">\n\t\t\t\t\t<form class=\"elementor-form\" method=\"post\" name=\"New Form\" action=\"\">\n\t\t\t<input type=\"hidden\" name=\"post_id\" value=\"1800\"\/>\n\t\t\t<input type=\"hidden\" name=\"form_id\" value=\"96d4a88\"\/>\n\t\t\t<input type=\"hidden\" name=\"referer_title\" value=\"Gesti\u00f3n de herencias en Manresa - 2M Assessors\" \/>\n\n\t\t\t\t\t\t\t<input type=\"hidden\" name=\"queried_id\" value=\"1800\"\/>\n\t\t\t\n\t\t\t<div class=\"elementor-form-fields-wrapper elementor-labels-above\">\n\t\t\t\t\t\t\t\t<div class=\"elementor-field-type-text elementor-field-group elementor-column elementor-field-group-name elementor-col-50 elementor-field-required\">\n\t\t\t\t\t\t\t\t\t\t\t\t<label for=\"form-field-name\" class=\"elementor-field-label\">\n\t\t\t\t\t\t\t\tNom\t\t\t\t\t\t\t<\/label>\n\t\t\t\t\t\t\t\t\t\t\t\t\t\t<input size=\"1\" type=\"text\" name=\"form_fields[name]\" id=\"form-field-name\" class=\"elementor-field elementor-size-md  elementor-field-textual\" placeholder=\"Nom *\" required=\"required\" aria-required=\"true\">\n\t\t\t\t\t\t\t\t\t\t\t<\/div>\n\t\t\t\t\t\t\t\t<div class=\"elementor-field-type-text elementor-field-group elementor-column elementor-field-group-field_4b65802 elementor-col-50 elementor-field-required\">\n\t\t\t\t\t\t\t\t\t\t\t\t<label for=\"form-field-field_4b65802\" class=\"elementor-field-label\">\n\t\t\t\t\t\t\t\tAssumpte\t\t\t\t\t\t\t<\/label>\n\t\t\t\t\t\t\t\t\t\t\t\t\t\t<input size=\"1\" type=\"text\" name=\"form_fields[field_4b65802]\" id=\"form-field-field_4b65802\" class=\"elementor-field elementor-size-md  elementor-field-textual\" placeholder=\"Assumpte *\" required=\"required\" aria-required=\"true\">\n\t\t\t\t\t\t\t\t\t\t\t<\/div>\n\t\t\t\t\t\t\t\t<div class=\"elementor-field-type-email elementor-field-group elementor-column elementor-field-group-email elementor-col-50 elementor-field-required\">\n\t\t\t\t\t\t\t\t\t\t\t\t<label for=\"form-field-email\" class=\"elementor-field-label\">\n\t\t\t\t\t\t\t\tEmail\t\t\t\t\t\t\t<\/label>\n\t\t\t\t\t\t\t\t\t\t\t\t\t\t<input size=\"1\" type=\"email\" name=\"form_fields[email]\" id=\"form-field-email\" class=\"elementor-field elementor-size-md  elementor-field-textual\" placeholder=\"Email *\" required=\"required\" aria-required=\"true\">\n\t\t\t\t\t\t\t\t\t\t\t<\/div>\n\t\t\t\t\t\t\t\t<div class=\"elementor-field-type-tel elementor-field-group elementor-column elementor-field-group-field_ce6273e elementor-col-50 elementor-field-required\">\n\t\t\t\t\t\t\t\t\t\t\t\t<label for=\"form-field-field_ce6273e\" class=\"elementor-field-label\">\n\t\t\t\t\t\t\t\tTel\u00e8fon\t\t\t\t\t\t\t<\/label>\n\t\t\t\t\t\t\t\t<input size=\"1\" type=\"tel\" name=\"form_fields[field_ce6273e]\" id=\"form-field-field_ce6273e\" class=\"elementor-field elementor-size-md  elementor-field-textual\" placeholder=\"Tel\u00e8fon *\" required=\"required\" aria-required=\"true\" pattern=\"[0-9()#&amp;+*-=.]+\" title=\"Nom\u00e9s s&#039;accepten n\u00fameros i car\u00e0cters telef\u00f2nics (#, -, *, etc.).\">\n\n\t\t\t\t\t\t<\/div>\n\t\t\t\t\t\t\t\t<div class=\"elementor-field-type-textarea elementor-field-group elementor-column elementor-field-group-message elementor-col-100 elementor-field-required\">\n\t\t\t\t\t\t\t\t\t\t\t\t<label for=\"form-field-message\" class=\"elementor-field-label\">\n\t\t\t\t\t\t\t\tMissatge\t\t\t\t\t\t\t<\/label>\n\t\t\t\t\t\t<textarea class=\"elementor-field-textual elementor-field  elementor-size-md\" name=\"form_fields[message]\" id=\"form-field-message\" rows=\"4\" placeholder=\"Missatge *\" required=\"required\" aria-required=\"true\"><\/textarea>\t\t\t\t<\/div>\n\t\t\t\t\t\t\t\t<div class=\"elementor-field-type-checkbox elementor-field-group elementor-column elementor-field-group-field_98fe05b elementor-col-100\">\n\t\t\t\t\t<div class=\"elementor-field-subgroup\"><span class=\"elementor-field-option\"><input type=\"checkbox\" value=\"He le\u00eddo el &lt;a href=&quot;\/aviso-legal\/&quot;&gt;aviso legal&lt;\/a&gt; y la &lt;a href=&quot;\/politica-de-privacidad\/&quot;&gt;pol\u00edtica de privacidad&lt;\/a&gt;\" id=\"form-field-field_98fe05b-0\" name=\"form_fields[field_98fe05b]\"> <label for=\"form-field-field_98fe05b-0\">He llegit el <a href=\"\/ca\/aviso-legal\/\">av\u00eds legal<\/a> i la <a href=\"\/ca\/politica-de-privacidad\/\">pol\u00edtica de privadesa<\/a><\/label><\/span><\/div>\t\t\t\t<\/div>\n\t\t\t\t\t\t\t\t<div class=\"elementor-field-type-text\">\n\t\t\t\t\t<input size=\"1\" type=\"text\" name=\"form_fields[field_cb8fcf1]\" id=\"form-field-field_cb8fcf1\" class=\"elementor-field elementor-size-md\" style=\"display:none !important;\">\t\t\t\t<\/div>\n\t\t\t\t\t\t\t\t<div class=\"elementor-field-type-recaptcha_v3 elementor-field-group elementor-column elementor-field-group-field_8a52363 elementor-col-100 recaptcha_v3-bottomleft\">\n\t\t\t\t\t<div class=\"elementor-field\" id=\"form-field-field_8a52363\"><div class=\"elementor-g-recaptcha\" data-sitekey=\"6LfrcroqAAAAAKZJik0oFZZi7Msnx5YJKIiW4xT1\" data-type=\"v3\" data-action=\"Form\" data-badge=\"bottomleft\" data-size=\"invisible\"><\/div><\/div>\t\t\t\t<\/div>\n\t\t\t\t\t\t\t\t<div class=\"elementor-field-group elementor-column elementor-field-type-submit elementor-col-50 e-form__buttons\">\n\t\t\t\t\t<button class=\"elementor-button elementor-size-sm\" type=\"submit\">\n\t\t\t\t\t\t<span class=\"elementor-button-content-wrapper\">\n\t\t\t\t\t\t\t\t\t\t\t\t\t\t\t\t\t\t\t\t\t\t<span class=\"elementor-button-text\">Enviar<\/span>\n\t\t\t\t\t\t\t\t\t\t\t\t\t<\/span>\n\t\t\t\t\t<\/button>\n\t\t\t\t<\/div>\n\t\t\t<\/div>\n\t\t<input type=\"hidden\" name=\"trp-form-language\" value=\"ca\"\/><\/form>\n\t\t\t\t<\/div>\n\t\t\t\t<\/div>\n\t\t\t\t<\/div>\n\t\t\t\t\t<\/div>\n\t\t\t\t<\/div>\n\t\t\t\t<\/div>","protected":false},"excerpt":{"rendered":"<p>Gesti\u00f3 d&#039;her\u00e8ncies a Manresa Experts en gesti\u00f3 d&#039;her\u00e8ncies a Manresa amb atenci\u00f3 personalitzada La gesti\u00f3 d&#039;her\u00e8ncies a Manresa no sols requereix coneixements jur\u00eddics s\u00f2lids, sin\u00f3 tamb\u00e9 sensibilitat davant de situacions que, en la majoria dels casos, estan marcades pel dol. A 2M Assessors, sabem que cada cas \u00e9s \u00fanic, per aix\u00f2 [\u2026]<\/p>","protected":false},"author":3,"featured_media":0,"parent":0,"menu_order":0,"comment_status":"closed","ping_status":"closed","template":"","meta":{"footnotes":""},"class_list":["post-1800","page","type-page","status-publish","hentry"],"yoast_head":"<!-- This site is optimized with the Yoast SEO plugin v24.2 - https:\/\/yoast.com\/wordpress\/plugins\/seo\/ -->\n<title>Gesti\u00f3n de herencias en Manresa - 2M Assessors<\/title>\n<meta name=\"robots\" content=\"index, follow, max-snippet:-1, max-image-preview:large, max-video-preview:-1\" \/>\n<link rel=\"canonical\" href=\"https:\/\/dosmassessors.com\/ca\/gestion-de-herencias-en-manresa\/\" \/>\n<meta property=\"og:locale\" content=\"ca_ES\" \/>\n<meta property=\"og:type\" content=\"article\" \/>\n<meta property=\"og:title\" content=\"Gesti\u00f3n de herencias en Manresa - 2M Assessors\" \/>\n<meta property=\"og:description\" content=\"Gesti\u00f3n de herencias en Manresa Expertos en gesti\u00f3n de herencias en Manresa con atenci\u00f3n personalizada La gesti\u00f3n de herencias en Manresa no solo requiere conocimientos jur\u00eddicos s\u00f3lidos, sino tambi\u00e9n sensibilidad ante situaciones que, en la mayor\u00eda de los casos, est\u00e1n marcadas por el duelo. En 2M Assessors, sabemos que cada caso es \u00fanico, por eso [&hellip;]\" \/>\n<meta property=\"og:url\" content=\"https:\/\/dosmassessors.com\/ca\/gestion-de-herencias-en-manresa\/\" \/>\n<meta property=\"og:site_name\" content=\"2M Assessors\" \/>\n<meta property=\"article:modified_time\" content=\"2025-07-10T13:17:44+00:00\" \/>\n<meta property=\"og:image\" content=\"https:\/\/dosmassessors.com\/wp-content\/uploads\/2025\/04\/contratos-y-despidos-en-Manresa.jpg\" \/>\n\t<meta property=\"og:image:width\" content=\"2000\" \/>\n\t<meta property=\"og:image:height\" content=\"1414\" \/>\n\t<meta property=\"og:image:type\" content=\"image\/jpeg\" \/>\n<meta name=\"twitter:card\" content=\"summary_large_image\" \/>\n<meta name=\"twitter:label1\" content=\"Temps estimat de lectura\" \/>\n\t<meta name=\"twitter:data1\" content=\"3 minuts\" \/>\n<script type=\"application\/ld+json\" class=\"yoast-schema-graph\">{\"@context\":\"https:\/\/schema.org\",\"@graph\":[{\"@type\":\"WebPage\",\"@id\":\"https:\/\/dosmassessors.com\/gestion-de-herencias-en-manresa\/\",\"url\":\"https:\/\/dosmassessors.com\/gestion-de-herencias-en-manresa\/\",\"name\":\"Gesti\u00f3n de herencias en Manresa - 2M Assessors\",\"isPartOf\":{\"@id\":\"https:\/\/dosmassessors.com\/#website\"},\"primaryImageOfPage\":{\"@id\":\"https:\/\/dosmassessors.com\/gestion-de-herencias-en-manresa\/#primaryimage\"},\"image\":{\"@id\":\"https:\/\/dosmassessors.com\/gestion-de-herencias-en-manresa\/#primaryimage\"},\"thumbnailUrl\":\"https:\/\/dosmassessors.com\/wp-content\/uploads\/2025\/04\/contratos-y-despidos-en-Manresa-1024x724.jpg\",\"datePublished\":\"2025-07-10T13:09:51+00:00\",\"dateModified\":\"2025-07-10T13:17:44+00:00\",\"breadcrumb\":{\"@id\":\"https:\/\/dosmassessors.com\/gestion-de-herencias-en-manresa\/#breadcrumb\"},\"inLanguage\":\"ca\",\"potentialAction\":[{\"@type\":\"ReadAction\",\"target\":[\"https:\/\/dosmassessors.com\/gestion-de-herencias-en-manresa\/\"]}]},{\"@type\":\"ImageObject\",\"inLanguage\":\"ca\",\"@id\":\"https:\/\/dosmassessors.com\/gestion-de-herencias-en-manresa\/#primaryimage\",\"url\":\"https:\/\/dosmassessors.com\/wp-content\/uploads\/2025\/04\/contratos-y-despidos-en-Manresa-1024x724.jpg\",\"contentUrl\":\"https:\/\/dosmassessors.com\/wp-content\/uploads\/2025\/04\/contratos-y-despidos-en-Manresa-1024x724.jpg\"},{\"@type\":\"BreadcrumbList\",\"@id\":\"https:\/\/dosmassessors.com\/gestion-de-herencias-en-manresa\/#breadcrumb\",\"itemListElement\":[{\"@type\":\"ListItem\",\"position\":1,\"name\":\"Portada\",\"item\":\"https:\/\/dosmassessors.com\/\"},{\"@type\":\"ListItem\",\"position\":2,\"name\":\"Gesti\u00f3n de herencias en Manresa\"}]},{\"@type\":\"WebSite\",\"@id\":\"https:\/\/dosmassessors.com\/#website\",\"url\":\"https:\/\/dosmassessors.com\/\",\"name\":\"2M Assessors\",\"description\":\"Tu asesor\u00eda de confianza para particulares y empresas en Manresa\",\"publisher\":{\"@id\":\"https:\/\/dosmassessors.com\/#organization\"},\"potentialAction\":[{\"@type\":\"SearchAction\",\"target\":{\"@type\":\"EntryPoint\",\"urlTemplate\":\"https:\/\/dosmassessors.com\/?s={search_term_string}\"},\"query-input\":{\"@type\":\"PropertyValueSpecification\",\"valueRequired\":true,\"valueName\":\"search_term_string\"}}],\"inLanguage\":\"ca\"},{\"@type\":\"Organization\",\"@id\":\"https:\/\/dosmassessors.com\/#organization\",\"name\":\"2M Assessors\",\"url\":\"https:\/\/dosmassessors.com\/\",\"logo\":{\"@type\":\"ImageObject\",\"inLanguage\":\"ca\",\"@id\":\"https:\/\/dosmassessors.com\/#\/schema\/logo\/image\/\",\"url\":\"https:\/\/dosmassessors.com\/wp-content\/uploads\/2024\/12\/2m.png\",\"contentUrl\":\"https:\/\/dosmassessors.com\/wp-content\/uploads\/2024\/12\/2m.png\",\"width\":1113,\"height\":123,\"caption\":\"2M Assessors\"},\"image\":{\"@id\":\"https:\/\/dosmassessors.com\/#\/schema\/logo\/image\/\"}}]}<\/script>\n<!-- \/ Yoast SEO plugin. -->","yoast_head_json":{"title":"Gesti\u00f3n de herencias en Manresa - 2M Assessors","robots":{"index":"index","follow":"follow","max-snippet":"max-snippet:-1","max-image-preview":"max-image-preview:large","max-video-preview":"max-video-preview:-1"},"canonical":"https:\/\/dosmassessors.com\/ca\/gestion-de-herencias-en-manresa\/","og_locale":"ca_ES","og_type":"article","og_title":"Gesti\u00f3n de herencias en Manresa - 2M Assessors","og_description":"Gesti\u00f3n de herencias en Manresa Expertos en gesti\u00f3n de herencias en Manresa con atenci\u00f3n personalizada La gesti\u00f3n de herencias en Manresa no solo requiere conocimientos jur\u00eddicos s\u00f3lidos, sino tambi\u00e9n sensibilidad ante situaciones que, en la mayor\u00eda de los casos, est\u00e1n marcadas por el duelo. En 2M Assessors, sabemos que cada caso es \u00fanico, por eso [&hellip;]","og_url":"https:\/\/dosmassessors.com\/ca\/gestion-de-herencias-en-manresa\/","og_site_name":"2M Assessors","article_modified_time":"2025-07-10T13:17:44+00:00","og_image":[{"width":2000,"height":1414,"url":"https:\/\/dosmassessors.com\/wp-content\/uploads\/2025\/04\/contratos-y-despidos-en-Manresa.jpg","type":"image\/jpeg"}],"twitter_card":"summary_large_image","twitter_misc":{"Temps estimat de lectura":"3 minuts"},"schema":{"@context":"https:\/\/schema.org","@graph":[{"@type":"WebPage","@id":"https:\/\/dosmassessors.com\/gestion-de-herencias-en-manresa\/","url":"https:\/\/dosmassessors.com\/gestion-de-herencias-en-manresa\/","name":"Gesti\u00f3n de herencias en Manresa - 2M Assessors","isPartOf":{"@id":"https:\/\/dosmassessors.com\/#website"},"primaryImageOfPage":{"@id":"https:\/\/dosmassessors.com\/gestion-de-herencias-en-manresa\/#primaryimage"},"image":{"@id":"https:\/\/dosmassessors.com\/gestion-de-herencias-en-manresa\/#primaryimage"},"thumbnailUrl":"https:\/\/dosmassessors.com\/wp-content\/uploads\/2025\/04\/contratos-y-despidos-en-Manresa-1024x724.jpg","datePublished":"2025-07-10T13:09:51+00:00","dateModified":"2025-07-10T13:17:44+00:00","breadcrumb":{"@id":"https:\/\/dosmassessors.com\/gestion-de-herencias-en-manresa\/#breadcrumb"},"inLanguage":"ca","potentialAction":[{"@type":"ReadAction","target":["https:\/\/dosmassessors.com\/gestion-de-herencias-en-manresa\/"]}]},{"@type":"ImageObject","inLanguage":"ca","@id":"https:\/\/dosmassessors.com\/gestion-de-herencias-en-manresa\/#primaryimage","url":"https:\/\/dosmassessors.com\/wp-content\/uploads\/2025\/04\/contratos-y-despidos-en-Manresa-1024x724.jpg","contentUrl":"https:\/\/dosmassessors.com\/wp-content\/uploads\/2025\/04\/contratos-y-despidos-en-Manresa-1024x724.jpg"},{"@type":"BreadcrumbList","@id":"https:\/\/dosmassessors.com\/gestion-de-herencias-en-manresa\/#breadcrumb","itemListElement":[{"@type":"ListItem","position":1,"name":"Portada","item":"https:\/\/dosmassessors.com\/"},{"@type":"ListItem","position":2,"name":"Gesti\u00f3n de herencias en Manresa"}]},{"@type":"WebSite","@id":"https:\/\/dosmassessors.com\/#website","url":"https:\/\/dosmassessors.com\/","name":"2M Assessors","description":"Tu asesor\u00eda de confianza para particulares y empresas en Manresa","publisher":{"@id":"https:\/\/dosmassessors.com\/#organization"},"potentialAction":[{"@type":"SearchAction","target":{"@type":"EntryPoint","urlTemplate":"https:\/\/dosmassessors.com\/?s={search_term_string}"},"query-input":{"@type":"PropertyValueSpecification","valueRequired":true,"valueName":"search_term_string"}}],"inLanguage":"ca"},{"@type":"Organization","@id":"https:\/\/dosmassessors.com\/#organization","name":"2M Assessors","url":"https:\/\/dosmassessors.com\/","logo":{"@type":"ImageObject","inLanguage":"ca","@id":"https:\/\/dosmassessors.com\/#\/schema\/logo\/image\/","url":"https:\/\/dosmassessors.com\/wp-content\/uploads\/2024\/12\/2m.png","contentUrl":"https:\/\/dosmassessors.com\/wp-content\/uploads\/2024\/12\/2m.png","width":1113,"height":123,"caption":"2M Assessors"},"image":{"@id":"https:\/\/dosmassessors.com\/#\/schema\/logo\/image\/"}}]}},"_links":{"self":[{"href":"https:\/\/dosmassessors.com\/ca\/wp-json\/wp\/v2\/pages\/1800","targetHints":{"allow":["GET"]}}],"collection":[{"href":"https:\/\/dosmassessors.com\/ca\/wp-json\/wp\/v2\/pages"}],"about":[{"href":"https:\/\/dosmassessors.com\/ca\/wp-json\/wp\/v2\/types\/page"}],"author":[{"embeddable":true,"href":"https:\/\/dosmassessors.com\/ca\/wp-json\/wp\/v2\/users\/3"}],"replies":[{"embeddable":true,"href":"https:\/\/dosmassessors.com\/ca\/wp-json\/wp\/v2\/comments?post=1800"}],"version-history":[{"count":5,"href":"https:\/\/dosmassessors.com\/ca\/wp-json\/wp\/v2\/pages\/1800\/revisions"}],"predecessor-version":[{"id":1805,"href":"https:\/\/dosmassessors.com\/ca\/wp-json\/wp\/v2\/pages\/1800\/revisions\/1805"}],"wp:attachment":[{"href":"https:\/\/dosmassessors.com\/ca\/wp-json\/wp\/v2\/media?parent=1800"}],"curies":[{"name":"wp","href":"https:\/\/api.w.org\/{rel}","templated":true}]}}