{"id":1789,"date":"2025-07-10T15:02:14","date_gmt":"2025-07-10T13:02:14","guid":{"rendered":"https:\/\/dosmassessors.com\/?page_id=1789"},"modified":"2025-07-10T15:06:00","modified_gmt":"2025-07-10T13:06:00","slug":"gestion-de-herencias","status":"publish","type":"page","link":"https:\/\/dosmassessors.com\/ca\/gestion-de-herencias\/","title":{"rendered":"Gesti\u00f3 d&#039;her\u00e8ncies"},"content":{"rendered":"<div data-elementor-type=\"wp-page\" data-elementor-id=\"1789\" class=\"elementor elementor-1789\" data-elementor-post-type=\"page\">\n\t\t\t\t<div class=\"elementor-element elementor-element-0a356de e-flex e-con-boxed e-con e-parent\" data-id=\"0a356de\" data-element_type=\"container\">\n\t\t\t\t\t<div class=\"e-con-inner\">\n\t\t\t\t<div class=\"elementor-element elementor-element-7f53375 elementor-widget elementor-widget-heading\" data-id=\"7f53375\" data-element_type=\"widget\" data-widget_type=\"heading.default\">\n\t\t\t\t<div class=\"elementor-widget-container\">\n\t\t\t<h2 class=\"elementor-heading-title elementor-size-default\">Gesti\u00f3 d&#039;her\u00e8ncies<\/h2>\t\t<\/div>\n\t\t\t\t<\/div>\n\t\t\t\t\t<\/div>\n\t\t\t\t<\/div>\n\t\t<div class=\"elementor-element elementor-element-eacd8bc e-flex e-con-boxed e-con e-parent\" data-id=\"eacd8bc\" data-element_type=\"container\">\n\t\t\t\t\t<div class=\"e-con-inner\">\n\t\t<div class=\"elementor-element elementor-element-c88e4a4 e-con-full e-flex e-con e-child\" data-id=\"c88e4a4\" data-element_type=\"container\">\n\t\t\t\t<div class=\"elementor-element elementor-element-c9ea1cc elementor-widget elementor-widget-text-editor\" data-id=\"c9ea1cc\" data-element_type=\"widget\" data-widget_type=\"text-editor.default\">\n\t\t\t\t<div class=\"elementor-widget-container\">\n\t\t\t\t\t\t\t<h2 data-pm-slice=\"1 1 []\">Gesti\u00f3 d&#039;her\u00e8ncies: una decisi\u00f3 clau que mereix el millor acompanyament<\/h2><p>Gestionar una her\u00e8ncia no \u00e9s nom\u00e9s un tr\u00e0mit jur\u00eddic: \u00e9s un proc\u00e9s emocional, financer i legal que pot afectar tota una fam\u00edlia. Per aix\u00f2, quan parlem de <strong>gesti\u00f3 d&#039;her\u00e8ncies<\/strong>, parlem de claredat, seguretat i assessorament especialitzat. A 2M Assessors, entenem el delicat d&#039;aquestes situacions i oferim un servei complet d&#039;acompanyament legal i fiscal per garantir que cada pas es dugui a terme amb professionalitat i respecte pels interessos dels hereus.<\/p><h2>Per qu\u00e8 \u00e9s important tenir un expert en gesti\u00f3 d&#039;her\u00e8ncies?<\/h2><p>La <strong>gesti\u00f3 d&#039;her\u00e8ncies<\/strong>\u00a0implica molt m\u00e9s que repartir b\u00e9ns. Suposa con\u00e8ixer la normativa fiscal, fer una correcta liquidaci\u00f3 de l&#039;impost de successions, tramitar documents notarials i registrar correctament els b\u00e9ns. Cada error o retard pot suposar un cost econ\u00f2mic o un conflicte familiar. Per aix\u00f2, confiar en un equip expert com el de 2M Assessors garanteix que el proc\u00e9s es desenvolupi amb agilitat, legalitat i sense sorpreses desagradables.<\/p>\t\t\t\t\t\t<\/div>\n\t\t\t\t<\/div>\n\t\t\t\t<\/div>\n\t\t<div class=\"elementor-element elementor-element-e9ac2b9 e-con-full e-flex e-con e-child\" data-id=\"e9ac2b9\" data-element_type=\"container\">\n\t\t\t\t<div class=\"elementor-element elementor-element-8e0249a elementor-widget elementor-widget-image\" data-id=\"8e0249a\" data-element_type=\"widget\" data-widget_type=\"image.default\">\n\t\t\t\t<div class=\"elementor-widget-container\">\n\t\t\t\t\t\t\t\t\t\t\t\t\t<img fetchpriority=\"high\" decoding=\"async\" width=\"800\" height=\"566\" src=\"https:\/\/dosmassessors.com\/wp-content\/uploads\/2025\/06\/asesoria-en-manresa-1024x724.jpg\" class=\"attachment-large size-large wp-image-1708\" alt=\"\" srcset=\"https:\/\/dosmassessors.com\/wp-content\/uploads\/2025\/06\/asesoria-en-manresa-1024x724.jpg 1024w, https:\/\/dosmassessors.com\/wp-content\/uploads\/2025\/06\/asesoria-en-manresa-300x212.jpg 300w, https:\/\/dosmassessors.com\/wp-content\/uploads\/2025\/06\/asesoria-en-manresa-768x543.jpg 768w, https:\/\/dosmassessors.com\/wp-content\/uploads\/2025\/06\/asesoria-en-manresa-1536x1086.jpg 1536w, https:\/\/dosmassessors.com\/wp-content\/uploads\/2025\/06\/asesoria-en-manresa-18x12.jpg 18w, https:\/\/dosmassessors.com\/wp-content\/uploads\/2025\/06\/asesoria-en-manresa.jpg 2000w\" sizes=\"(max-width: 800px) 100vw, 800px\" \/>\t\t\t\t\t\t\t\t\t\t\t\t\t<\/div>\n\t\t\t\t<\/div>\n\t\t\t\t<\/div>\n\t\t\t\t\t<\/div>\n\t\t\t\t<\/div>\n\t\t<div class=\"elementor-element elementor-element-4428dac e-flex e-con-boxed e-con e-parent\" data-id=\"4428dac\" data-element_type=\"container\">\n\t\t\t\t\t<div class=\"e-con-inner\">\n\t\t<div class=\"elementor-element elementor-element-4db88fc e-con-full e-flex e-con e-child\" data-id=\"4db88fc\" data-element_type=\"container\">\n\t\t\t\t<div class=\"elementor-element elementor-element-ae12b6b elementor-widget elementor-widget-text-editor\" data-id=\"ae12b6b\" data-element_type=\"widget\" data-widget_type=\"text-editor.default\">\n\t\t\t\t<div class=\"elementor-widget-container\">\n\t\t\t\t\t\t\t<h2 data-pm-slice=\"1 1 []\">Avantatges de contractar 2M Assessors per a la gesti\u00f3 d&#039;her\u00e8ncies<\/h2><p>Triar 2M Assessors per a la <strong>gesti\u00f3 d&#039;her\u00e8ncies<\/strong>\u00a0vol dir comptar amb un equip multidisciplinari amb experi\u00e8ncia en dret civil, fiscalitat i tr\u00e0mits registrals. Els nostres professionals no nom\u00e9s coneixen la legislaci\u00f3 vigent a Catalunya ia la resta del territori espanyol, sin\u00f3 que tenen una sensibilitat especial per tractar amb empatia els temes familiars.<\/p><p>La nostra metodologia est\u00e0 centrada en l&#039;efici\u00e8ncia: analitzem el cabal hereditari, gestionem l&#039;acceptaci\u00f3 o la ren\u00fancia d&#039;her\u00e8ncia, elaborem els documents necessaris i tramitem davant de notaris i registres. A m\u00e9s a m\u00e9s, oferim assessorament fiscal perqu\u00e8 els hereus puguin prendre decisions informades sobre la liquidaci\u00f3 d&#039;impostos.<\/p><p>A 2M Assessors creiem que la confian\u00e7a \u00e9s clau, i per aix\u00f2 ens comprometem a explicar amb claredat cada pas del proc\u00e9s. Els nostres clients valoren la nostra proximitat, la nostra transpar\u00e8ncia i la nostra capacitat per resoldre problemes de manera efica\u00e7.<\/p>\t\t\t\t\t\t<\/div>\n\t\t\t\t<\/div>\n\t\t\t\t<\/div>\n\t\t<div class=\"elementor-element elementor-element-c601b79 e-con-full e-flex e-con e-child\" data-id=\"c601b79\" data-element_type=\"container\">\n\t\t\t\t<div class=\"elementor-element elementor-element-497a5cd elementor-widget elementor-widget-image\" data-id=\"497a5cd\" data-element_type=\"widget\" data-widget_type=\"image.default\">\n\t\t\t\t<div class=\"elementor-widget-container\">\n\t\t\t\t\t\t\t\t\t\t\t\t\t<img decoding=\"async\" width=\"800\" height=\"566\" src=\"https:\/\/dosmassessors.com\/wp-content\/uploads\/2025\/06\/contable-en-Manresa-1024x724.jpg\" class=\"attachment-large size-large wp-image-1719\" alt=\"\" srcset=\"https:\/\/dosmassessors.com\/wp-content\/uploads\/2025\/06\/contable-en-Manresa-1024x724.jpg 1024w, https:\/\/dosmassessors.com\/wp-content\/uploads\/2025\/06\/contable-en-Manresa-300x212.jpg 300w, https:\/\/dosmassessors.com\/wp-content\/uploads\/2025\/06\/contable-en-Manresa-768x543.jpg 768w, https:\/\/dosmassessors.com\/wp-content\/uploads\/2025\/06\/contable-en-Manresa-1536x1086.jpg 1536w, https:\/\/dosmassessors.com\/wp-content\/uploads\/2025\/06\/contable-en-Manresa-18x12.jpg 18w, https:\/\/dosmassessors.com\/wp-content\/uploads\/2025\/06\/contable-en-Manresa.jpg 2000w\" sizes=\"(max-width: 800px) 100vw, 800px\" \/>\t\t\t\t\t\t\t\t\t\t\t\t\t<\/div>\n\t\t\t\t<\/div>\n\t\t\t\t<\/div>\n\t\t\t\t\t<\/div>\n\t\t\t\t<\/div>\n\t\t<div class=\"elementor-element elementor-element-fc82fed e-flex e-con-boxed e-con e-parent\" data-id=\"fc82fed\" data-element_type=\"container\">\n\t\t\t\t\t<div class=\"e-con-inner\">\n\t\t\t\t<div class=\"elementor-element elementor-element-f3a0d1c elementor-widget elementor-widget-text-editor\" data-id=\"f3a0d1c\" data-element_type=\"widget\" data-widget_type=\"text-editor.default\">\n\t\t\t\t<div class=\"elementor-widget-container\">\n\t\t\t\t\t\t\t<h2 data-pm-slice=\"1 1 []\">2M Assessors, el teu aliat en la gesti\u00f3 d&#039;her\u00e8ncies<\/h2><p>La <strong>gesti\u00f3 d&#039;her\u00e8ncies<\/strong>\u00a0\u00e9s un proc\u00e9s que pot marcar la difer\u00e8ncia entre una successi\u00f3 pac\u00edfica i un conflicte innecessari. Comptar amb el suport de professionals especialitzats com els de 2M Assessors permet transitar aquest cam\u00ed amb tranquil\u00b7litat, sabent que tot est\u00e0 en bones mans.<\/p><p>El nostre despatx s&#039;ha guanyat la confian\u00e7a de moltes fam\u00edlies a Manresa gr\u00e0cies a la nostra manera de treballar: seriosa, honesta i propera. Si necessites ajuda amb la <strong>gesti\u00f3 d&#039;her\u00e8ncies,<\/strong> no dubtis a contactar-nos. Som aqu\u00ed per acompanyar-te, explicar-te cada pas i assegurar-nos que els teus drets i els de la teva fam\u00edlia estiguin protegits.<\/p><p>Confia en 2M Assessors per a la <strong>gesti\u00f3 dher\u00e8ncies.<\/strong> Experi\u00e8ncia, rigor i proximitat al servei de la teva tranquil\u00b7litat.<\/p><p>\u00a0<\/p>\t\t\t\t\t\t<\/div>\n\t\t\t\t<\/div>\n\t\t\t\t\t<\/div>\n\t\t\t\t<\/div>\n\t\t<div class=\"elementor-element elementor-element-29da306 e-flex e-con-boxed e-con e-parent\" data-id=\"29da306\" data-element_type=\"container\">\n\t\t\t\t\t<div class=\"e-con-inner\">\n\t\t\t\t<div class=\"elementor-element elementor-element-463c89b elementor-widget elementor-widget-heading\" data-id=\"463c89b\" data-element_type=\"widget\" data-widget_type=\"heading.default\">\n\t\t\t\t<div class=\"elementor-widget-container\">\n\t\t\t<h2 class=\"elementor-heading-title elementor-size-default\">Estem per ajudar-te <\/h2>\t\t<\/div>\n\t\t\t\t<\/div>\n\t\t\t\t\t<\/div>\n\t\t\t\t<\/div>\n\t\t<div class=\"elementor-element elementor-element-09b153f e-flex e-con-boxed e-con e-parent\" data-id=\"09b153f\" data-element_type=\"container\">\n\t\t\t\t\t<div class=\"e-con-inner\">\n\t\t<div class=\"elementor-element elementor-element-d2fdff9 e-con-full e-flex e-con e-child\" data-id=\"d2fdff9\" data-element_type=\"container\" data-settings=\"{&quot;background_background&quot;:&quot;classic&quot;}\">\n\t\t\t\t<div class=\"elementor-element elementor-element-0d0b759 elementor-button-align-stretch elementor-widget elementor-widget-form\" data-id=\"0d0b759\" data-element_type=\"widget\" data-settings=\"{&quot;button_width&quot;:&quot;50&quot;,&quot;step_next_label&quot;:&quot;Next&quot;,&quot;step_previous_label&quot;:&quot;Previous&quot;,&quot;step_type&quot;:&quot;number_text&quot;,&quot;step_icon_shape&quot;:&quot;circle&quot;}\" data-widget_type=\"form.default\">\n\t\t\t\t<div class=\"elementor-widget-container\">\n\t\t\t\t\t<form class=\"elementor-form\" method=\"post\" name=\"New Form\" action=\"\">\n\t\t\t<input type=\"hidden\" name=\"post_id\" value=\"1789\"\/>\n\t\t\t<input type=\"hidden\" name=\"form_id\" value=\"0d0b759\"\/>\n\t\t\t<input type=\"hidden\" name=\"referer_title\" value=\"Gesti\u00f3n de herencias - 2M Assessors\" \/>\n\n\t\t\t\t\t\t\t<input type=\"hidden\" name=\"queried_id\" value=\"1789\"\/>\n\t\t\t\n\t\t\t<div class=\"elementor-form-fields-wrapper elementor-labels-above\">\n\t\t\t\t\t\t\t\t<div class=\"elementor-field-type-text elementor-field-group elementor-column elementor-field-group-name elementor-col-50 elementor-field-required\">\n\t\t\t\t\t\t\t\t\t\t\t\t<label for=\"form-field-name\" class=\"elementor-field-label\">\n\t\t\t\t\t\t\t\tNom\t\t\t\t\t\t\t<\/label>\n\t\t\t\t\t\t\t\t\t\t\t\t\t\t<input size=\"1\" type=\"text\" name=\"form_fields[name]\" id=\"form-field-name\" class=\"elementor-field elementor-size-md  elementor-field-textual\" placeholder=\"Nom *\" required=\"required\" aria-required=\"true\">\n\t\t\t\t\t\t\t\t\t\t\t<\/div>\n\t\t\t\t\t\t\t\t<div class=\"elementor-field-type-text elementor-field-group elementor-column elementor-field-group-field_4b65802 elementor-col-50 elementor-field-required\">\n\t\t\t\t\t\t\t\t\t\t\t\t<label for=\"form-field-field_4b65802\" class=\"elementor-field-label\">\n\t\t\t\t\t\t\t\tAssumpte\t\t\t\t\t\t\t<\/label>\n\t\t\t\t\t\t\t\t\t\t\t\t\t\t<input size=\"1\" type=\"text\" name=\"form_fields[field_4b65802]\" id=\"form-field-field_4b65802\" class=\"elementor-field elementor-size-md  elementor-field-textual\" placeholder=\"Assumpte *\" required=\"required\" aria-required=\"true\">\n\t\t\t\t\t\t\t\t\t\t\t<\/div>\n\t\t\t\t\t\t\t\t<div class=\"elementor-field-type-email elementor-field-group elementor-column elementor-field-group-email elementor-col-50 elementor-field-required\">\n\t\t\t\t\t\t\t\t\t\t\t\t<label for=\"form-field-email\" class=\"elementor-field-label\">\n\t\t\t\t\t\t\t\tEmail\t\t\t\t\t\t\t<\/label>\n\t\t\t\t\t\t\t\t\t\t\t\t\t\t<input size=\"1\" type=\"email\" name=\"form_fields[email]\" id=\"form-field-email\" class=\"elementor-field elementor-size-md  elementor-field-textual\" placeholder=\"Email *\" required=\"required\" aria-required=\"true\">\n\t\t\t\t\t\t\t\t\t\t\t<\/div>\n\t\t\t\t\t\t\t\t<div class=\"elementor-field-type-tel elementor-field-group elementor-column elementor-field-group-field_ce6273e elementor-col-50 elementor-field-required\">\n\t\t\t\t\t\t\t\t\t\t\t\t<label for=\"form-field-field_ce6273e\" class=\"elementor-field-label\">\n\t\t\t\t\t\t\t\tTel\u00e8fon\t\t\t\t\t\t\t<\/label>\n\t\t\t\t\t\t\t\t<input size=\"1\" type=\"tel\" name=\"form_fields[field_ce6273e]\" id=\"form-field-field_ce6273e\" class=\"elementor-field elementor-size-md  elementor-field-textual\" placeholder=\"Tel\u00e8fon *\" required=\"required\" aria-required=\"true\" pattern=\"[0-9()#&amp;+*-=.]+\" title=\"Nom\u00e9s s&#039;accepten n\u00fameros i car\u00e0cters telef\u00f2nics (#, -, *, etc.).\">\n\n\t\t\t\t\t\t<\/div>\n\t\t\t\t\t\t\t\t<div class=\"elementor-field-type-textarea elementor-field-group elementor-column elementor-field-group-message elementor-col-100 elementor-field-required\">\n\t\t\t\t\t\t\t\t\t\t\t\t<label for=\"form-field-message\" class=\"elementor-field-label\">\n\t\t\t\t\t\t\t\tMissatge\t\t\t\t\t\t\t<\/label>\n\t\t\t\t\t\t<textarea class=\"elementor-field-textual elementor-field  elementor-size-md\" name=\"form_fields[message]\" id=\"form-field-message\" rows=\"4\" placeholder=\"Missatge *\" required=\"required\" aria-required=\"true\"><\/textarea>\t\t\t\t<\/div>\n\t\t\t\t\t\t\t\t<div class=\"elementor-field-type-checkbox elementor-field-group elementor-column elementor-field-group-field_98fe05b elementor-col-100\">\n\t\t\t\t\t<div class=\"elementor-field-subgroup\"><span class=\"elementor-field-option\"><input type=\"checkbox\" value=\"He le\u00eddo el &lt;a href=&quot;\/aviso-legal\/&quot;&gt;aviso legal&lt;\/a&gt; y la &lt;a href=&quot;\/politica-de-privacidad\/&quot;&gt;pol\u00edtica de privacidad&lt;\/a&gt;\" id=\"form-field-field_98fe05b-0\" name=\"form_fields[field_98fe05b]\"> <label for=\"form-field-field_98fe05b-0\">He llegit el <a href=\"\/ca\/aviso-legal\/\">av\u00eds legal<\/a> i la <a href=\"\/ca\/politica-de-privacidad\/\">pol\u00edtica de privadesa<\/a><\/label><\/span><\/div>\t\t\t\t<\/div>\n\t\t\t\t\t\t\t\t<div class=\"elementor-field-type-text\">\n\t\t\t\t\t<input size=\"1\" type=\"text\" name=\"form_fields[field_cb8fcf1]\" id=\"form-field-field_cb8fcf1\" class=\"elementor-field elementor-size-md\" style=\"display:none !important;\">\t\t\t\t<\/div>\n\t\t\t\t\t\t\t\t<div class=\"elementor-field-type-recaptcha_v3 elementor-field-group elementor-column elementor-field-group-field_8a52363 elementor-col-100 recaptcha_v3-bottomleft\">\n\t\t\t\t\t<div class=\"elementor-field\" id=\"form-field-field_8a52363\"><div class=\"elementor-g-recaptcha\" data-sitekey=\"6LfrcroqAAAAAKZJik0oFZZi7Msnx5YJKIiW4xT1\" data-type=\"v3\" data-action=\"Form\" data-badge=\"bottomleft\" data-size=\"invisible\"><\/div><\/div>\t\t\t\t<\/div>\n\t\t\t\t\t\t\t\t<div class=\"elementor-field-group elementor-column elementor-field-type-submit elementor-col-50 e-form__buttons\">\n\t\t\t\t\t<button class=\"elementor-button elementor-size-sm\" type=\"submit\">\n\t\t\t\t\t\t<span class=\"elementor-button-content-wrapper\">\n\t\t\t\t\t\t\t\t\t\t\t\t\t\t\t\t\t\t\t\t\t\t<span class=\"elementor-button-text\">Enviar<\/span>\n\t\t\t\t\t\t\t\t\t\t\t\t\t<\/span>\n\t\t\t\t\t<\/button>\n\t\t\t\t<\/div>\n\t\t\t<\/div>\n\t\t<input type=\"hidden\" name=\"trp-form-language\" value=\"ca\"\/><\/form>\n\t\t\t\t<\/div>\n\t\t\t\t<\/div>\n\t\t\t\t<\/div>\n\t\t\t\t\t<\/div>\n\t\t\t\t<\/div>\n\t\t\t\t<\/div>","protected":false},"excerpt":{"rendered":"<p>Gesti\u00f3 d&#039;her\u00e8ncies Gesti\u00f3 d&#039;her\u00e8ncies: una decisi\u00f3 clau que mereix el millor acompanyament Gestionar una her\u00e8ncia no \u00e9s nom\u00e9s un tr\u00e0mit jur\u00eddic: \u00e9s un proc\u00e9s emocional, financer i legal que pot afectar tota una fam\u00edlia. Per aix\u00f2 quan parlem de gesti\u00f3 d&#039;her\u00e8ncies parlem de claredat, seguretat i assessorament especialitzat. A 2M Assessors, [\u2026]<\/p>","protected":false},"author":3,"featured_media":0,"parent":0,"menu_order":0,"comment_status":"closed","ping_status":"closed","template":"","meta":{"footnotes":""},"class_list":["post-1789","page","type-page","status-publish","hentry"],"yoast_head":"<!-- This site is optimized with the Yoast SEO plugin v24.2 - https:\/\/yoast.com\/wordpress\/plugins\/seo\/ -->\n<title>Gesti\u00f3n de herencias - 2M Assessors<\/title>\n<meta name=\"robots\" content=\"index, follow, max-snippet:-1, max-image-preview:large, max-video-preview:-1\" \/>\n<link rel=\"canonical\" href=\"https:\/\/dosmassessors.com\/ca\/gestion-de-herencias\/\" \/>\n<meta property=\"og:locale\" content=\"ca_ES\" \/>\n<meta property=\"og:type\" content=\"article\" \/>\n<meta property=\"og:title\" content=\"Gesti\u00f3n de herencias - 2M Assessors\" \/>\n<meta property=\"og:description\" content=\"Gesti\u00f3n de herencias Gesti\u00f3n de herencias: una decisi\u00f3n clave que merece el mejor acompa\u00f1amiento Gestionar una herencia no es solo un tr\u00e1mite jur\u00eddico: es un proceso emocional, financiero y legal que puede afectar a toda una familia. Por eso, cuando hablamos de gesti\u00f3n de herencias, hablamos de claridad, seguridad y asesoramiento especializado. En 2M Assessors, [&hellip;]\" \/>\n<meta property=\"og:url\" content=\"https:\/\/dosmassessors.com\/ca\/gestion-de-herencias\/\" \/>\n<meta property=\"og:site_name\" content=\"2M Assessors\" \/>\n<meta property=\"article:modified_time\" content=\"2025-07-10T13:06:00+00:00\" \/>\n<meta property=\"og:image\" content=\"https:\/\/dosmassessors.com\/wp-content\/uploads\/2025\/06\/asesoria-en-manresa.jpg\" \/>\n\t<meta property=\"og:image:width\" content=\"2000\" \/>\n\t<meta property=\"og:image:height\" content=\"1414\" \/>\n\t<meta property=\"og:image:type\" content=\"image\/jpeg\" \/>\n<meta name=\"twitter:card\" content=\"summary_large_image\" \/>\n<meta name=\"twitter:label1\" content=\"Temps estimat de lectura\" \/>\n\t<meta name=\"twitter:data1\" content=\"3 minuts\" \/>\n<script type=\"application\/ld+json\" class=\"yoast-schema-graph\">{\"@context\":\"https:\/\/schema.org\",\"@graph\":[{\"@type\":\"WebPage\",\"@id\":\"https:\/\/dosmassessors.com\/gestion-de-herencias\/\",\"url\":\"https:\/\/dosmassessors.com\/gestion-de-herencias\/\",\"name\":\"Gesti\u00f3n de herencias - 2M Assessors\",\"isPartOf\":{\"@id\":\"https:\/\/dosmassessors.com\/#website\"},\"primaryImageOfPage\":{\"@id\":\"https:\/\/dosmassessors.com\/gestion-de-herencias\/#primaryimage\"},\"image\":{\"@id\":\"https:\/\/dosmassessors.com\/gestion-de-herencias\/#primaryimage\"},\"thumbnailUrl\":\"https:\/\/dosmassessors.com\/wp-content\/uploads\/2025\/06\/asesoria-en-manresa-1024x724.jpg\",\"datePublished\":\"2025-07-10T13:02:14+00:00\",\"dateModified\":\"2025-07-10T13:06:00+00:00\",\"breadcrumb\":{\"@id\":\"https:\/\/dosmassessors.com\/gestion-de-herencias\/#breadcrumb\"},\"inLanguage\":\"ca\",\"potentialAction\":[{\"@type\":\"ReadAction\",\"target\":[\"https:\/\/dosmassessors.com\/gestion-de-herencias\/\"]}]},{\"@type\":\"ImageObject\",\"inLanguage\":\"ca\",\"@id\":\"https:\/\/dosmassessors.com\/gestion-de-herencias\/#primaryimage\",\"url\":\"https:\/\/dosmassessors.com\/wp-content\/uploads\/2025\/06\/asesoria-en-manresa-1024x724.jpg\",\"contentUrl\":\"https:\/\/dosmassessors.com\/wp-content\/uploads\/2025\/06\/asesoria-en-manresa-1024x724.jpg\"},{\"@type\":\"BreadcrumbList\",\"@id\":\"https:\/\/dosmassessors.com\/gestion-de-herencias\/#breadcrumb\",\"itemListElement\":[{\"@type\":\"ListItem\",\"position\":1,\"name\":\"Portada\",\"item\":\"https:\/\/dosmassessors.com\/\"},{\"@type\":\"ListItem\",\"position\":2,\"name\":\"Gesti\u00f3n de herencias\"}]},{\"@type\":\"WebSite\",\"@id\":\"https:\/\/dosmassessors.com\/#website\",\"url\":\"https:\/\/dosmassessors.com\/\",\"name\":\"2M Assessors\",\"description\":\"Tu asesor\u00eda de confianza para particulares y empresas en Manresa\",\"publisher\":{\"@id\":\"https:\/\/dosmassessors.com\/#organization\"},\"potentialAction\":[{\"@type\":\"SearchAction\",\"target\":{\"@type\":\"EntryPoint\",\"urlTemplate\":\"https:\/\/dosmassessors.com\/?s={search_term_string}\"},\"query-input\":{\"@type\":\"PropertyValueSpecification\",\"valueRequired\":true,\"valueName\":\"search_term_string\"}}],\"inLanguage\":\"ca\"},{\"@type\":\"Organization\",\"@id\":\"https:\/\/dosmassessors.com\/#organization\",\"name\":\"2M Assessors\",\"url\":\"https:\/\/dosmassessors.com\/\",\"logo\":{\"@type\":\"ImageObject\",\"inLanguage\":\"ca\",\"@id\":\"https:\/\/dosmassessors.com\/#\/schema\/logo\/image\/\",\"url\":\"https:\/\/dosmassessors.com\/wp-content\/uploads\/2024\/12\/2m.png\",\"contentUrl\":\"https:\/\/dosmassessors.com\/wp-content\/uploads\/2024\/12\/2m.png\",\"width\":1113,\"height\":123,\"caption\":\"2M Assessors\"},\"image\":{\"@id\":\"https:\/\/dosmassessors.com\/#\/schema\/logo\/image\/\"}}]}<\/script>\n<!-- \/ Yoast SEO plugin. -->","yoast_head_json":{"title":"Gesti\u00f3n de herencias - 2M Assessors","robots":{"index":"index","follow":"follow","max-snippet":"max-snippet:-1","max-image-preview":"max-image-preview:large","max-video-preview":"max-video-preview:-1"},"canonical":"https:\/\/dosmassessors.com\/ca\/gestion-de-herencias\/","og_locale":"ca_ES","og_type":"article","og_title":"Gesti\u00f3n de herencias - 2M Assessors","og_description":"Gesti\u00f3n de herencias Gesti\u00f3n de herencias: una decisi\u00f3n clave que merece el mejor acompa\u00f1amiento Gestionar una herencia no es solo un tr\u00e1mite jur\u00eddico: es un proceso emocional, financiero y legal que puede afectar a toda una familia. Por eso, cuando hablamos de gesti\u00f3n de herencias, hablamos de claridad, seguridad y asesoramiento especializado. En 2M Assessors, [&hellip;]","og_url":"https:\/\/dosmassessors.com\/ca\/gestion-de-herencias\/","og_site_name":"2M Assessors","article_modified_time":"2025-07-10T13:06:00+00:00","og_image":[{"width":2000,"height":1414,"url":"https:\/\/dosmassessors.com\/wp-content\/uploads\/2025\/06\/asesoria-en-manresa.jpg","type":"image\/jpeg"}],"twitter_card":"summary_large_image","twitter_misc":{"Temps estimat de lectura":"3 minuts"},"schema":{"@context":"https:\/\/schema.org","@graph":[{"@type":"WebPage","@id":"https:\/\/dosmassessors.com\/gestion-de-herencias\/","url":"https:\/\/dosmassessors.com\/gestion-de-herencias\/","name":"Gesti\u00f3n de herencias - 2M Assessors","isPartOf":{"@id":"https:\/\/dosmassessors.com\/#website"},"primaryImageOfPage":{"@id":"https:\/\/dosmassessors.com\/gestion-de-herencias\/#primaryimage"},"image":{"@id":"https:\/\/dosmassessors.com\/gestion-de-herencias\/#primaryimage"},"thumbnailUrl":"https:\/\/dosmassessors.com\/wp-content\/uploads\/2025\/06\/asesoria-en-manresa-1024x724.jpg","datePublished":"2025-07-10T13:02:14+00:00","dateModified":"2025-07-10T13:06:00+00:00","breadcrumb":{"@id":"https:\/\/dosmassessors.com\/gestion-de-herencias\/#breadcrumb"},"inLanguage":"ca","potentialAction":[{"@type":"ReadAction","target":["https:\/\/dosmassessors.com\/gestion-de-herencias\/"]}]},{"@type":"ImageObject","inLanguage":"ca","@id":"https:\/\/dosmassessors.com\/gestion-de-herencias\/#primaryimage","url":"https:\/\/dosmassessors.com\/wp-content\/uploads\/2025\/06\/asesoria-en-manresa-1024x724.jpg","contentUrl":"https:\/\/dosmassessors.com\/wp-content\/uploads\/2025\/06\/asesoria-en-manresa-1024x724.jpg"},{"@type":"BreadcrumbList","@id":"https:\/\/dosmassessors.com\/gestion-de-herencias\/#breadcrumb","itemListElement":[{"@type":"ListItem","position":1,"name":"Portada","item":"https:\/\/dosmassessors.com\/"},{"@type":"ListItem","position":2,"name":"Gesti\u00f3n de herencias"}]},{"@type":"WebSite","@id":"https:\/\/dosmassessors.com\/#website","url":"https:\/\/dosmassessors.com\/","name":"2M Assessors","description":"Tu asesor\u00eda de confianza para particulares y empresas en Manresa","publisher":{"@id":"https:\/\/dosmassessors.com\/#organization"},"potentialAction":[{"@type":"SearchAction","target":{"@type":"EntryPoint","urlTemplate":"https:\/\/dosmassessors.com\/?s={search_term_string}"},"query-input":{"@type":"PropertyValueSpecification","valueRequired":true,"valueName":"search_term_string"}}],"inLanguage":"ca"},{"@type":"Organization","@id":"https:\/\/dosmassessors.com\/#organization","name":"2M Assessors","url":"https:\/\/dosmassessors.com\/","logo":{"@type":"ImageObject","inLanguage":"ca","@id":"https:\/\/dosmassessors.com\/#\/schema\/logo\/image\/","url":"https:\/\/dosmassessors.com\/wp-content\/uploads\/2024\/12\/2m.png","contentUrl":"https:\/\/dosmassessors.com\/wp-content\/uploads\/2024\/12\/2m.png","width":1113,"height":123,"caption":"2M Assessors"},"image":{"@id":"https:\/\/dosmassessors.com\/#\/schema\/logo\/image\/"}}]}},"_links":{"self":[{"href":"https:\/\/dosmassessors.com\/ca\/wp-json\/wp\/v2\/pages\/1789","targetHints":{"allow":["GET"]}}],"collection":[{"href":"https:\/\/dosmassessors.com\/ca\/wp-json\/wp\/v2\/pages"}],"about":[{"href":"https:\/\/dosmassessors.com\/ca\/wp-json\/wp\/v2\/types\/page"}],"author":[{"embeddable":true,"href":"https:\/\/dosmassessors.com\/ca\/wp-json\/wp\/v2\/users\/3"}],"replies":[{"embeddable":true,"href":"https:\/\/dosmassessors.com\/ca\/wp-json\/wp\/v2\/comments?post=1789"}],"version-history":[{"count":10,"href":"https:\/\/dosmassessors.com\/ca\/wp-json\/wp\/v2\/pages\/1789\/revisions"}],"predecessor-version":[{"id":1799,"href":"https:\/\/dosmassessors.com\/ca\/wp-json\/wp\/v2\/pages\/1789\/revisions\/1799"}],"wp:attachment":[{"href":"https:\/\/dosmassessors.com\/ca\/wp-json\/wp\/v2\/media?parent=1789"}],"curies":[{"name":"wp","href":"https:\/\/api.w.org\/{rel}","templated":true}]}}