{"id":1781,"date":"2025-07-10T14:56:20","date_gmt":"2025-07-10T12:56:20","guid":{"rendered":"https:\/\/dosmassessors.com\/?page_id=1781"},"modified":"2025-07-10T15:00:10","modified_gmt":"2025-07-10T13:00:10","slug":"abogado-de-derecho-de-familia","status":"publish","type":"page","link":"https:\/\/dosmassessors.com\/ca\/abogado-de-derecho-de-familia\/","title":{"rendered":"Advocat de dret de fam\u00edlia"},"content":{"rendered":"<div data-elementor-type=\"wp-page\" data-elementor-id=\"1781\" class=\"elementor elementor-1781\" data-elementor-post-type=\"page\">\n\t\t\t\t<div class=\"elementor-element elementor-element-0c5316d e-flex e-con-boxed e-con e-parent\" data-id=\"0c5316d\" data-element_type=\"container\">\n\t\t\t\t\t<div class=\"e-con-inner\">\n\t\t\t\t<div class=\"elementor-element elementor-element-3085784 elementor-widget elementor-widget-heading\" data-id=\"3085784\" data-element_type=\"widget\" data-widget_type=\"heading.default\">\n\t\t\t\t<div class=\"elementor-widget-container\">\n\t\t\t<h2 class=\"elementor-heading-title elementor-size-default\">Advocat de dret de fam\u00edlia<\/h2>\t\t<\/div>\n\t\t\t\t<\/div>\n\t\t\t\t\t<\/div>\n\t\t\t\t<\/div>\n\t\t<div class=\"elementor-element elementor-element-bddf1da e-flex e-con-boxed e-con e-parent\" data-id=\"bddf1da\" data-element_type=\"container\">\n\t\t\t\t\t<div class=\"e-con-inner\">\n\t\t<div class=\"elementor-element elementor-element-bf89086 e-con-full e-flex e-con e-child\" data-id=\"bf89086\" data-element_type=\"container\">\n\t\t\t\t<div class=\"elementor-element elementor-element-6dfa17e elementor-widget elementor-widget-text-editor\" data-id=\"6dfa17e\" data-element_type=\"widget\" data-widget_type=\"text-editor.default\">\n\t\t\t\t<div class=\"elementor-widget-container\">\n\t\t\t\t\t\t\t<h2 data-pm-slice=\"1 1 []\">Advocat de dret de fam\u00edlia: el teu aliat legal en els moments m\u00e9s delicats<\/h2><p>Comptar amb un bon advocat de dret de fam\u00edlia marca la difer\u00e8ncia quan es tracta de resoldre situacions tan sensibles com divorcis, cust\u00f2dies, pensions o her\u00e8ncies. En aquests escenaris, no nom\u00e9s es necessita coneixement jur\u00eddic, sin\u00f3 tamb\u00e9 empatia, estrat\u00e8gia i una comunicaci\u00f3 clara.<\/p><h4>Per qu\u00e8 comptar amb un advocat de dret de fam\u00edlia en els processos legals m\u00e9s importants<\/h4><p>La figura de l&#039;advocat de dret de fam\u00edlia \u00e9s clau en qualsevol proc\u00e9s relacionat amb el nucli familiar. Des de separacions de mutu acord fins a litigis complexos per la guarda i la cust\u00f2dia dels fills, comptar amb un advocat de dret de fam\u00edlia garanteix no nom\u00e9s el compliment de la llei, sin\u00f3 tamb\u00e9 la defensa dels teus drets i els de la teva fam\u00edlia.<\/p><p>A 2M Assessors, oferim un acompanyament proper, professional i efica\u00e7. El nostre equip d&#039;advocats de dret de fam\u00edlia compta amb \u00e0mplia experi\u00e8ncia en dret civil i processal, cosa que ens permet actuar amb fermesa en defensa dels nostres clients, per\u00f2 tamb\u00e9 amb sensibilitat davant de les particularitats de cada situaci\u00f3. Sabem que cada fam\u00edlia \u00e9s diferent, i per aix\u00f2 personalitzem cada estrat\u00e8gia legal.<\/p>\t\t\t\t\t\t<\/div>\n\t\t\t\t<\/div>\n\t\t\t\t<\/div>\n\t\t<div class=\"elementor-element elementor-element-3852667 e-con-full e-flex e-con e-child\" data-id=\"3852667\" data-element_type=\"container\">\n\t\t\t\t<div class=\"elementor-element elementor-element-165987d elementor-widget elementor-widget-image\" data-id=\"165987d\" data-element_type=\"widget\" data-widget_type=\"image.default\">\n\t\t\t\t<div class=\"elementor-widget-container\">\n\t\t\t\t\t\t\t\t\t\t\t\t\t<img fetchpriority=\"high\" decoding=\"async\" width=\"800\" height=\"566\" src=\"https:\/\/dosmassessors.com\/wp-content\/uploads\/2025\/05\/abogado-de-familia-1024x724.jpg\" class=\"attachment-large size-large wp-image-1642\" alt=\"\" srcset=\"https:\/\/dosmassessors.com\/wp-content\/uploads\/2025\/05\/abogado-de-familia-1024x724.jpg 1024w, https:\/\/dosmassessors.com\/wp-content\/uploads\/2025\/05\/abogado-de-familia-300x212.jpg 300w, https:\/\/dosmassessors.com\/wp-content\/uploads\/2025\/05\/abogado-de-familia-768x543.jpg 768w, https:\/\/dosmassessors.com\/wp-content\/uploads\/2025\/05\/abogado-de-familia-1536x1086.jpg 1536w, https:\/\/dosmassessors.com\/wp-content\/uploads\/2025\/05\/abogado-de-familia-18x12.jpg 18w, https:\/\/dosmassessors.com\/wp-content\/uploads\/2025\/05\/abogado-de-familia.jpg 2000w\" sizes=\"(max-width: 800px) 100vw, 800px\" \/>\t\t\t\t\t\t\t\t\t\t\t\t\t<\/div>\n\t\t\t\t<\/div>\n\t\t\t\t<\/div>\n\t\t\t\t\t<\/div>\n\t\t\t\t<\/div>\n\t\t<div class=\"elementor-element elementor-element-847e040 e-flex e-con-boxed e-con e-parent\" data-id=\"847e040\" data-element_type=\"container\">\n\t\t\t\t\t<div class=\"e-con-inner\">\n\t\t<div class=\"elementor-element elementor-element-f0dab69 e-con-full e-flex e-con e-child\" data-id=\"f0dab69\" data-element_type=\"container\">\n\t\t\t\t<div class=\"elementor-element elementor-element-76075fc elementor-widget elementor-widget-image\" data-id=\"76075fc\" data-element_type=\"widget\" data-widget_type=\"image.default\">\n\t\t\t\t<div class=\"elementor-widget-container\">\n\t\t\t\t\t\t\t\t\t\t\t\t\t<img decoding=\"async\" width=\"800\" height=\"566\" src=\"https:\/\/dosmassessors.com\/wp-content\/uploads\/2025\/05\/abogado-de-familia-en-Manresa-1024x724.jpg\" class=\"attachment-large size-large wp-image-1641\" alt=\"\" srcset=\"https:\/\/dosmassessors.com\/wp-content\/uploads\/2025\/05\/abogado-de-familia-en-Manresa-1024x724.jpg 1024w, https:\/\/dosmassessors.com\/wp-content\/uploads\/2025\/05\/abogado-de-familia-en-Manresa-300x212.jpg 300w, https:\/\/dosmassessors.com\/wp-content\/uploads\/2025\/05\/abogado-de-familia-en-Manresa-768x543.jpg 768w, https:\/\/dosmassessors.com\/wp-content\/uploads\/2025\/05\/abogado-de-familia-en-Manresa-1536x1086.jpg 1536w, https:\/\/dosmassessors.com\/wp-content\/uploads\/2025\/05\/abogado-de-familia-en-Manresa-18x12.jpg 18w, https:\/\/dosmassessors.com\/wp-content\/uploads\/2025\/05\/abogado-de-familia-en-Manresa.jpg 2000w\" sizes=\"(max-width: 800px) 100vw, 800px\" \/>\t\t\t\t\t\t\t\t\t\t\t\t\t<\/div>\n\t\t\t\t<\/div>\n\t\t\t\t<\/div>\n\t\t<div class=\"elementor-element elementor-element-eb86813 e-con-full e-flex e-con e-child\" data-id=\"eb86813\" data-element_type=\"container\">\n\t\t\t\t<div class=\"elementor-element elementor-element-6f02b5d elementor-widget elementor-widget-text-editor\" data-id=\"6f02b5d\" data-element_type=\"widget\" data-widget_type=\"text-editor.default\">\n\t\t\t\t<div class=\"elementor-widget-container\">\n\t\t\t\t\t\t\t<h2 data-pm-slice=\"1 1 []\">Serveis clau que et pot oferir un advocat de dret de fam\u00edlia<\/h2><p>El treball d&#039;un advocat de dret de fam\u00edlia inclou una gran varietat de serveis que van des de la redacci\u00f3 de convenis reguladors fins a la tramitaci\u00f3 judicial de divorcis contenciosos, passant per modificacions de mesures, execuci\u00f3 de sent\u00e8ncies, procediments d&#039;incapacitaci\u00f3 o reclamaci\u00f3 de pensions aliment\u00e0ries.<\/p><p>A 2M Assessors ens prenem molt seriosament cada proc\u00e9s. Els nostres advocats de dret de fam\u00edlia estan capacitats per mediar quan \u00e9s possible i litigar quan cal, sempre amb l&#039;objectiu d&#039;aconseguir solucions sostenibles i en el millor inter\u00e8s dels nostres clients. A m\u00e9s, mantenim una comunicaci\u00f3 constant perqu\u00e8 cada persona s\u00e0piga en quin punt es troba el seu cas i quines s\u00f3n les properes accions previstes.<\/p><p>\u00a0<\/p>\t\t\t\t\t\t<\/div>\n\t\t\t\t<\/div>\n\t\t\t\t<\/div>\n\t\t\t\t\t<\/div>\n\t\t\t\t<\/div>\n\t\t<div class=\"elementor-element elementor-element-9c2b5c8 e-flex e-con-boxed e-con e-parent\" data-id=\"9c2b5c8\" data-element_type=\"container\">\n\t\t\t\t\t<div class=\"e-con-inner\">\n\t\t\t\t<div class=\"elementor-element elementor-element-74d7e61 elementor-widget elementor-widget-text-editor\" data-id=\"74d7e61\" data-element_type=\"widget\" data-widget_type=\"text-editor.default\">\n\t\t\t\t<div class=\"elementor-widget-container\">\n\t\t\t\t\t\t\t<h2 data-pm-slice=\"1 1 []\">Per qu\u00e8 confiar en 2M Assessors com el teu advocat de dret de fam\u00edlia<\/h2><p>El nostre comprom\u00eds com a advocats de dret de fam\u00edlia no es limita a resoldre conflictes legals: tamb\u00e9 treballem per prevenir-los. Oferim assessorament legal previ en decisions familiars importants, amb l&#039;objectiu d&#039;evitar futurs litigis. Sabem que quan les emocions entren en joc, comptar amb un professional extern que actu\u00ef amb objectivitat i criteri pot marcar una gran difer\u00e8ncia.<\/p><p>2M Assessors destaca per la seva proximitat, professionalisme i claredat. Som una firma multidisciplin\u00e0ria en qu\u00e8 col\u00b7laboren advocats, fiscalistes i experts en gesti\u00f3 patrimonial, cosa que ens permet abordar els casos des d&#039;una perspectiva integral. Si necessites un advocat de dret de fam\u00edlia que combini t\u00e8cnica, experi\u00e8ncia i sensibilitat, a 2M Assessors trobar\u00e0s el suport que est\u00e0s buscant.<\/p><p>No deixeu a l&#039;atzar les vostres decisions legals m\u00e9s importants. Contacta&#039;ns i descobreix com un advocat de dret de fam\u00edlia et pot ajudar a construir solucions duradores en moments d&#039;incertesa.<\/p><p>\u00a0<\/p>\t\t\t\t\t\t<\/div>\n\t\t\t\t<\/div>\n\t\t\t\t\t<\/div>\n\t\t\t\t<\/div>\n\t\t<div class=\"elementor-element elementor-element-d3fe9c8 e-flex e-con-boxed e-con e-parent\" data-id=\"d3fe9c8\" data-element_type=\"container\">\n\t\t\t\t\t<div class=\"e-con-inner\">\n\t\t\t\t<div class=\"elementor-element elementor-element-1fb73fd elementor-widget elementor-widget-heading\" data-id=\"1fb73fd\" data-element_type=\"widget\" data-widget_type=\"heading.default\">\n\t\t\t\t<div class=\"elementor-widget-container\">\n\t\t\t<h2 class=\"elementor-heading-title elementor-size-default\">Estem per ajudar-te <\/h2>\t\t<\/div>\n\t\t\t\t<\/div>\n\t\t\t\t\t<\/div>\n\t\t\t\t<\/div>\n\t\t<div class=\"elementor-element elementor-element-bf98250 e-flex e-con-boxed e-con e-parent\" data-id=\"bf98250\" data-element_type=\"container\">\n\t\t\t\t\t<div class=\"e-con-inner\">\n\t\t<div class=\"elementor-element elementor-element-d8697e4 e-con-full e-flex e-con e-child\" data-id=\"d8697e4\" data-element_type=\"container\" data-settings=\"{&quot;background_background&quot;:&quot;classic&quot;}\">\n\t\t\t\t<div class=\"elementor-element elementor-element-0877c12 elementor-button-align-stretch elementor-widget elementor-widget-form\" data-id=\"0877c12\" data-element_type=\"widget\" data-settings=\"{&quot;button_width&quot;:&quot;50&quot;,&quot;step_next_label&quot;:&quot;Next&quot;,&quot;step_previous_label&quot;:&quot;Previous&quot;,&quot;step_type&quot;:&quot;number_text&quot;,&quot;step_icon_shape&quot;:&quot;circle&quot;}\" data-widget_type=\"form.default\">\n\t\t\t\t<div class=\"elementor-widget-container\">\n\t\t\t\t\t<form class=\"elementor-form\" method=\"post\" name=\"New Form\" action=\"\">\n\t\t\t<input type=\"hidden\" name=\"post_id\" value=\"1781\"\/>\n\t\t\t<input type=\"hidden\" name=\"form_id\" value=\"0877c12\"\/>\n\t\t\t<input type=\"hidden\" name=\"referer_title\" value=\"Abogado de derecho de familia - 2M Assessors\" \/>\n\n\t\t\t\t\t\t\t<input type=\"hidden\" name=\"queried_id\" value=\"1781\"\/>\n\t\t\t\n\t\t\t<div class=\"elementor-form-fields-wrapper elementor-labels-above\">\n\t\t\t\t\t\t\t\t<div class=\"elementor-field-type-text elementor-field-group elementor-column elementor-field-group-name elementor-col-50 elementor-field-required\">\n\t\t\t\t\t\t\t\t\t\t\t\t<label for=\"form-field-name\" class=\"elementor-field-label\">\n\t\t\t\t\t\t\t\tNom\t\t\t\t\t\t\t<\/label>\n\t\t\t\t\t\t\t\t\t\t\t\t\t\t<input size=\"1\" type=\"text\" name=\"form_fields[name]\" id=\"form-field-name\" class=\"elementor-field elementor-size-md  elementor-field-textual\" placeholder=\"Nom *\" required=\"required\" aria-required=\"true\">\n\t\t\t\t\t\t\t\t\t\t\t<\/div>\n\t\t\t\t\t\t\t\t<div class=\"elementor-field-type-text elementor-field-group elementor-column elementor-field-group-field_4b65802 elementor-col-50 elementor-field-required\">\n\t\t\t\t\t\t\t\t\t\t\t\t<label for=\"form-field-field_4b65802\" class=\"elementor-field-label\">\n\t\t\t\t\t\t\t\tAssumpte\t\t\t\t\t\t\t<\/label>\n\t\t\t\t\t\t\t\t\t\t\t\t\t\t<input size=\"1\" type=\"text\" name=\"form_fields[field_4b65802]\" id=\"form-field-field_4b65802\" class=\"elementor-field elementor-size-md  elementor-field-textual\" placeholder=\"Assumpte *\" required=\"required\" aria-required=\"true\">\n\t\t\t\t\t\t\t\t\t\t\t<\/div>\n\t\t\t\t\t\t\t\t<div class=\"elementor-field-type-email elementor-field-group elementor-column elementor-field-group-email elementor-col-50 elementor-field-required\">\n\t\t\t\t\t\t\t\t\t\t\t\t<label for=\"form-field-email\" class=\"elementor-field-label\">\n\t\t\t\t\t\t\t\tEmail\t\t\t\t\t\t\t<\/label>\n\t\t\t\t\t\t\t\t\t\t\t\t\t\t<input size=\"1\" type=\"email\" name=\"form_fields[email]\" id=\"form-field-email\" class=\"elementor-field elementor-size-md  elementor-field-textual\" placeholder=\"Email *\" required=\"required\" aria-required=\"true\">\n\t\t\t\t\t\t\t\t\t\t\t<\/div>\n\t\t\t\t\t\t\t\t<div class=\"elementor-field-type-tel elementor-field-group elementor-column elementor-field-group-field_ce6273e elementor-col-50 elementor-field-required\">\n\t\t\t\t\t\t\t\t\t\t\t\t<label for=\"form-field-field_ce6273e\" class=\"elementor-field-label\">\n\t\t\t\t\t\t\t\tTel\u00e8fon\t\t\t\t\t\t\t<\/label>\n\t\t\t\t\t\t\t\t<input size=\"1\" type=\"tel\" name=\"form_fields[field_ce6273e]\" id=\"form-field-field_ce6273e\" class=\"elementor-field elementor-size-md  elementor-field-textual\" placeholder=\"Tel\u00e8fon *\" required=\"required\" aria-required=\"true\" pattern=\"[0-9()#&amp;+*-=.]+\" title=\"Nom\u00e9s s&#039;accepten n\u00fameros i car\u00e0cters telef\u00f2nics (#, -, *, etc.).\" data-no-translation-title=\"\">\n\n\t\t\t\t\t\t<\/div>\n\t\t\t\t\t\t\t\t<div class=\"elementor-field-type-textarea elementor-field-group elementor-column elementor-field-group-message elementor-col-100 elementor-field-required\">\n\t\t\t\t\t\t\t\t\t\t\t\t<label for=\"form-field-message\" class=\"elementor-field-label\">\n\t\t\t\t\t\t\t\tMissatge\t\t\t\t\t\t\t<\/label>\n\t\t\t\t\t\t<textarea class=\"elementor-field-textual elementor-field  elementor-size-md\" name=\"form_fields[message]\" id=\"form-field-message\" rows=\"4\" placeholder=\"Missatge *\" required=\"required\" aria-required=\"true\"><\/textarea>\t\t\t\t<\/div>\n\t\t\t\t\t\t\t\t<div class=\"elementor-field-type-checkbox elementor-field-group elementor-column elementor-field-group-field_98fe05b elementor-col-100\">\n\t\t\t\t\t<div class=\"elementor-field-subgroup\"><span class=\"elementor-field-option\"><input type=\"checkbox\" value=\"He le\u00eddo el &lt;a href=&quot;\/aviso-legal\/&quot;&gt;aviso legal&lt;\/a&gt; y la &lt;a href=&quot;\/politica-de-privacidad\/&quot;&gt;pol\u00edtica de privacidad&lt;\/a&gt;\" id=\"form-field-field_98fe05b-0\" name=\"form_fields[field_98fe05b]\"> <label for=\"form-field-field_98fe05b-0\">He llegit el <a href=\"\/ca\/aviso-legal\/\">av\u00eds legal<\/a> i la <a href=\"\/ca\/politica-de-privacidad\/\">pol\u00edtica de privadesa<\/a><\/label><\/span><\/div>\t\t\t\t<\/div>\n\t\t\t\t\t\t\t\t<div class=\"elementor-field-type-text\">\n\t\t\t\t\t<input size=\"1\" type=\"text\" name=\"form_fields[field_cb8fcf1]\" id=\"form-field-field_cb8fcf1\" class=\"elementor-field elementor-size-md\" style=\"display:none !important;\">\t\t\t\t<\/div>\n\t\t\t\t\t\t\t\t<div class=\"elementor-field-type-recaptcha_v3 elementor-field-group elementor-column elementor-field-group-field_8a52363 elementor-col-100 recaptcha_v3-bottomleft\">\n\t\t\t\t\t<div class=\"elementor-field\" id=\"form-field-field_8a52363\"><div class=\"elementor-g-recaptcha\" data-sitekey=\"6LfrcroqAAAAAKZJik0oFZZi7Msnx5YJKIiW4xT1\" data-type=\"v3\" data-action=\"Form\" data-badge=\"bottomleft\" data-size=\"invisible\"><\/div><\/div>\t\t\t\t<\/div>\n\t\t\t\t\t\t\t\t<div class=\"elementor-field-group elementor-column elementor-field-type-submit elementor-col-50 e-form__buttons\">\n\t\t\t\t\t<button class=\"elementor-button elementor-size-sm\" type=\"submit\">\n\t\t\t\t\t\t<span class=\"elementor-button-content-wrapper\">\n\t\t\t\t\t\t\t\t\t\t\t\t\t\t\t\t\t\t\t\t\t\t<span class=\"elementor-button-text\">Enviar<\/span>\n\t\t\t\t\t\t\t\t\t\t\t\t\t<\/span>\n\t\t\t\t\t<\/button>\n\t\t\t\t<\/div>\n\t\t\t<\/div>\n\t\t<input type=\"hidden\" name=\"trp-form-language\" value=\"ca\"\/><\/form>\n\t\t\t\t<\/div>\n\t\t\t\t<\/div>\n\t\t\t\t<\/div>\n\t\t\t\t\t<\/div>\n\t\t\t\t<\/div>\n\t\t\t\t<\/div>","protected":false},"excerpt":{"rendered":"<p>Advocat de dret de fam\u00edlia Advocat de dret de fam\u00edlia: el teu aliat legal en els moments m\u00e9s delicats Comptar amb un bon advocat de dret de fam\u00edlia marca la difer\u00e8ncia quan es tracta de resoldre situacions tan sensibles com divorcis, cust\u00f2dies, pensions o her\u00e8ncies. En aquests escenaris, no nom\u00e9s cal coneixement jur\u00eddic, sin\u00f3 tamb\u00e9 [\u2026]<\/p>","protected":false},"author":3,"featured_media":0,"parent":0,"menu_order":0,"comment_status":"closed","ping_status":"closed","template":"","meta":{"footnotes":""},"class_list":["post-1781","page","type-page","status-publish","hentry"],"yoast_head":"<!-- This site is optimized with the Yoast SEO plugin v24.2 - https:\/\/yoast.com\/wordpress\/plugins\/seo\/ -->\n<title>Abogado de derecho de familia - 2M Assessors<\/title>\n<meta name=\"robots\" content=\"index, follow, max-snippet:-1, max-image-preview:large, max-video-preview:-1\" \/>\n<link rel=\"canonical\" href=\"https:\/\/dosmassessors.com\/ca\/abogado-de-derecho-de-familia\/\" \/>\n<meta property=\"og:locale\" content=\"ca_ES\" \/>\n<meta property=\"og:type\" content=\"article\" \/>\n<meta property=\"og:title\" content=\"Abogado de derecho de familia - 2M Assessors\" \/>\n<meta property=\"og:description\" content=\"Abogado de derecho de familia Abogado de derecho de familia: tu aliado legal en los momentos m\u00e1s delicados Contar con un buen abogado de derecho de familia marca la diferencia cuando se trata de resolver situaciones tan sensibles como divorcios, custodias, pensiones o herencias. En estos escenarios, no solo se necesita conocimiento jur\u00eddico, sino tambi\u00e9n [&hellip;]\" \/>\n<meta property=\"og:url\" content=\"https:\/\/dosmassessors.com\/ca\/abogado-de-derecho-de-familia\/\" \/>\n<meta property=\"og:site_name\" content=\"2M Assessors\" \/>\n<meta property=\"article:modified_time\" content=\"2025-07-10T13:00:10+00:00\" \/>\n<meta property=\"og:image\" content=\"https:\/\/dosmassessors.com\/wp-content\/uploads\/2025\/05\/abogado-de-familia.jpg\" \/>\n\t<meta property=\"og:image:width\" content=\"2000\" \/>\n\t<meta property=\"og:image:height\" content=\"1414\" \/>\n\t<meta property=\"og:image:type\" content=\"image\/jpeg\" \/>\n<meta name=\"twitter:card\" content=\"summary_large_image\" \/>\n<meta name=\"twitter:label1\" content=\"Temps estimat de lectura\" \/>\n\t<meta name=\"twitter:data1\" content=\"3 minuts\" \/>\n<script type=\"application\/ld+json\" class=\"yoast-schema-graph\">{\"@context\":\"https:\/\/schema.org\",\"@graph\":[{\"@type\":\"WebPage\",\"@id\":\"https:\/\/dosmassessors.com\/abogado-de-derecho-de-familia\/\",\"url\":\"https:\/\/dosmassessors.com\/abogado-de-derecho-de-familia\/\",\"name\":\"Abogado de derecho de familia - 2M Assessors\",\"isPartOf\":{\"@id\":\"https:\/\/dosmassessors.com\/#website\"},\"primaryImageOfPage\":{\"@id\":\"https:\/\/dosmassessors.com\/abogado-de-derecho-de-familia\/#primaryimage\"},\"image\":{\"@id\":\"https:\/\/dosmassessors.com\/abogado-de-derecho-de-familia\/#primaryimage\"},\"thumbnailUrl\":\"https:\/\/dosmassessors.com\/wp-content\/uploads\/2025\/05\/abogado-de-familia-1024x724.jpg\",\"datePublished\":\"2025-07-10T12:56:20+00:00\",\"dateModified\":\"2025-07-10T13:00:10+00:00\",\"breadcrumb\":{\"@id\":\"https:\/\/dosmassessors.com\/abogado-de-derecho-de-familia\/#breadcrumb\"},\"inLanguage\":\"ca\",\"potentialAction\":[{\"@type\":\"ReadAction\",\"target\":[\"https:\/\/dosmassessors.com\/abogado-de-derecho-de-familia\/\"]}]},{\"@type\":\"ImageObject\",\"inLanguage\":\"ca\",\"@id\":\"https:\/\/dosmassessors.com\/abogado-de-derecho-de-familia\/#primaryimage\",\"url\":\"https:\/\/dosmassessors.com\/wp-content\/uploads\/2025\/05\/abogado-de-familia-1024x724.jpg\",\"contentUrl\":\"https:\/\/dosmassessors.com\/wp-content\/uploads\/2025\/05\/abogado-de-familia-1024x724.jpg\"},{\"@type\":\"BreadcrumbList\",\"@id\":\"https:\/\/dosmassessors.com\/abogado-de-derecho-de-familia\/#breadcrumb\",\"itemListElement\":[{\"@type\":\"ListItem\",\"position\":1,\"name\":\"Portada\",\"item\":\"https:\/\/dosmassessors.com\/\"},{\"@type\":\"ListItem\",\"position\":2,\"name\":\"Abogado de derecho de familia\"}]},{\"@type\":\"WebSite\",\"@id\":\"https:\/\/dosmassessors.com\/#website\",\"url\":\"https:\/\/dosmassessors.com\/\",\"name\":\"2M Assessors\",\"description\":\"Tu asesor\u00eda de confianza para particulares y empresas en Manresa\",\"publisher\":{\"@id\":\"https:\/\/dosmassessors.com\/#organization\"},\"potentialAction\":[{\"@type\":\"SearchAction\",\"target\":{\"@type\":\"EntryPoint\",\"urlTemplate\":\"https:\/\/dosmassessors.com\/?s={search_term_string}\"},\"query-input\":{\"@type\":\"PropertyValueSpecification\",\"valueRequired\":true,\"valueName\":\"search_term_string\"}}],\"inLanguage\":\"ca\"},{\"@type\":\"Organization\",\"@id\":\"https:\/\/dosmassessors.com\/#organization\",\"name\":\"2M Assessors\",\"url\":\"https:\/\/dosmassessors.com\/\",\"logo\":{\"@type\":\"ImageObject\",\"inLanguage\":\"ca\",\"@id\":\"https:\/\/dosmassessors.com\/#\/schema\/logo\/image\/\",\"url\":\"https:\/\/dosmassessors.com\/wp-content\/uploads\/2024\/12\/2m.png\",\"contentUrl\":\"https:\/\/dosmassessors.com\/wp-content\/uploads\/2024\/12\/2m.png\",\"width\":1113,\"height\":123,\"caption\":\"2M Assessors\"},\"image\":{\"@id\":\"https:\/\/dosmassessors.com\/#\/schema\/logo\/image\/\"}}]}<\/script>\n<!-- \/ Yoast SEO plugin. -->","yoast_head_json":{"title":"Abogado de derecho de familia - 2M Assessors","robots":{"index":"index","follow":"follow","max-snippet":"max-snippet:-1","max-image-preview":"max-image-preview:large","max-video-preview":"max-video-preview:-1"},"canonical":"https:\/\/dosmassessors.com\/ca\/abogado-de-derecho-de-familia\/","og_locale":"ca_ES","og_type":"article","og_title":"Abogado de derecho de familia - 2M Assessors","og_description":"Abogado de derecho de familia Abogado de derecho de familia: tu aliado legal en los momentos m\u00e1s delicados Contar con un buen abogado de derecho de familia marca la diferencia cuando se trata de resolver situaciones tan sensibles como divorcios, custodias, pensiones o herencias. En estos escenarios, no solo se necesita conocimiento jur\u00eddico, sino tambi\u00e9n [&hellip;]","og_url":"https:\/\/dosmassessors.com\/ca\/abogado-de-derecho-de-familia\/","og_site_name":"2M Assessors","article_modified_time":"2025-07-10T13:00:10+00:00","og_image":[{"width":2000,"height":1414,"url":"https:\/\/dosmassessors.com\/wp-content\/uploads\/2025\/05\/abogado-de-familia.jpg","type":"image\/jpeg"}],"twitter_card":"summary_large_image","twitter_misc":{"Temps estimat de lectura":"3 minuts"},"schema":{"@context":"https:\/\/schema.org","@graph":[{"@type":"WebPage","@id":"https:\/\/dosmassessors.com\/abogado-de-derecho-de-familia\/","url":"https:\/\/dosmassessors.com\/abogado-de-derecho-de-familia\/","name":"Abogado de derecho de familia - 2M Assessors","isPartOf":{"@id":"https:\/\/dosmassessors.com\/#website"},"primaryImageOfPage":{"@id":"https:\/\/dosmassessors.com\/abogado-de-derecho-de-familia\/#primaryimage"},"image":{"@id":"https:\/\/dosmassessors.com\/abogado-de-derecho-de-familia\/#primaryimage"},"thumbnailUrl":"https:\/\/dosmassessors.com\/wp-content\/uploads\/2025\/05\/abogado-de-familia-1024x724.jpg","datePublished":"2025-07-10T12:56:20+00:00","dateModified":"2025-07-10T13:00:10+00:00","breadcrumb":{"@id":"https:\/\/dosmassessors.com\/abogado-de-derecho-de-familia\/#breadcrumb"},"inLanguage":"ca","potentialAction":[{"@type":"ReadAction","target":["https:\/\/dosmassessors.com\/abogado-de-derecho-de-familia\/"]}]},{"@type":"ImageObject","inLanguage":"ca","@id":"https:\/\/dosmassessors.com\/abogado-de-derecho-de-familia\/#primaryimage","url":"https:\/\/dosmassessors.com\/wp-content\/uploads\/2025\/05\/abogado-de-familia-1024x724.jpg","contentUrl":"https:\/\/dosmassessors.com\/wp-content\/uploads\/2025\/05\/abogado-de-familia-1024x724.jpg"},{"@type":"BreadcrumbList","@id":"https:\/\/dosmassessors.com\/abogado-de-derecho-de-familia\/#breadcrumb","itemListElement":[{"@type":"ListItem","position":1,"name":"Portada","item":"https:\/\/dosmassessors.com\/"},{"@type":"ListItem","position":2,"name":"Abogado de derecho de familia"}]},{"@type":"WebSite","@id":"https:\/\/dosmassessors.com\/#website","url":"https:\/\/dosmassessors.com\/","name":"2M Assessors","description":"Tu asesor\u00eda de confianza para particulares y empresas en Manresa","publisher":{"@id":"https:\/\/dosmassessors.com\/#organization"},"potentialAction":[{"@type":"SearchAction","target":{"@type":"EntryPoint","urlTemplate":"https:\/\/dosmassessors.com\/?s={search_term_string}"},"query-input":{"@type":"PropertyValueSpecification","valueRequired":true,"valueName":"search_term_string"}}],"inLanguage":"ca"},{"@type":"Organization","@id":"https:\/\/dosmassessors.com\/#organization","name":"2M Assessors","url":"https:\/\/dosmassessors.com\/","logo":{"@type":"ImageObject","inLanguage":"ca","@id":"https:\/\/dosmassessors.com\/#\/schema\/logo\/image\/","url":"https:\/\/dosmassessors.com\/wp-content\/uploads\/2024\/12\/2m.png","contentUrl":"https:\/\/dosmassessors.com\/wp-content\/uploads\/2024\/12\/2m.png","width":1113,"height":123,"caption":"2M Assessors"},"image":{"@id":"https:\/\/dosmassessors.com\/#\/schema\/logo\/image\/"}}]}},"_links":{"self":[{"href":"https:\/\/dosmassessors.com\/ca\/wp-json\/wp\/v2\/pages\/1781","targetHints":{"allow":["GET"]}}],"collection":[{"href":"https:\/\/dosmassessors.com\/ca\/wp-json\/wp\/v2\/pages"}],"about":[{"href":"https:\/\/dosmassessors.com\/ca\/wp-json\/wp\/v2\/types\/page"}],"author":[{"embeddable":true,"href":"https:\/\/dosmassessors.com\/ca\/wp-json\/wp\/v2\/users\/3"}],"replies":[{"embeddable":true,"href":"https:\/\/dosmassessors.com\/ca\/wp-json\/wp\/v2\/comments?post=1781"}],"version-history":[{"count":7,"href":"https:\/\/dosmassessors.com\/ca\/wp-json\/wp\/v2\/pages\/1781\/revisions"}],"predecessor-version":[{"id":1788,"href":"https:\/\/dosmassessors.com\/ca\/wp-json\/wp\/v2\/pages\/1781\/revisions\/1788"}],"wp:attachment":[{"href":"https:\/\/dosmassessors.com\/ca\/wp-json\/wp\/v2\/media?parent=1781"}],"curies":[{"name":"wp","href":"https:\/\/api.w.org\/{rel}","templated":true}]}}