{"id":1772,"date":"2025-07-10T14:51:25","date_gmt":"2025-07-10T12:51:25","guid":{"rendered":"https:\/\/dosmassessors.com\/?page_id=1772"},"modified":"2025-07-10T14:55:47","modified_gmt":"2025-07-10T12:55:47","slug":"abogado-de-derecho-de-familia-en-manresa","status":"publish","type":"page","link":"https:\/\/dosmassessors.com\/ca\/abogado-de-derecho-de-familia-en-manresa\/","title":{"rendered":"Advocat de dret de fam\u00edlia a Manresa"},"content":{"rendered":"<div data-elementor-type=\"wp-page\" data-elementor-id=\"1772\" class=\"elementor elementor-1772\" data-elementor-post-type=\"page\">\n\t\t\t\t<div class=\"elementor-element elementor-element-7b3b2c6 e-flex e-con-boxed e-con e-parent\" data-id=\"7b3b2c6\" data-element_type=\"container\">\n\t\t\t\t\t<div class=\"e-con-inner\">\n\t\t\t\t<div class=\"elementor-element elementor-element-bbe9c80 elementor-widget elementor-widget-heading\" data-id=\"bbe9c80\" data-element_type=\"widget\" data-widget_type=\"heading.default\">\n\t\t\t\t<div class=\"elementor-widget-container\">\n\t\t\t<h2 class=\"elementor-heading-title elementor-size-default\">Advocat de dret de fam\u00edlia a Manresa<\/h2>\t\t<\/div>\n\t\t\t\t<\/div>\n\t\t\t\t\t<\/div>\n\t\t\t\t<\/div>\n\t\t<div class=\"elementor-element elementor-element-9366826 e-flex e-con-boxed e-con e-parent\" data-id=\"9366826\" data-element_type=\"container\">\n\t\t\t\t\t<div class=\"e-con-inner\">\n\t\t\t\t<div class=\"elementor-element elementor-element-f24f9a8 elementor-widget__width-initial elementor-widget elementor-widget-text-editor\" data-id=\"f24f9a8\" data-element_type=\"widget\" data-widget_type=\"text-editor.default\">\n\t\t\t\t<div class=\"elementor-widget-container\">\n\t\t\t\t\t\t\t<h3 data-pm-slice=\"1 1 []\">Confia en un advocat de dret de fam\u00edlia a Manresa que ent\u00e9n les teves necessitats<\/h3>\n<p>En moments delicats on all\u00f2 personal i legal s&#039;entrellacen, comptar amb el suport d&#039;un advocat de dret de fam\u00edlia a Manresa pot marcar la difer\u00e8ncia. Les decisions que es prenen en aquestes circumst\u00e0ncies afecten profundament la vida de les persones i, per aix\u00f2, \u00e9s fonamental estar acompanyat per professionals que no sols dominin la normativa vigent, sin\u00f3 que tamb\u00e9 comprenguin la dimensi\u00f3 humana de cada cas. A 2M Assessors, unim coneixement jur\u00eddic, experi\u00e8ncia i proximitat per oferir solucions eficaces i respectuoses amb cada situaci\u00f3 familiar.<\/p>\n<h5>La import\u00e0ncia de comptar amb un advocat de dret de fam\u00edlia a Manresa en processos complexos<\/h5>\n<p>Divorcis, cust\u00f2dies, pensions, r\u00e8gims de visites o liquidacions de b\u00e9ns guanys s\u00f3n assumptes que exigeixen no sols coneixements legals s\u00f2lids, sin\u00f3 tamb\u00e9 empatia, prud\u00e8ncia i capacitat de negociaci\u00f3. Un advocat de dret de fam\u00edlia a Manresa ha de ser capa\u00e7 de protegir els interessos del client sense perdre de vista la possibilitat d&#039;assolir acords consensuats que benefici\u00efn totes les parts, especialment quan hi ha menors involucrats.<\/p>\n<p>A 2M Assessors creiem que cada fam\u00edlia necessita un enfocament personalitzat. Per aix\u00f2, tractem cada cas de manera \u00fanica, valorant tots els matisos i proposant estrat\u00e8gies legals adaptades a les circumst\u00e0ncies.&nbsp;<\/p>\t\t\t\t\t\t<\/div>\n\t\t\t\t<\/div>\n\t\t<div class=\"elementor-element elementor-element-0b210be e-con-full e-flex e-con e-child\" data-id=\"0b210be\" data-element_type=\"container\">\n\t\t\t\t<div class=\"elementor-element elementor-element-c9be40f elementor-widget elementor-widget-image\" data-id=\"c9be40f\" data-element_type=\"widget\" data-widget_type=\"image.default\">\n\t\t\t\t<div class=\"elementor-widget-container\">\n\t\t\t\t\t\t\t\t\t\t\t\t\t<img fetchpriority=\"high\" decoding=\"async\" width=\"800\" height=\"566\" src=\"https:\/\/dosmassessors.com\/wp-content\/uploads\/2025\/05\/abogado-de-familia-en-Manresa-1024x724.jpg\" class=\"attachment-large size-large wp-image-1641\" alt=\"\" srcset=\"https:\/\/dosmassessors.com\/wp-content\/uploads\/2025\/05\/abogado-de-familia-en-Manresa-1024x724.jpg 1024w, https:\/\/dosmassessors.com\/wp-content\/uploads\/2025\/05\/abogado-de-familia-en-Manresa-300x212.jpg 300w, https:\/\/dosmassessors.com\/wp-content\/uploads\/2025\/05\/abogado-de-familia-en-Manresa-768x543.jpg 768w, https:\/\/dosmassessors.com\/wp-content\/uploads\/2025\/05\/abogado-de-familia-en-Manresa-1536x1086.jpg 1536w, https:\/\/dosmassessors.com\/wp-content\/uploads\/2025\/05\/abogado-de-familia-en-Manresa-18x12.jpg 18w, https:\/\/dosmassessors.com\/wp-content\/uploads\/2025\/05\/abogado-de-familia-en-Manresa.jpg 2000w\" sizes=\"(max-width: 800px) 100vw, 800px\" \/>\t\t\t\t\t\t\t\t\t\t\t\t\t<\/div>\n\t\t\t\t<\/div>\n\t\t\t\t<\/div>\n\t\t\t\t\t<\/div>\n\t\t\t\t<\/div>\n\t\t<div class=\"elementor-element elementor-element-9a5925f e-flex e-con-boxed e-con e-parent\" data-id=\"9a5925f\" data-element_type=\"container\">\n\t\t\t\t\t<div class=\"e-con-inner\">\n\t\t<div class=\"elementor-element elementor-element-46064ba e-con-full e-flex e-con e-child\" data-id=\"46064ba\" data-element_type=\"container\">\n\t\t\t\t<div class=\"elementor-element elementor-element-0339dec elementor-widget elementor-widget-image\" data-id=\"0339dec\" data-element_type=\"widget\" data-widget_type=\"image.default\">\n\t\t\t\t<div class=\"elementor-widget-container\">\n\t\t\t\t\t\t\t\t\t\t\t\t\t<img decoding=\"async\" width=\"800\" height=\"566\" src=\"https:\/\/dosmassessors.com\/wp-content\/uploads\/2025\/06\/asesoria-en-manresa-1024x724.jpg\" class=\"attachment-large size-large wp-image-1708\" alt=\"\" srcset=\"https:\/\/dosmassessors.com\/wp-content\/uploads\/2025\/06\/asesoria-en-manresa-1024x724.jpg 1024w, https:\/\/dosmassessors.com\/wp-content\/uploads\/2025\/06\/asesoria-en-manresa-300x212.jpg 300w, https:\/\/dosmassessors.com\/wp-content\/uploads\/2025\/06\/asesoria-en-manresa-768x543.jpg 768w, https:\/\/dosmassessors.com\/wp-content\/uploads\/2025\/06\/asesoria-en-manresa-1536x1086.jpg 1536w, https:\/\/dosmassessors.com\/wp-content\/uploads\/2025\/06\/asesoria-en-manresa-18x12.jpg 18w, https:\/\/dosmassessors.com\/wp-content\/uploads\/2025\/06\/asesoria-en-manresa.jpg 2000w\" sizes=\"(max-width: 800px) 100vw, 800px\" \/>\t\t\t\t\t\t\t\t\t\t\t\t\t<\/div>\n\t\t\t\t<\/div>\n\t\t\t\t<\/div>\n\t\t<div class=\"elementor-element elementor-element-0587f5b e-con-full e-flex e-con e-child\" data-id=\"0587f5b\" data-element_type=\"container\">\n\t\t\t\t<div class=\"elementor-element elementor-element-2228437 elementor-widget elementor-widget-text-editor\" data-id=\"2228437\" data-element_type=\"widget\" data-widget_type=\"text-editor.default\">\n\t\t\t\t<div class=\"elementor-widget-container\">\n\t\t\t\t\t\t\t<h3 data-pm-slice=\"1 1 []\">Per qu\u00e8 triar 2M Assessors com el teu advocat de dret de fam\u00edlia a Manresa<\/h3><p>La nostra firma t\u00e9 una traject\u00f2ria s\u00f2lida en dret de fam\u00edlia i un equip de professionals especialitzats que s&#039;actualitza constantment per oferir un servei jur\u00eddic rigor\u00f3s, modern i hum\u00e0. Coneixem en profunditat la normativa catalana i estatal, aix\u00ed com la pr\u00e0ctica dels jutjats de fam\u00edlia de Manresa, cosa que ens permet anticipar-nos a possibles complicacions i defensar els interessos dels nostres clients amb efic\u00e0cia.<\/p><p>A m\u00e9s, a 2M Assessors entenem que el proc\u00e9s legal no ha de suposar una c\u00e0rrega emocional ni econ\u00f2mica innecess\u00e0ria. Per aix\u00f2, apostem per la mediaci\u00f3 quan \u00e9s possible, cercant acords equilibrats que permetin resoldre els conflictes de forma \u00e0gil i amb el menor impacte per als implicats.<\/p><p>Amb un advocat de dret de fam\u00edlia a Manresa del nostre equip, tindr\u00e0s al teu costat un professional que t&#039;escolta, t&#039;orienta i defensa amb comprom\u00eds. La confian\u00e7a, la transpar\u00e8ncia i la proximitat s\u00f3n valors que defineixen la nostra manera de treballar i que han fet que moltes fam\u00edlies de Manresa segueixin confiant en nosaltres any rere any.<\/p>\t\t\t\t\t\t<\/div>\n\t\t\t\t<\/div>\n\t\t\t\t<\/div>\n\t\t\t\t\t<\/div>\n\t\t\t\t<\/div>\n\t\t<div class=\"elementor-element elementor-element-fdf76d5 e-flex e-con-boxed e-con e-parent\" data-id=\"fdf76d5\" data-element_type=\"container\">\n\t\t\t\t\t<div class=\"e-con-inner\">\n\t\t\t\t<div class=\"elementor-element elementor-element-a273f3d elementor-widget elementor-widget-text-editor\" data-id=\"a273f3d\" data-element_type=\"widget\" data-widget_type=\"text-editor.default\">\n\t\t\t\t<div class=\"elementor-widget-container\">\n\t\t\t\t\t\t\t<h3 data-pm-slice=\"1 1 []\">El teu advocat de dret de fam\u00edlia a Manresa amb el suport d&#039;un equip multidisciplinar<\/h3><p>Un altre dels grans valors de 2M Assessors \u00e9s el nostre enfocament integral. No nom\u00e9s actuem com a advocat de dret de fam\u00edlia a Manresa, sin\u00f3 que disposem de departaments d&#039;assessoria fiscal, comptable, laboral i jur\u00eddica que ens permeten oferir una visi\u00f3 global en casos on els assumptes personals es creuen amb els econ\u00f2mics o empresarials. Aquest enfocament multidisciplinari es tradueix en solucions m\u00e9s completes, coherents i eficaces.<\/p><p>Amb 2M Assessors no estar\u00e0s sol davant de decisions dif\u00edcils. El nostre equip s&#039;encarregar\u00e0 d&#039;informar-te, acompanyar-te i representar-te a cada pas del proc\u00e9s, amb un tracte proper, respectu\u00f3s i professional. Si cerques un advocat de dret de fam\u00edlia a Manresa amb experi\u00e8ncia, comprom\u00eds i capacitat per resoldre la teva situaci\u00f3 amb \u00e8xit, et convidem a con\u00e8ixer-nos ia deixar el teu cas en mans d&#039;experts que realment es preocupen per tu.<\/p><p>\u00a0<\/p>\t\t\t\t\t\t<\/div>\n\t\t\t\t<\/div>\n\t\t\t\t\t<\/div>\n\t\t\t\t<\/div>\n\t\t<div class=\"elementor-element elementor-element-6d157f1 e-flex e-con-boxed e-con e-parent\" data-id=\"6d157f1\" data-element_type=\"container\">\n\t\t\t\t\t<div class=\"e-con-inner\">\n\t\t\t\t<div class=\"elementor-element elementor-element-9e33fa2 elementor-widget elementor-widget-heading\" data-id=\"9e33fa2\" data-element_type=\"widget\" data-widget_type=\"heading.default\">\n\t\t\t\t<div class=\"elementor-widget-container\">\n\t\t\t<h2 class=\"elementor-heading-title elementor-size-default\">Estem per ajudar-te <\/h2>\t\t<\/div>\n\t\t\t\t<\/div>\n\t\t\t\t\t<\/div>\n\t\t\t\t<\/div>\n\t\t<div class=\"elementor-element elementor-element-13bcab3 e-flex e-con-boxed e-con e-parent\" data-id=\"13bcab3\" data-element_type=\"container\">\n\t\t\t\t\t<div class=\"e-con-inner\">\n\t\t<div class=\"elementor-element elementor-element-6fed73b e-con-full e-flex e-con e-child\" data-id=\"6fed73b\" data-element_type=\"container\" data-settings=\"{&quot;background_background&quot;:&quot;classic&quot;}\">\n\t\t\t\t<div class=\"elementor-element elementor-element-7d582f6 elementor-button-align-stretch elementor-widget elementor-widget-form\" data-id=\"7d582f6\" data-element_type=\"widget\" data-settings=\"{&quot;button_width&quot;:&quot;50&quot;,&quot;step_next_label&quot;:&quot;Next&quot;,&quot;step_previous_label&quot;:&quot;Previous&quot;,&quot;step_type&quot;:&quot;number_text&quot;,&quot;step_icon_shape&quot;:&quot;circle&quot;}\" data-widget_type=\"form.default\">\n\t\t\t\t<div class=\"elementor-widget-container\">\n\t\t\t\t\t<form class=\"elementor-form\" method=\"post\" name=\"New Form\" action=\"\">\n\t\t\t<input type=\"hidden\" name=\"post_id\" value=\"1772\"\/>\n\t\t\t<input type=\"hidden\" name=\"form_id\" value=\"7d582f6\"\/>\n\t\t\t<input type=\"hidden\" name=\"referer_title\" value=\"Abogado de derecho de familia en Manresa - 2M Assessors\" \/>\n\n\t\t\t\t\t\t\t<input type=\"hidden\" name=\"queried_id\" value=\"1772\"\/>\n\t\t\t\n\t\t\t<div class=\"elementor-form-fields-wrapper elementor-labels-above\">\n\t\t\t\t\t\t\t\t<div class=\"elementor-field-type-text elementor-field-group elementor-column elementor-field-group-name elementor-col-50 elementor-field-required\">\n\t\t\t\t\t\t\t\t\t\t\t\t<label for=\"form-field-name\" class=\"elementor-field-label\">\n\t\t\t\t\t\t\t\tNom\t\t\t\t\t\t\t<\/label>\n\t\t\t\t\t\t\t\t\t\t\t\t\t\t<input size=\"1\" type=\"text\" name=\"form_fields[name]\" id=\"form-field-name\" class=\"elementor-field elementor-size-md  elementor-field-textual\" placeholder=\"Nom *\" required=\"required\" aria-required=\"true\">\n\t\t\t\t\t\t\t\t\t\t\t<\/div>\n\t\t\t\t\t\t\t\t<div class=\"elementor-field-type-text elementor-field-group elementor-column elementor-field-group-field_4b65802 elementor-col-50 elementor-field-required\">\n\t\t\t\t\t\t\t\t\t\t\t\t<label for=\"form-field-field_4b65802\" class=\"elementor-field-label\">\n\t\t\t\t\t\t\t\tAssumpte\t\t\t\t\t\t\t<\/label>\n\t\t\t\t\t\t\t\t\t\t\t\t\t\t<input size=\"1\" type=\"text\" name=\"form_fields[field_4b65802]\" id=\"form-field-field_4b65802\" class=\"elementor-field elementor-size-md  elementor-field-textual\" placeholder=\"Assumpte *\" required=\"required\" aria-required=\"true\">\n\t\t\t\t\t\t\t\t\t\t\t<\/div>\n\t\t\t\t\t\t\t\t<div class=\"elementor-field-type-email elementor-field-group elementor-column elementor-field-group-email elementor-col-50 elementor-field-required\">\n\t\t\t\t\t\t\t\t\t\t\t\t<label for=\"form-field-email\" class=\"elementor-field-label\">\n\t\t\t\t\t\t\t\tEmail\t\t\t\t\t\t\t<\/label>\n\t\t\t\t\t\t\t\t\t\t\t\t\t\t<input size=\"1\" type=\"email\" name=\"form_fields[email]\" id=\"form-field-email\" class=\"elementor-field elementor-size-md  elementor-field-textual\" placeholder=\"Email *\" required=\"required\" aria-required=\"true\">\n\t\t\t\t\t\t\t\t\t\t\t<\/div>\n\t\t\t\t\t\t\t\t<div class=\"elementor-field-type-tel elementor-field-group elementor-column elementor-field-group-field_ce6273e elementor-col-50 elementor-field-required\">\n\t\t\t\t\t\t\t\t\t\t\t\t<label for=\"form-field-field_ce6273e\" class=\"elementor-field-label\">\n\t\t\t\t\t\t\t\tTel\u00e8fon\t\t\t\t\t\t\t<\/label>\n\t\t\t\t\t\t\t\t<input size=\"1\" type=\"tel\" name=\"form_fields[field_ce6273e]\" id=\"form-field-field_ce6273e\" class=\"elementor-field elementor-size-md  elementor-field-textual\" placeholder=\"Tel\u00e8fon *\" required=\"required\" aria-required=\"true\" pattern=\"[0-9()#&amp;+*-=.]+\" title=\"Nom\u00e9s s&#039;accepten n\u00fameros i car\u00e0cters telef\u00f2nics (#, -, *, etc.).\">\n\n\t\t\t\t\t\t<\/div>\n\t\t\t\t\t\t\t\t<div class=\"elementor-field-type-textarea elementor-field-group elementor-column elementor-field-group-message elementor-col-100 elementor-field-required\">\n\t\t\t\t\t\t\t\t\t\t\t\t<label for=\"form-field-message\" class=\"elementor-field-label\">\n\t\t\t\t\t\t\t\tMissatge\t\t\t\t\t\t\t<\/label>\n\t\t\t\t\t\t<textarea class=\"elementor-field-textual elementor-field  elementor-size-md\" name=\"form_fields[message]\" id=\"form-field-message\" rows=\"4\" placeholder=\"Missatge *\" required=\"required\" aria-required=\"true\"><\/textarea>\t\t\t\t<\/div>\n\t\t\t\t\t\t\t\t<div class=\"elementor-field-type-checkbox elementor-field-group elementor-column elementor-field-group-field_98fe05b elementor-col-100\">\n\t\t\t\t\t<div class=\"elementor-field-subgroup\"><span class=\"elementor-field-option\"><input type=\"checkbox\" value=\"He le\u00eddo el &lt;a href=&quot;\/aviso-legal\/&quot;&gt;aviso legal&lt;\/a&gt; y la &lt;a href=&quot;\/politica-de-privacidad\/&quot;&gt;pol\u00edtica de privacidad&lt;\/a&gt;\" id=\"form-field-field_98fe05b-0\" name=\"form_fields[field_98fe05b]\"> <label for=\"form-field-field_98fe05b-0\">He llegit el <a href=\"\/ca\/aviso-legal\/\">av\u00eds legal<\/a> i la <a href=\"\/ca\/politica-de-privacidad\/\">pol\u00edtica de privadesa<\/a><\/label><\/span><\/div>\t\t\t\t<\/div>\n\t\t\t\t\t\t\t\t<div class=\"elementor-field-type-text\">\n\t\t\t\t\t<input size=\"1\" type=\"text\" name=\"form_fields[field_cb8fcf1]\" id=\"form-field-field_cb8fcf1\" class=\"elementor-field elementor-size-md\" style=\"display:none !important;\">\t\t\t\t<\/div>\n\t\t\t\t\t\t\t\t<div class=\"elementor-field-type-recaptcha_v3 elementor-field-group elementor-column elementor-field-group-field_8a52363 elementor-col-100 recaptcha_v3-bottomleft\">\n\t\t\t\t\t<div class=\"elementor-field\" id=\"form-field-field_8a52363\"><div class=\"elementor-g-recaptcha\" data-sitekey=\"6LfrcroqAAAAAKZJik0oFZZi7Msnx5YJKIiW4xT1\" data-type=\"v3\" data-action=\"Form\" data-badge=\"bottomleft\" data-size=\"invisible\"><\/div><\/div>\t\t\t\t<\/div>\n\t\t\t\t\t\t\t\t<div class=\"elementor-field-group elementor-column elementor-field-type-submit elementor-col-50 e-form__buttons\">\n\t\t\t\t\t<button class=\"elementor-button elementor-size-sm\" type=\"submit\">\n\t\t\t\t\t\t<span class=\"elementor-button-content-wrapper\">\n\t\t\t\t\t\t\t\t\t\t\t\t\t\t\t\t\t\t\t\t\t\t<span class=\"elementor-button-text\">Enviar<\/span>\n\t\t\t\t\t\t\t\t\t\t\t\t\t<\/span>\n\t\t\t\t\t<\/button>\n\t\t\t\t<\/div>\n\t\t\t<\/div>\n\t\t<input type=\"hidden\" name=\"trp-form-language\" value=\"ca\"\/><\/form>\n\t\t\t\t<\/div>\n\t\t\t\t<\/div>\n\t\t\t\t<\/div>\n\t\t\t\t\t<\/div>\n\t\t\t\t<\/div>\n\t\t\t\t<\/div>","protected":false},"excerpt":{"rendered":"<p>Advocat de dret de fam\u00edlia a Manresa Confia en un advocat de dret de fam\u00edlia a Manresa que ent\u00e9n les teves necessitats En moments delicats on all\u00f2 personal i legal s&#039;entrellacen, comptar amb el suport d&#039;un advocat de dret de fam\u00edlia a Manresa pot marcar la difer\u00e8ncia. Les decisions que es prenen a [\u2026]<\/p>","protected":false},"author":3,"featured_media":0,"parent":0,"menu_order":0,"comment_status":"closed","ping_status":"closed","template":"","meta":{"footnotes":""},"class_list":["post-1772","page","type-page","status-publish","hentry"],"yoast_head":"<!-- This site is optimized with the Yoast SEO plugin v24.2 - https:\/\/yoast.com\/wordpress\/plugins\/seo\/ -->\n<title>Abogado de derecho de familia en Manresa - 2M Assessors<\/title>\n<meta name=\"robots\" content=\"index, follow, max-snippet:-1, max-image-preview:large, max-video-preview:-1\" \/>\n<link rel=\"canonical\" href=\"https:\/\/dosmassessors.com\/ca\/abogado-de-derecho-de-familia-en-manresa\/\" \/>\n<meta property=\"og:locale\" content=\"ca_ES\" \/>\n<meta property=\"og:type\" content=\"article\" \/>\n<meta property=\"og:title\" content=\"Abogado de derecho de familia en Manresa - 2M Assessors\" \/>\n<meta property=\"og:description\" content=\"Abogado de derecho de familia en Manresa Conf\u00eda en un abogado de derecho de familia en Manresa que entiende tus necesidades En momentos delicados donde lo personal y lo legal se entrelazan, contar con el respaldo de un abogado de derecho de familia en Manresa puede marcar la diferencia. Las decisiones que se toman en [&hellip;]\" \/>\n<meta property=\"og:url\" content=\"https:\/\/dosmassessors.com\/ca\/abogado-de-derecho-de-familia-en-manresa\/\" \/>\n<meta property=\"og:site_name\" content=\"2M Assessors\" \/>\n<meta property=\"article:modified_time\" content=\"2025-07-10T12:55:47+00:00\" \/>\n<meta property=\"og:image\" content=\"https:\/\/dosmassessors.com\/wp-content\/uploads\/2025\/05\/abogado-de-familia-en-Manresa.jpg\" \/>\n\t<meta property=\"og:image:width\" content=\"2000\" \/>\n\t<meta property=\"og:image:height\" content=\"1414\" \/>\n\t<meta property=\"og:image:type\" content=\"image\/jpeg\" \/>\n<meta name=\"twitter:card\" content=\"summary_large_image\" \/>\n<meta name=\"twitter:label1\" content=\"Temps estimat de lectura\" \/>\n\t<meta name=\"twitter:data1\" content=\"4 minuts\" \/>\n<script type=\"application\/ld+json\" class=\"yoast-schema-graph\">{\"@context\":\"https:\/\/schema.org\",\"@graph\":[{\"@type\":\"WebPage\",\"@id\":\"https:\/\/dosmassessors.com\/abogado-de-derecho-de-familia-en-manresa\/\",\"url\":\"https:\/\/dosmassessors.com\/abogado-de-derecho-de-familia-en-manresa\/\",\"name\":\"Abogado de derecho de familia en Manresa - 2M Assessors\",\"isPartOf\":{\"@id\":\"https:\/\/dosmassessors.com\/#website\"},\"primaryImageOfPage\":{\"@id\":\"https:\/\/dosmassessors.com\/abogado-de-derecho-de-familia-en-manresa\/#primaryimage\"},\"image\":{\"@id\":\"https:\/\/dosmassessors.com\/abogado-de-derecho-de-familia-en-manresa\/#primaryimage\"},\"thumbnailUrl\":\"https:\/\/dosmassessors.com\/wp-content\/uploads\/2025\/05\/abogado-de-familia-en-Manresa-1024x724.jpg\",\"datePublished\":\"2025-07-10T12:51:25+00:00\",\"dateModified\":\"2025-07-10T12:55:47+00:00\",\"breadcrumb\":{\"@id\":\"https:\/\/dosmassessors.com\/abogado-de-derecho-de-familia-en-manresa\/#breadcrumb\"},\"inLanguage\":\"ca\",\"potentialAction\":[{\"@type\":\"ReadAction\",\"target\":[\"https:\/\/dosmassessors.com\/abogado-de-derecho-de-familia-en-manresa\/\"]}]},{\"@type\":\"ImageObject\",\"inLanguage\":\"ca\",\"@id\":\"https:\/\/dosmassessors.com\/abogado-de-derecho-de-familia-en-manresa\/#primaryimage\",\"url\":\"https:\/\/dosmassessors.com\/wp-content\/uploads\/2025\/05\/abogado-de-familia-en-Manresa-1024x724.jpg\",\"contentUrl\":\"https:\/\/dosmassessors.com\/wp-content\/uploads\/2025\/05\/abogado-de-familia-en-Manresa-1024x724.jpg\"},{\"@type\":\"BreadcrumbList\",\"@id\":\"https:\/\/dosmassessors.com\/abogado-de-derecho-de-familia-en-manresa\/#breadcrumb\",\"itemListElement\":[{\"@type\":\"ListItem\",\"position\":1,\"name\":\"Portada\",\"item\":\"https:\/\/dosmassessors.com\/\"},{\"@type\":\"ListItem\",\"position\":2,\"name\":\"Abogado de derecho de familia en Manresa\"}]},{\"@type\":\"WebSite\",\"@id\":\"https:\/\/dosmassessors.com\/#website\",\"url\":\"https:\/\/dosmassessors.com\/\",\"name\":\"2M Assessors\",\"description\":\"Tu asesor\u00eda de confianza para particulares y empresas en Manresa\",\"publisher\":{\"@id\":\"https:\/\/dosmassessors.com\/#organization\"},\"potentialAction\":[{\"@type\":\"SearchAction\",\"target\":{\"@type\":\"EntryPoint\",\"urlTemplate\":\"https:\/\/dosmassessors.com\/?s={search_term_string}\"},\"query-input\":{\"@type\":\"PropertyValueSpecification\",\"valueRequired\":true,\"valueName\":\"search_term_string\"}}],\"inLanguage\":\"ca\"},{\"@type\":\"Organization\",\"@id\":\"https:\/\/dosmassessors.com\/#organization\",\"name\":\"2M Assessors\",\"url\":\"https:\/\/dosmassessors.com\/\",\"logo\":{\"@type\":\"ImageObject\",\"inLanguage\":\"ca\",\"@id\":\"https:\/\/dosmassessors.com\/#\/schema\/logo\/image\/\",\"url\":\"https:\/\/dosmassessors.com\/wp-content\/uploads\/2024\/12\/2m.png\",\"contentUrl\":\"https:\/\/dosmassessors.com\/wp-content\/uploads\/2024\/12\/2m.png\",\"width\":1113,\"height\":123,\"caption\":\"2M Assessors\"},\"image\":{\"@id\":\"https:\/\/dosmassessors.com\/#\/schema\/logo\/image\/\"}}]}<\/script>\n<!-- \/ Yoast SEO plugin. -->","yoast_head_json":{"title":"Abogado de derecho de familia en Manresa - 2M Assessors","robots":{"index":"index","follow":"follow","max-snippet":"max-snippet:-1","max-image-preview":"max-image-preview:large","max-video-preview":"max-video-preview:-1"},"canonical":"https:\/\/dosmassessors.com\/ca\/abogado-de-derecho-de-familia-en-manresa\/","og_locale":"ca_ES","og_type":"article","og_title":"Abogado de derecho de familia en Manresa - 2M Assessors","og_description":"Abogado de derecho de familia en Manresa Conf\u00eda en un abogado de derecho de familia en Manresa que entiende tus necesidades En momentos delicados donde lo personal y lo legal se entrelazan, contar con el respaldo de un abogado de derecho de familia en Manresa puede marcar la diferencia. Las decisiones que se toman en [&hellip;]","og_url":"https:\/\/dosmassessors.com\/ca\/abogado-de-derecho-de-familia-en-manresa\/","og_site_name":"2M Assessors","article_modified_time":"2025-07-10T12:55:47+00:00","og_image":[{"width":2000,"height":1414,"url":"https:\/\/dosmassessors.com\/wp-content\/uploads\/2025\/05\/abogado-de-familia-en-Manresa.jpg","type":"image\/jpeg"}],"twitter_card":"summary_large_image","twitter_misc":{"Temps estimat de lectura":"4 minuts"},"schema":{"@context":"https:\/\/schema.org","@graph":[{"@type":"WebPage","@id":"https:\/\/dosmassessors.com\/abogado-de-derecho-de-familia-en-manresa\/","url":"https:\/\/dosmassessors.com\/abogado-de-derecho-de-familia-en-manresa\/","name":"Abogado de derecho de familia en Manresa - 2M Assessors","isPartOf":{"@id":"https:\/\/dosmassessors.com\/#website"},"primaryImageOfPage":{"@id":"https:\/\/dosmassessors.com\/abogado-de-derecho-de-familia-en-manresa\/#primaryimage"},"image":{"@id":"https:\/\/dosmassessors.com\/abogado-de-derecho-de-familia-en-manresa\/#primaryimage"},"thumbnailUrl":"https:\/\/dosmassessors.com\/wp-content\/uploads\/2025\/05\/abogado-de-familia-en-Manresa-1024x724.jpg","datePublished":"2025-07-10T12:51:25+00:00","dateModified":"2025-07-10T12:55:47+00:00","breadcrumb":{"@id":"https:\/\/dosmassessors.com\/abogado-de-derecho-de-familia-en-manresa\/#breadcrumb"},"inLanguage":"ca","potentialAction":[{"@type":"ReadAction","target":["https:\/\/dosmassessors.com\/abogado-de-derecho-de-familia-en-manresa\/"]}]},{"@type":"ImageObject","inLanguage":"ca","@id":"https:\/\/dosmassessors.com\/abogado-de-derecho-de-familia-en-manresa\/#primaryimage","url":"https:\/\/dosmassessors.com\/wp-content\/uploads\/2025\/05\/abogado-de-familia-en-Manresa-1024x724.jpg","contentUrl":"https:\/\/dosmassessors.com\/wp-content\/uploads\/2025\/05\/abogado-de-familia-en-Manresa-1024x724.jpg"},{"@type":"BreadcrumbList","@id":"https:\/\/dosmassessors.com\/abogado-de-derecho-de-familia-en-manresa\/#breadcrumb","itemListElement":[{"@type":"ListItem","position":1,"name":"Portada","item":"https:\/\/dosmassessors.com\/"},{"@type":"ListItem","position":2,"name":"Abogado de derecho de familia en Manresa"}]},{"@type":"WebSite","@id":"https:\/\/dosmassessors.com\/#website","url":"https:\/\/dosmassessors.com\/","name":"2M Assessors","description":"Tu asesor\u00eda de confianza para particulares y empresas en Manresa","publisher":{"@id":"https:\/\/dosmassessors.com\/#organization"},"potentialAction":[{"@type":"SearchAction","target":{"@type":"EntryPoint","urlTemplate":"https:\/\/dosmassessors.com\/?s={search_term_string}"},"query-input":{"@type":"PropertyValueSpecification","valueRequired":true,"valueName":"search_term_string"}}],"inLanguage":"ca"},{"@type":"Organization","@id":"https:\/\/dosmassessors.com\/#organization","name":"2M Assessors","url":"https:\/\/dosmassessors.com\/","logo":{"@type":"ImageObject","inLanguage":"ca","@id":"https:\/\/dosmassessors.com\/#\/schema\/logo\/image\/","url":"https:\/\/dosmassessors.com\/wp-content\/uploads\/2024\/12\/2m.png","contentUrl":"https:\/\/dosmassessors.com\/wp-content\/uploads\/2024\/12\/2m.png","width":1113,"height":123,"caption":"2M Assessors"},"image":{"@id":"https:\/\/dosmassessors.com\/#\/schema\/logo\/image\/"}}]}},"_links":{"self":[{"href":"https:\/\/dosmassessors.com\/ca\/wp-json\/wp\/v2\/pages\/1772","targetHints":{"allow":["GET"]}}],"collection":[{"href":"https:\/\/dosmassessors.com\/ca\/wp-json\/wp\/v2\/pages"}],"about":[{"href":"https:\/\/dosmassessors.com\/ca\/wp-json\/wp\/v2\/types\/page"}],"author":[{"embeddable":true,"href":"https:\/\/dosmassessors.com\/ca\/wp-json\/wp\/v2\/users\/3"}],"replies":[{"embeddable":true,"href":"https:\/\/dosmassessors.com\/ca\/wp-json\/wp\/v2\/comments?post=1772"}],"version-history":[{"count":7,"href":"https:\/\/dosmassessors.com\/ca\/wp-json\/wp\/v2\/pages\/1772\/revisions"}],"predecessor-version":[{"id":1780,"href":"https:\/\/dosmassessors.com\/ca\/wp-json\/wp\/v2\/pages\/1772\/revisions\/1780"}],"wp:attachment":[{"href":"https:\/\/dosmassessors.com\/ca\/wp-json\/wp\/v2\/media?parent=1772"}],"curies":[{"name":"wp","href":"https:\/\/api.w.org\/{rel}","templated":true}]}}