{"id":1748,"date":"2025-06-23T07:37:51","date_gmt":"2025-06-23T05:37:51","guid":{"rendered":"https:\/\/dosmassessors.com\/?page_id=1748"},"modified":"2025-06-23T07:41:53","modified_gmt":"2025-06-23T05:41:53","slug":"asesoria-contable-en-manresa","status":"publish","type":"page","link":"https:\/\/dosmassessors.com\/ca\/asesoria-contable-en-manresa\/","title":{"rendered":"Assessoria comptable a Manresa"},"content":{"rendered":"<div data-elementor-type=\"wp-page\" data-elementor-id=\"1748\" class=\"elementor elementor-1748\" data-elementor-post-type=\"page\">\n\t\t\t\t<div class=\"elementor-element elementor-element-8f3b929 e-flex e-con-boxed e-con e-parent\" data-id=\"8f3b929\" data-element_type=\"container\">\n\t\t\t\t\t<div class=\"e-con-inner\">\n\t\t\t\t<div class=\"elementor-element elementor-element-6d0df4a elementor-widget elementor-widget-heading\" data-id=\"6d0df4a\" data-element_type=\"widget\" data-widget_type=\"heading.default\">\n\t\t\t\t<div class=\"elementor-widget-container\">\n\t\t\t<h2 class=\"elementor-heading-title elementor-size-default\">Assessoria comptable a Manresa<\/h2>\t\t<\/div>\n\t\t\t\t<\/div>\n\t\t\t\t\t<\/div>\n\t\t\t\t<\/div>\n\t\t<div class=\"elementor-element elementor-element-60837f6 e-flex e-con-boxed e-con e-parent\" data-id=\"60837f6\" data-element_type=\"container\">\n\t\t\t\t\t<div class=\"e-con-inner\">\n\t\t<div class=\"elementor-element elementor-element-f21efdf e-con-full e-flex e-con e-child\" data-id=\"f21efdf\" data-element_type=\"container\">\n\t\t\t\t<div class=\"elementor-element elementor-element-7afb330 elementor-widget elementor-widget-text-editor\" data-id=\"7afb330\" data-element_type=\"widget\" data-widget_type=\"text-editor.default\">\n\t\t\t\t<div class=\"elementor-widget-container\">\n\t\t\t\t\t\t\t<h4 data-pm-slice=\"1 1 []\">Assessoria comptable a Manresa: Control i seguretat per a la teva empresa<\/h4><p>Comptar amb una <strong>assessoria comptable a Manresa<\/strong> no \u00e9s nom\u00e9s una mesura per complir la legalitat, sin\u00f3 una estrat\u00e8gia essencial per tenir una visi\u00f3 clara, ordenada i eficient de la situaci\u00f3 financera de qualsevol empresa. A 2M Assessors, entenem que la comptabilitat \u00e9s el llenguatge dels negocis, i per aix\u00f2 oferim un servei professional i adaptat que va molt m\u00e9s enll\u00e0 de portar llibres o presentar balan\u00e7os.<\/p><h4>Assessoria comptable a Manresa amb un enfocament integral i pr\u00e0ctic<\/h4><p>Una bona <strong>assessoria comptable a Manresa<\/strong> no nom\u00e9s s&#039;encarrega de registrar dades, sin\u00f3 d&#039;analitzar-les i convertir-les en informaci\u00f3 valuosa per prendre decisions. A 2M Assessors treballem amb metodologies actualitzades i eines tecnol\u00f2giques que permeten als nostres clients con\u00e8ixer en tot moment l&#039;estat real del seu negoci. Des del seguiment d&#039;ingressos i despeses fins a l&#039;elaboraci\u00f3 d&#039;informes personalitzats cada detall est\u00e0 orientat a aportar claredat, anticipaci\u00f3 i tranquil\u00b7litat.<\/p><p>El nostre equip comptable acompanya les empreses al seu dia a dia, ajudant a interpretar les dades i anticipar-se a possibles desviacions. La col\u00b7laboraci\u00f3 continuada ens permet oferir solucions a mida, adaptades al tipus d&#039;empresa, sector i volum d&#039;activitat. Tot aix\u00f2 amb un tracte proper i un comprom\u00eds real per la millora cont\u00ednua.<\/p>\t\t\t\t\t\t<\/div>\n\t\t\t\t<\/div>\n\t\t\t\t<\/div>\n\t\t<div class=\"elementor-element elementor-element-1d2ff31 e-con-full e-flex e-con e-child\" data-id=\"1d2ff31\" data-element_type=\"container\">\n\t\t\t\t<div class=\"elementor-element elementor-element-bed62aa elementor-widget elementor-widget-image\" data-id=\"bed62aa\" data-element_type=\"widget\" data-widget_type=\"image.default\">\n\t\t\t\t<div class=\"elementor-widget-container\">\n\t\t\t\t\t\t\t\t\t\t\t\t\t<img fetchpriority=\"high\" decoding=\"async\" width=\"800\" height=\"566\" src=\"https:\/\/dosmassessors.com\/wp-content\/uploads\/2025\/05\/Asesorias-fiscal-para-empresas-barcelona-1024x724.jpg\" class=\"attachment-large size-large wp-image-1598\" alt=\"\" srcset=\"https:\/\/dosmassessors.com\/wp-content\/uploads\/2025\/05\/Asesorias-fiscal-para-empresas-barcelona-1024x724.jpg 1024w, https:\/\/dosmassessors.com\/wp-content\/uploads\/2025\/05\/Asesorias-fiscal-para-empresas-barcelona-300x212.jpg 300w, https:\/\/dosmassessors.com\/wp-content\/uploads\/2025\/05\/Asesorias-fiscal-para-empresas-barcelona-768x543.jpg 768w, https:\/\/dosmassessors.com\/wp-content\/uploads\/2025\/05\/Asesorias-fiscal-para-empresas-barcelona-1536x1086.jpg 1536w, https:\/\/dosmassessors.com\/wp-content\/uploads\/2025\/05\/Asesorias-fiscal-para-empresas-barcelona-18x12.jpg 18w, https:\/\/dosmassessors.com\/wp-content\/uploads\/2025\/05\/Asesorias-fiscal-para-empresas-barcelona.jpg 2000w\" sizes=\"(max-width: 800px) 100vw, 800px\" \/>\t\t\t\t\t\t\t\t\t\t\t\t\t<\/div>\n\t\t\t\t<\/div>\n\t\t\t\t<\/div>\n\t\t\t\t\t<\/div>\n\t\t\t\t<\/div>\n\t\t<div class=\"elementor-element elementor-element-245a352 e-flex e-con-boxed e-con e-parent\" data-id=\"245a352\" data-element_type=\"container\">\n\t\t\t\t\t<div class=\"e-con-inner\">\n\t\t<div class=\"elementor-element elementor-element-75208cd e-con-full e-flex e-con e-child\" data-id=\"75208cd\" data-element_type=\"container\">\n\t\t\t\t<div class=\"elementor-element elementor-element-6f40df0 elementor-widget elementor-widget-image\" data-id=\"6f40df0\" data-element_type=\"widget\" data-widget_type=\"image.default\">\n\t\t\t\t<div class=\"elementor-widget-container\">\n\t\t\t\t\t\t\t\t\t\t\t\t\t<img decoding=\"async\" width=\"800\" height=\"566\" src=\"https:\/\/dosmassessors.com\/wp-content\/uploads\/2025\/03\/asesoria-fiscal-en-Manresa-1024x724.jpg\" class=\"attachment-large size-large wp-image-1537\" alt=\"\" srcset=\"https:\/\/dosmassessors.com\/wp-content\/uploads\/2025\/03\/asesoria-fiscal-en-Manresa-1024x724.jpg 1024w, https:\/\/dosmassessors.com\/wp-content\/uploads\/2025\/03\/asesoria-fiscal-en-Manresa-300x212.jpg 300w, https:\/\/dosmassessors.com\/wp-content\/uploads\/2025\/03\/asesoria-fiscal-en-Manresa-768x543.jpg 768w, https:\/\/dosmassessors.com\/wp-content\/uploads\/2025\/03\/asesoria-fiscal-en-Manresa-1536x1086.jpg 1536w, https:\/\/dosmassessors.com\/wp-content\/uploads\/2025\/03\/asesoria-fiscal-en-Manresa-18x12.jpg 18w, https:\/\/dosmassessors.com\/wp-content\/uploads\/2025\/03\/asesoria-fiscal-en-Manresa.jpg 2000w\" sizes=\"(max-width: 800px) 100vw, 800px\" \/>\t\t\t\t\t\t\t\t\t\t\t\t\t<\/div>\n\t\t\t\t<\/div>\n\t\t\t\t<\/div>\n\t\t<div class=\"elementor-element elementor-element-5969677 e-con-full e-flex e-con e-child\" data-id=\"5969677\" data-element_type=\"container\">\n\t\t\t\t<div class=\"elementor-element elementor-element-2b7631f elementor-widget elementor-widget-text-editor\" data-id=\"2b7631f\" data-element_type=\"widget\" data-widget_type=\"text-editor.default\">\n\t\t\t\t<div class=\"elementor-widget-container\">\n\t\t\t\t\t\t\t<h4 data-pm-slice=\"1 1 []\">Per qu\u00e8 triar 2M Assessors com la teva assessoria comptable a Manresa<\/h4><p>En un context on els canvis normatius s\u00f3n freq\u00fcents i la fiscalitzaci\u00f3 per part de l&#039;Administraci\u00f3 \u00e9s cada cop m\u00e9s rigorosa, confiar en una <strong>assessoria comptable a Manresa<\/strong> amb experi\u00e8ncia i solv\u00e8ncia \u00e9s m\u00e9s important que mai. A 2M Assessors comptem amb un equip de professionals especialitzats que s&#039;encarreguen que totes les operacions comptables de la teva empresa s&#039;ajustin a la legislaci\u00f3 vigent ia les millors pr\u00e0ctiques del sector.<\/p><p>El nostre avantatge competitiu rau en la personalitzaci\u00f3 del servei, la rapidesa de resposta i la capacitat d&#039;integrar-nos com a extensi\u00f3 de l&#039;equip intern del client. No treballem amb plantilles ni solucions gen\u00e8riques: cada empresa rep una atenci\u00f3 detallada, amb un seguiment continu i propostes de millora.<\/p><p>A m\u00e9s, a 2M Assessors no nom\u00e9s oferim serveis comptables, sin\u00f3 que integrem la part fiscal, laboral i jur\u00eddica quan \u00e9s necessari, cosa que ens permet tenir una visi\u00f3 global de l&#039;empresa i assessorar amb coher\u00e8ncia i efic\u00e0cia.<\/p>\t\t\t\t\t\t<\/div>\n\t\t\t\t<\/div>\n\t\t\t\t<\/div>\n\t\t\t\t\t<\/div>\n\t\t\t\t<\/div>\n\t\t<div class=\"elementor-element elementor-element-9770da1 e-flex e-con-boxed e-con e-parent\" data-id=\"9770da1\" data-element_type=\"container\">\n\t\t\t\t\t<div class=\"e-con-inner\">\n\t\t\t\t<div class=\"elementor-element elementor-element-bc521dc elementor-widget elementor-widget-text-editor\" data-id=\"bc521dc\" data-element_type=\"widget\" data-widget_type=\"text-editor.default\">\n\t\t\t\t<div class=\"elementor-widget-container\">\n\t\t\t\t\t\t\t<h2 data-pm-slice=\"1 1 []\">Assessoria comptable a Manresa orientada al creixement sostenible<\/h2><p>La comptabilitat ja no nom\u00e9s \u00e9s una eina de control, sin\u00f3 una font d&#039;informaci\u00f3 estrat\u00e8gica. Per aix\u00f2, a la nostra <strong>assessoria comptable a Manresa<\/strong>, treballem perqu\u00e8 els nostres clients puguin prendre decisions amb dades fiables, actualitzades i clares. Creiem en la comptabilitat com una aliada per cr\u00e9ixer amb seguretat, optimitzar recursos i construir empreses m\u00e9s resilients.<\/p><p>2M Assessors s&#039;ha consolidat com una de les firmes de refer\u00e8ncia a <strong>assessoria comptable a Manresa<\/strong> gr\u00e0cies a la confian\u00e7a dels nostres clients ia la nostra aposta per la qualitat, la innovaci\u00f3 i el comprom\u00eds. Si cerques un servei comptable que combini professionalitat, tecnologia i proximitat, som la teva millor opci\u00f3.<\/p><p>Confia en 2M Assessors i transforma la comptabilitat en una eina real de gesti\u00f3 i creixement per a la teva empresa.<\/p><p>\u00a0<\/p>\t\t\t\t\t\t<\/div>\n\t\t\t\t<\/div>\n\t\t\t\t\t<\/div>\n\t\t\t\t<\/div>\n\t\t<div class=\"elementor-element elementor-element-9a10fca e-flex e-con-boxed e-con e-parent\" data-id=\"9a10fca\" data-element_type=\"container\">\n\t\t\t\t\t<div class=\"e-con-inner\">\n\t\t\t\t<div class=\"elementor-element elementor-element-44d6b1c elementor-widget elementor-widget-heading\" data-id=\"44d6b1c\" data-element_type=\"widget\" data-widget_type=\"heading.default\">\n\t\t\t\t<div class=\"elementor-widget-container\">\n\t\t\t<h2 class=\"elementor-heading-title elementor-size-default\">Estem per ajudar-te <\/h2>\t\t<\/div>\n\t\t\t\t<\/div>\n\t\t\t\t\t<\/div>\n\t\t\t\t<\/div>\n\t\t<div class=\"elementor-element elementor-element-a284710 e-flex e-con-boxed e-con e-parent\" data-id=\"a284710\" data-element_type=\"container\">\n\t\t\t\t\t<div class=\"e-con-inner\">\n\t\t<div class=\"elementor-element elementor-element-692a5b1 e-con-full e-flex e-con e-child\" data-id=\"692a5b1\" data-element_type=\"container\" data-settings=\"{&quot;background_background&quot;:&quot;classic&quot;}\">\n\t\t\t\t<div class=\"elementor-element elementor-element-acb60f0 elementor-button-align-stretch elementor-widget elementor-widget-form\" data-id=\"acb60f0\" data-element_type=\"widget\" data-settings=\"{&quot;button_width&quot;:&quot;50&quot;,&quot;step_next_label&quot;:&quot;Next&quot;,&quot;step_previous_label&quot;:&quot;Previous&quot;,&quot;step_type&quot;:&quot;number_text&quot;,&quot;step_icon_shape&quot;:&quot;circle&quot;}\" data-widget_type=\"form.default\">\n\t\t\t\t<div class=\"elementor-widget-container\">\n\t\t\t\t\t<form class=\"elementor-form\" method=\"post\" name=\"New Form\" action=\"\">\n\t\t\t<input type=\"hidden\" name=\"post_id\" value=\"1748\"\/>\n\t\t\t<input type=\"hidden\" name=\"form_id\" value=\"acb60f0\"\/>\n\t\t\t<input type=\"hidden\" name=\"referer_title\" value=\"Asesor\u00eda contable en Manresa - 2M Assessors\" \/>\n\n\t\t\t\t\t\t\t<input type=\"hidden\" name=\"queried_id\" value=\"1748\"\/>\n\t\t\t\n\t\t\t<div class=\"elementor-form-fields-wrapper elementor-labels-above\">\n\t\t\t\t\t\t\t\t<div class=\"elementor-field-type-text elementor-field-group elementor-column elementor-field-group-name elementor-col-50 elementor-field-required\">\n\t\t\t\t\t\t\t\t\t\t\t\t<label for=\"form-field-name\" class=\"elementor-field-label\">\n\t\t\t\t\t\t\t\tNom\t\t\t\t\t\t\t<\/label>\n\t\t\t\t\t\t\t\t\t\t\t\t\t\t<input size=\"1\" type=\"text\" name=\"form_fields[name]\" id=\"form-field-name\" class=\"elementor-field elementor-size-md  elementor-field-textual\" placeholder=\"Nom *\" required=\"required\" aria-required=\"true\">\n\t\t\t\t\t\t\t\t\t\t\t<\/div>\n\t\t\t\t\t\t\t\t<div class=\"elementor-field-type-text elementor-field-group elementor-column elementor-field-group-field_4b65802 elementor-col-50 elementor-field-required\">\n\t\t\t\t\t\t\t\t\t\t\t\t<label for=\"form-field-field_4b65802\" class=\"elementor-field-label\">\n\t\t\t\t\t\t\t\tAssumpte\t\t\t\t\t\t\t<\/label>\n\t\t\t\t\t\t\t\t\t\t\t\t\t\t<input size=\"1\" type=\"text\" name=\"form_fields[field_4b65802]\" id=\"form-field-field_4b65802\" class=\"elementor-field elementor-size-md  elementor-field-textual\" placeholder=\"Assumpte *\" required=\"required\" aria-required=\"true\">\n\t\t\t\t\t\t\t\t\t\t\t<\/div>\n\t\t\t\t\t\t\t\t<div class=\"elementor-field-type-email elementor-field-group elementor-column elementor-field-group-email elementor-col-50 elementor-field-required\">\n\t\t\t\t\t\t\t\t\t\t\t\t<label for=\"form-field-email\" class=\"elementor-field-label\">\n\t\t\t\t\t\t\t\tEmail\t\t\t\t\t\t\t<\/label>\n\t\t\t\t\t\t\t\t\t\t\t\t\t\t<input size=\"1\" type=\"email\" name=\"form_fields[email]\" id=\"form-field-email\" class=\"elementor-field elementor-size-md  elementor-field-textual\" placeholder=\"Email *\" required=\"required\" aria-required=\"true\">\n\t\t\t\t\t\t\t\t\t\t\t<\/div>\n\t\t\t\t\t\t\t\t<div class=\"elementor-field-type-tel elementor-field-group elementor-column elementor-field-group-field_ce6273e elementor-col-50 elementor-field-required\">\n\t\t\t\t\t\t\t\t\t\t\t\t<label for=\"form-field-field_ce6273e\" class=\"elementor-field-label\">\n\t\t\t\t\t\t\t\tTel\u00e8fon\t\t\t\t\t\t\t<\/label>\n\t\t\t\t\t\t\t\t<input size=\"1\" type=\"tel\" name=\"form_fields[field_ce6273e]\" id=\"form-field-field_ce6273e\" class=\"elementor-field elementor-size-md  elementor-field-textual\" placeholder=\"Tel\u00e8fon *\" required=\"required\" aria-required=\"true\" pattern=\"[0-9()#&amp;+*-=.]+\" title=\"Nom\u00e9s s&#039;accepten n\u00fameros i car\u00e0cters telef\u00f2nics (#, -, *, etc.).\">\n\n\t\t\t\t\t\t<\/div>\n\t\t\t\t\t\t\t\t<div class=\"elementor-field-type-textarea elementor-field-group elementor-column elementor-field-group-message elementor-col-100 elementor-field-required\">\n\t\t\t\t\t\t\t\t\t\t\t\t<label for=\"form-field-message\" class=\"elementor-field-label\">\n\t\t\t\t\t\t\t\tMissatge\t\t\t\t\t\t\t<\/label>\n\t\t\t\t\t\t<textarea class=\"elementor-field-textual elementor-field  elementor-size-md\" name=\"form_fields[message]\" id=\"form-field-message\" rows=\"4\" placeholder=\"Missatge *\" required=\"required\" aria-required=\"true\"><\/textarea>\t\t\t\t<\/div>\n\t\t\t\t\t\t\t\t<div class=\"elementor-field-type-checkbox elementor-field-group elementor-column elementor-field-group-field_98fe05b elementor-col-100\">\n\t\t\t\t\t<div class=\"elementor-field-subgroup\"><span class=\"elementor-field-option\"><input type=\"checkbox\" value=\"He le\u00eddo el &lt;a href=&quot;\/aviso-legal\/&quot;&gt;aviso legal&lt;\/a&gt; y la &lt;a href=&quot;\/politica-de-privacidad\/&quot;&gt;pol\u00edtica de privacidad&lt;\/a&gt;\" id=\"form-field-field_98fe05b-0\" name=\"form_fields[field_98fe05b]\"> <label for=\"form-field-field_98fe05b-0\">He llegit el <a href=\"\/ca\/aviso-legal\/\">av\u00eds legal<\/a> i la <a href=\"\/ca\/politica-de-privacidad\/\">pol\u00edtica de privadesa<\/a><\/label><\/span><\/div>\t\t\t\t<\/div>\n\t\t\t\t\t\t\t\t<div class=\"elementor-field-type-text\">\n\t\t\t\t\t<input size=\"1\" type=\"text\" name=\"form_fields[field_cb8fcf1]\" id=\"form-field-field_cb8fcf1\" class=\"elementor-field elementor-size-md\" style=\"display:none !important;\">\t\t\t\t<\/div>\n\t\t\t\t\t\t\t\t<div class=\"elementor-field-type-recaptcha_v3 elementor-field-group elementor-column elementor-field-group-field_8a52363 elementor-col-100 recaptcha_v3-bottomleft\">\n\t\t\t\t\t<div class=\"elementor-field\" id=\"form-field-field_8a52363\"><div class=\"elementor-g-recaptcha\" data-sitekey=\"6LfrcroqAAAAAKZJik0oFZZi7Msnx5YJKIiW4xT1\" data-type=\"v3\" data-action=\"Form\" data-badge=\"bottomleft\" data-size=\"invisible\"><\/div><\/div>\t\t\t\t<\/div>\n\t\t\t\t\t\t\t\t<div class=\"elementor-field-group elementor-column elementor-field-type-submit elementor-col-50 e-form__buttons\">\n\t\t\t\t\t<button class=\"elementor-button elementor-size-sm\" type=\"submit\">\n\t\t\t\t\t\t<span class=\"elementor-button-content-wrapper\">\n\t\t\t\t\t\t\t\t\t\t\t\t\t\t\t\t\t\t\t\t\t\t<span class=\"elementor-button-text\">Enviar<\/span>\n\t\t\t\t\t\t\t\t\t\t\t\t\t<\/span>\n\t\t\t\t\t<\/button>\n\t\t\t\t<\/div>\n\t\t\t<\/div>\n\t\t<input type=\"hidden\" name=\"trp-form-language\" value=\"ca\"\/><\/form>\n\t\t\t\t<\/div>\n\t\t\t\t<\/div>\n\t\t\t\t<\/div>\n\t\t\t\t\t<\/div>\n\t\t\t\t<\/div>\n\t\t\t\t<\/div>","protected":false},"excerpt":{"rendered":"<p>Assessoria comptable a Manresa Assessoria comptable a Manresa: Control i seguretat per a la teva empresa Comptar amb una assessoria comptable a Manresa no \u00e9s nom\u00e9s una mesura per complir amb la legalitat, sin\u00f3 una estrat\u00e8gia essencial per tenir una visi\u00f3 clara, ordenada i eficient de la situaci\u00f3 financera de qualsevol empresa. A 2M Assessors, entenem que [\u2026 ]<\/p>","protected":false},"author":3,"featured_media":0,"parent":0,"menu_order":0,"comment_status":"closed","ping_status":"closed","template":"","meta":{"footnotes":""},"class_list":["post-1748","page","type-page","status-publish","hentry"],"yoast_head":"<!-- This site is optimized with the Yoast SEO plugin v24.2 - https:\/\/yoast.com\/wordpress\/plugins\/seo\/ -->\n<title>Asesor\u00eda contable en Manresa - 2M Assessors<\/title>\n<meta name=\"robots\" content=\"index, follow, max-snippet:-1, max-image-preview:large, max-video-preview:-1\" \/>\n<link rel=\"canonical\" href=\"https:\/\/dosmassessors.com\/ca\/asesoria-contable-en-manresa\/\" \/>\n<meta property=\"og:locale\" content=\"ca_ES\" \/>\n<meta property=\"og:type\" content=\"article\" \/>\n<meta property=\"og:title\" content=\"Asesor\u00eda contable en Manresa - 2M Assessors\" \/>\n<meta property=\"og:description\" content=\"Asesor\u00eda contable en Manresa Asesor\u00eda contable en Manresa: Control y seguridad para tu empresa Contar con una asesor\u00eda contable en Manresa no es solo una medida para cumplir con la legalidad, sino una estrategia esencial para tener una visi\u00f3n clara, ordenada y eficiente de la situaci\u00f3n financiera de cualquier empresa. En 2M Assessors, entendemos que [&hellip;]\" \/>\n<meta property=\"og:url\" content=\"https:\/\/dosmassessors.com\/ca\/asesoria-contable-en-manresa\/\" \/>\n<meta property=\"og:site_name\" content=\"2M Assessors\" \/>\n<meta property=\"article:modified_time\" content=\"2025-06-23T05:41:53+00:00\" \/>\n<meta property=\"og:image\" content=\"https:\/\/dosmassessors.com\/wp-content\/uploads\/2025\/05\/Asesorias-fiscal-para-empresas-barcelona.jpg\" \/>\n\t<meta property=\"og:image:width\" content=\"2000\" \/>\n\t<meta property=\"og:image:height\" content=\"1414\" \/>\n\t<meta property=\"og:image:type\" content=\"image\/jpeg\" \/>\n<meta name=\"twitter:card\" content=\"summary_large_image\" \/>\n<meta name=\"twitter:label1\" content=\"Temps estimat de lectura\" \/>\n\t<meta name=\"twitter:data1\" content=\"3 minuts\" \/>\n<script type=\"application\/ld+json\" class=\"yoast-schema-graph\">{\"@context\":\"https:\/\/schema.org\",\"@graph\":[{\"@type\":\"WebPage\",\"@id\":\"https:\/\/dosmassessors.com\/asesoria-contable-en-manresa\/\",\"url\":\"https:\/\/dosmassessors.com\/asesoria-contable-en-manresa\/\",\"name\":\"Asesor\u00eda contable en Manresa - 2M Assessors\",\"isPartOf\":{\"@id\":\"https:\/\/dosmassessors.com\/#website\"},\"primaryImageOfPage\":{\"@id\":\"https:\/\/dosmassessors.com\/asesoria-contable-en-manresa\/#primaryimage\"},\"image\":{\"@id\":\"https:\/\/dosmassessors.com\/asesoria-contable-en-manresa\/#primaryimage\"},\"thumbnailUrl\":\"https:\/\/dosmassessors.com\/wp-content\/uploads\/2025\/05\/Asesorias-fiscal-para-empresas-barcelona-1024x724.jpg\",\"datePublished\":\"2025-06-23T05:37:51+00:00\",\"dateModified\":\"2025-06-23T05:41:53+00:00\",\"breadcrumb\":{\"@id\":\"https:\/\/dosmassessors.com\/asesoria-contable-en-manresa\/#breadcrumb\"},\"inLanguage\":\"ca\",\"potentialAction\":[{\"@type\":\"ReadAction\",\"target\":[\"https:\/\/dosmassessors.com\/asesoria-contable-en-manresa\/\"]}]},{\"@type\":\"ImageObject\",\"inLanguage\":\"ca\",\"@id\":\"https:\/\/dosmassessors.com\/asesoria-contable-en-manresa\/#primaryimage\",\"url\":\"https:\/\/dosmassessors.com\/wp-content\/uploads\/2025\/05\/Asesorias-fiscal-para-empresas-barcelona-1024x724.jpg\",\"contentUrl\":\"https:\/\/dosmassessors.com\/wp-content\/uploads\/2025\/05\/Asesorias-fiscal-para-empresas-barcelona-1024x724.jpg\"},{\"@type\":\"BreadcrumbList\",\"@id\":\"https:\/\/dosmassessors.com\/asesoria-contable-en-manresa\/#breadcrumb\",\"itemListElement\":[{\"@type\":\"ListItem\",\"position\":1,\"name\":\"Portada\",\"item\":\"https:\/\/dosmassessors.com\/\"},{\"@type\":\"ListItem\",\"position\":2,\"name\":\"Asesor\u00eda contable en Manresa\"}]},{\"@type\":\"WebSite\",\"@id\":\"https:\/\/dosmassessors.com\/#website\",\"url\":\"https:\/\/dosmassessors.com\/\",\"name\":\"2M Assessors\",\"description\":\"Tu asesor\u00eda de confianza para particulares y empresas en Manresa\",\"publisher\":{\"@id\":\"https:\/\/dosmassessors.com\/#organization\"},\"potentialAction\":[{\"@type\":\"SearchAction\",\"target\":{\"@type\":\"EntryPoint\",\"urlTemplate\":\"https:\/\/dosmassessors.com\/?s={search_term_string}\"},\"query-input\":{\"@type\":\"PropertyValueSpecification\",\"valueRequired\":true,\"valueName\":\"search_term_string\"}}],\"inLanguage\":\"ca\"},{\"@type\":\"Organization\",\"@id\":\"https:\/\/dosmassessors.com\/#organization\",\"name\":\"2M Assessors\",\"url\":\"https:\/\/dosmassessors.com\/\",\"logo\":{\"@type\":\"ImageObject\",\"inLanguage\":\"ca\",\"@id\":\"https:\/\/dosmassessors.com\/#\/schema\/logo\/image\/\",\"url\":\"https:\/\/dosmassessors.com\/wp-content\/uploads\/2024\/12\/2m.png\",\"contentUrl\":\"https:\/\/dosmassessors.com\/wp-content\/uploads\/2024\/12\/2m.png\",\"width\":1113,\"height\":123,\"caption\":\"2M Assessors\"},\"image\":{\"@id\":\"https:\/\/dosmassessors.com\/#\/schema\/logo\/image\/\"}}]}<\/script>\n<!-- \/ Yoast SEO plugin. -->","yoast_head_json":{"title":"Asesor\u00eda contable en Manresa - 2M Assessors","robots":{"index":"index","follow":"follow","max-snippet":"max-snippet:-1","max-image-preview":"max-image-preview:large","max-video-preview":"max-video-preview:-1"},"canonical":"https:\/\/dosmassessors.com\/ca\/asesoria-contable-en-manresa\/","og_locale":"ca_ES","og_type":"article","og_title":"Asesor\u00eda contable en Manresa - 2M Assessors","og_description":"Asesor\u00eda contable en Manresa Asesor\u00eda contable en Manresa: Control y seguridad para tu empresa Contar con una asesor\u00eda contable en Manresa no es solo una medida para cumplir con la legalidad, sino una estrategia esencial para tener una visi\u00f3n clara, ordenada y eficiente de la situaci\u00f3n financiera de cualquier empresa. En 2M Assessors, entendemos que [&hellip;]","og_url":"https:\/\/dosmassessors.com\/ca\/asesoria-contable-en-manresa\/","og_site_name":"2M Assessors","article_modified_time":"2025-06-23T05:41:53+00:00","og_image":[{"width":2000,"height":1414,"url":"https:\/\/dosmassessors.com\/wp-content\/uploads\/2025\/05\/Asesorias-fiscal-para-empresas-barcelona.jpg","type":"image\/jpeg"}],"twitter_card":"summary_large_image","twitter_misc":{"Temps estimat de lectura":"3 minuts"},"schema":{"@context":"https:\/\/schema.org","@graph":[{"@type":"WebPage","@id":"https:\/\/dosmassessors.com\/asesoria-contable-en-manresa\/","url":"https:\/\/dosmassessors.com\/asesoria-contable-en-manresa\/","name":"Asesor\u00eda contable en Manresa - 2M Assessors","isPartOf":{"@id":"https:\/\/dosmassessors.com\/#website"},"primaryImageOfPage":{"@id":"https:\/\/dosmassessors.com\/asesoria-contable-en-manresa\/#primaryimage"},"image":{"@id":"https:\/\/dosmassessors.com\/asesoria-contable-en-manresa\/#primaryimage"},"thumbnailUrl":"https:\/\/dosmassessors.com\/wp-content\/uploads\/2025\/05\/Asesorias-fiscal-para-empresas-barcelona-1024x724.jpg","datePublished":"2025-06-23T05:37:51+00:00","dateModified":"2025-06-23T05:41:53+00:00","breadcrumb":{"@id":"https:\/\/dosmassessors.com\/asesoria-contable-en-manresa\/#breadcrumb"},"inLanguage":"ca","potentialAction":[{"@type":"ReadAction","target":["https:\/\/dosmassessors.com\/asesoria-contable-en-manresa\/"]}]},{"@type":"ImageObject","inLanguage":"ca","@id":"https:\/\/dosmassessors.com\/asesoria-contable-en-manresa\/#primaryimage","url":"https:\/\/dosmassessors.com\/wp-content\/uploads\/2025\/05\/Asesorias-fiscal-para-empresas-barcelona-1024x724.jpg","contentUrl":"https:\/\/dosmassessors.com\/wp-content\/uploads\/2025\/05\/Asesorias-fiscal-para-empresas-barcelona-1024x724.jpg"},{"@type":"BreadcrumbList","@id":"https:\/\/dosmassessors.com\/asesoria-contable-en-manresa\/#breadcrumb","itemListElement":[{"@type":"ListItem","position":1,"name":"Portada","item":"https:\/\/dosmassessors.com\/"},{"@type":"ListItem","position":2,"name":"Asesor\u00eda contable en Manresa"}]},{"@type":"WebSite","@id":"https:\/\/dosmassessors.com\/#website","url":"https:\/\/dosmassessors.com\/","name":"2M Assessors","description":"Tu asesor\u00eda de confianza para particulares y empresas en Manresa","publisher":{"@id":"https:\/\/dosmassessors.com\/#organization"},"potentialAction":[{"@type":"SearchAction","target":{"@type":"EntryPoint","urlTemplate":"https:\/\/dosmassessors.com\/?s={search_term_string}"},"query-input":{"@type":"PropertyValueSpecification","valueRequired":true,"valueName":"search_term_string"}}],"inLanguage":"ca"},{"@type":"Organization","@id":"https:\/\/dosmassessors.com\/#organization","name":"2M Assessors","url":"https:\/\/dosmassessors.com\/","logo":{"@type":"ImageObject","inLanguage":"ca","@id":"https:\/\/dosmassessors.com\/#\/schema\/logo\/image\/","url":"https:\/\/dosmassessors.com\/wp-content\/uploads\/2024\/12\/2m.png","contentUrl":"https:\/\/dosmassessors.com\/wp-content\/uploads\/2024\/12\/2m.png","width":1113,"height":123,"caption":"2M Assessors"},"image":{"@id":"https:\/\/dosmassessors.com\/#\/schema\/logo\/image\/"}}]}},"_links":{"self":[{"href":"https:\/\/dosmassessors.com\/ca\/wp-json\/wp\/v2\/pages\/1748","targetHints":{"allow":["GET"]}}],"collection":[{"href":"https:\/\/dosmassessors.com\/ca\/wp-json\/wp\/v2\/pages"}],"about":[{"href":"https:\/\/dosmassessors.com\/ca\/wp-json\/wp\/v2\/types\/page"}],"author":[{"embeddable":true,"href":"https:\/\/dosmassessors.com\/ca\/wp-json\/wp\/v2\/users\/3"}],"replies":[{"embeddable":true,"href":"https:\/\/dosmassessors.com\/ca\/wp-json\/wp\/v2\/comments?post=1748"}],"version-history":[{"count":7,"href":"https:\/\/dosmassessors.com\/ca\/wp-json\/wp\/v2\/pages\/1748\/revisions"}],"predecessor-version":[{"id":1756,"href":"https:\/\/dosmassessors.com\/ca\/wp-json\/wp\/v2\/pages\/1748\/revisions\/1756"}],"wp:attachment":[{"href":"https:\/\/dosmassessors.com\/ca\/wp-json\/wp\/v2\/media?parent=1748"}],"curies":[{"name":"wp","href":"https:\/\/api.w.org\/{rel}","templated":true}]}}