{"id":1738,"date":"2025-06-23T07:32:48","date_gmt":"2025-06-23T05:32:48","guid":{"rendered":"https:\/\/dosmassessors.com\/?page_id=1738"},"modified":"2025-06-23T07:37:18","modified_gmt":"2025-06-23T05:37:18","slug":"asesoria-empresas-en-manresa","status":"publish","type":"page","link":"https:\/\/dosmassessors.com\/ca\/asesoria-empresas-en-manresa\/","title":{"rendered":"Assessoria d&#039;empreses a Manresa"},"content":{"rendered":"<div data-elementor-type=\"wp-page\" data-elementor-id=\"1738\" class=\"elementor elementor-1738\" data-elementor-post-type=\"page\">\n\t\t\t\t<div class=\"elementor-element elementor-element-7257a61 e-flex e-con-boxed e-con e-parent\" data-id=\"7257a61\" data-element_type=\"container\">\n\t\t\t\t\t<div class=\"e-con-inner\">\n\t\t\t\t<div class=\"elementor-element elementor-element-ddc02de elementor-widget elementor-widget-heading\" data-id=\"ddc02de\" data-element_type=\"widget\" data-widget_type=\"heading.default\">\n\t\t\t\t<div class=\"elementor-widget-container\">\n\t\t\t<h2 class=\"elementor-heading-title elementor-size-default\">Assessoria d&#039;empreses a Manresa <\/h2>\t\t<\/div>\n\t\t\t\t<\/div>\n\t\t\t\t\t<\/div>\n\t\t\t\t<\/div>\n\t\t<div class=\"elementor-element elementor-element-0815c99 e-flex e-con-boxed e-con e-parent\" data-id=\"0815c99\" data-element_type=\"container\">\n\t\t\t\t\t<div class=\"e-con-inner\">\n\t\t<div class=\"elementor-element elementor-element-2007af1 e-con-full e-flex e-con e-child\" data-id=\"2007af1\" data-element_type=\"container\">\n\t\t\t\t<div class=\"elementor-element elementor-element-03e2d14 elementor-widget elementor-widget-text-editor\" data-id=\"03e2d14\" data-element_type=\"widget\" data-widget_type=\"text-editor.default\">\n\t\t\t\t<div class=\"elementor-widget-container\">\n\t\t\t\t\t\t\t<h4 data-pm-slice=\"1 1 []\">Assessoria d&#039;empreses a Manresa: Solucions integrals pel teu negoci<\/h4><p>En un entorn empresarial cada cop m\u00e9s exigent i canviant, comptar amb una bona <strong>assessoria d&#039;empreses a Manresa<\/strong> no \u00e9s una opci\u00f3, sin\u00f3 una necessitat. Les obligacions fiscals, laborals, comptables i jur\u00eddiques requereixen un coneixement profund de la normativa i una capacitat constant dadaptaci\u00f3. A 2M Assessors oferim un servei d&#039;assessorament integral que permet a empreses i aut\u00f2noms centrar-se en all\u00f2 que realment importa: fer cr\u00e9ixer el seu negoci amb tranquil\u00b7litat i suport professional.<\/p><h4>Assessoria d&#039;empreses a Manresa amb un enfocament personalitzat i proper<\/h4><p>La clau de l&#039;\u00e8xit de qualsevol <strong>assessoria d&#039;empreses a Manresa<\/strong> rau en la capacitat d&#039;adaptar-se a les particularitats de cada client. No hi ha solucions universals en el m\u00f3n de la gesti\u00f3 empresarial, per aix\u00f2 a 2M Assessors ens impliquem de forma activa en cada projecte. Estudiem a fons les necessitats de cada empresa, analitzem la situaci\u00f3 actual i proposem estrat\u00e8gies a mesura que optimitzen recursos i eviten riscos.<\/p><p>Ja sigui que necessiteu ajuda amb la constituci\u00f3 d&#039;una societat, el compliment de les vostres obligacions fiscals, la gesti\u00f3 de la plantilla o la planificaci\u00f3 comptable, el nostre equip multidisciplinar est\u00e0 preparat per donar-vos una resposta \u00e0gil, efica\u00e7 i segura. Aportem solucions reals, comunicaci\u00f3 fluida i una atenci\u00f3 continuada que converteix 2M Assessors en una de les refer\u00e8ncies a <strong>assessoria d&#039;empreses a Manresa<\/strong>.<\/p>\t\t\t\t\t\t<\/div>\n\t\t\t\t<\/div>\n\t\t\t\t<\/div>\n\t\t<div class=\"elementor-element elementor-element-de4be5e e-con-full e-flex e-con e-child\" data-id=\"de4be5e\" data-element_type=\"container\">\n\t\t\t\t<div class=\"elementor-element elementor-element-27fa188 elementor-widget elementor-widget-image\" data-id=\"27fa188\" data-element_type=\"widget\" data-widget_type=\"image.default\">\n\t\t\t\t<div class=\"elementor-widget-container\">\n\t\t\t\t\t\t\t\t\t\t\t\t\t<img fetchpriority=\"high\" decoding=\"async\" width=\"800\" height=\"566\" src=\"https:\/\/dosmassessors.com\/wp-content\/uploads\/2025\/03\/asesoria-laboral-en-Manresa-1024x724.jpg\" class=\"attachment-large size-large wp-image-1553\" alt=\"\" srcset=\"https:\/\/dosmassessors.com\/wp-content\/uploads\/2025\/03\/asesoria-laboral-en-Manresa-1024x724.jpg 1024w, https:\/\/dosmassessors.com\/wp-content\/uploads\/2025\/03\/asesoria-laboral-en-Manresa-300x212.jpg 300w, https:\/\/dosmassessors.com\/wp-content\/uploads\/2025\/03\/asesoria-laboral-en-Manresa-768x543.jpg 768w, https:\/\/dosmassessors.com\/wp-content\/uploads\/2025\/03\/asesoria-laboral-en-Manresa-1536x1086.jpg 1536w, https:\/\/dosmassessors.com\/wp-content\/uploads\/2025\/03\/asesoria-laboral-en-Manresa-18x12.jpg 18w, https:\/\/dosmassessors.com\/wp-content\/uploads\/2025\/03\/asesoria-laboral-en-Manresa.jpg 2000w\" sizes=\"(max-width: 800px) 100vw, 800px\" \/>\t\t\t\t\t\t\t\t\t\t\t\t\t<\/div>\n\t\t\t\t<\/div>\n\t\t\t\t<\/div>\n\t\t\t\t\t<\/div>\n\t\t\t\t<\/div>\n\t\t<div class=\"elementor-element elementor-element-28667b5 e-flex e-con-boxed e-con e-parent\" data-id=\"28667b5\" data-element_type=\"container\">\n\t\t\t\t\t<div class=\"e-con-inner\">\n\t\t<div class=\"elementor-element elementor-element-644ef49 e-con-full e-flex e-con e-child\" data-id=\"644ef49\" data-element_type=\"container\">\n\t\t\t\t<div class=\"elementor-element elementor-element-e59f17f elementor-widget elementor-widget-image\" data-id=\"e59f17f\" data-element_type=\"widget\" data-widget_type=\"image.default\">\n\t\t\t\t<div class=\"elementor-widget-container\">\n\t\t\t\t\t\t\t\t\t\t\t\t\t<img decoding=\"async\" width=\"800\" height=\"566\" src=\"https:\/\/dosmassessors.com\/wp-content\/uploads\/2025\/03\/administracion-fincas-1-1024x724.jpg\" class=\"attachment-large size-large wp-image-1551\" alt=\"\" srcset=\"https:\/\/dosmassessors.com\/wp-content\/uploads\/2025\/03\/administracion-fincas-1-1024x724.jpg 1024w, https:\/\/dosmassessors.com\/wp-content\/uploads\/2025\/03\/administracion-fincas-1-300x212.jpg 300w, https:\/\/dosmassessors.com\/wp-content\/uploads\/2025\/03\/administracion-fincas-1-768x543.jpg 768w, https:\/\/dosmassessors.com\/wp-content\/uploads\/2025\/03\/administracion-fincas-1-1536x1086.jpg 1536w, https:\/\/dosmassessors.com\/wp-content\/uploads\/2025\/03\/administracion-fincas-1-18x12.jpg 18w, https:\/\/dosmassessors.com\/wp-content\/uploads\/2025\/03\/administracion-fincas-1.jpg 2000w\" sizes=\"(max-width: 800px) 100vw, 800px\" \/>\t\t\t\t\t\t\t\t\t\t\t\t\t<\/div>\n\t\t\t\t<\/div>\n\t\t\t\t<\/div>\n\t\t<div class=\"elementor-element elementor-element-d4e1fd3 e-con-full e-flex e-con e-child\" data-id=\"d4e1fd3\" data-element_type=\"container\">\n\t\t\t\t<div class=\"elementor-element elementor-element-315a6f8 elementor-widget elementor-widget-text-editor\" data-id=\"315a6f8\" data-element_type=\"widget\" data-widget_type=\"text-editor.default\">\n\t\t\t\t<div class=\"elementor-widget-container\">\n\t\t\t\t\t\t\t<h4 data-pm-slice=\"1 1 []\">Per qu\u00e8 triar 2M Assessors com la teva assessoria d&#039;empreses a Manresa<\/h4><p>S\u00f3n molts els motius pels quals cada cop m\u00e9s negocis confien en nosaltres com la seva <strong>assessoria d&#039;empreses a Manresa<\/strong>. El nostre valor diferencial rau en la combinaci\u00f3 d&#039;experi\u00e8ncia, proximitat, tecnologia i comprom\u00eds. No nom\u00e9s resolem gestions, sin\u00f3 que actuem com a aliats dels nostres clients, anticipant-nos als canvis normatius, analitzant-ne l&#039;impacte i acompanyant la presa de decisions estrat\u00e8giques.<\/p><p>A 2M Assessors entenem que una bona assessoria ha de ser proactiva, i per aix\u00f2 ens mantenim sempre actualitzats i preparats per donar suport davant de qualsevol repte empresarial. El nostre equip est\u00e0 format per especialistes en dret mercantil, fiscalitat, dret laboral i comptabilitat, cosa que ens permet oferir un enfocament integral, sense compartiments estancs. Aix\u00f2 es tradueix en una coher\u00e8ncia m\u00e9s gran, estalvi de temps i un control total dels diferents \u00e0mbits de l&#039;empresa.<\/p>\t\t\t\t\t\t<\/div>\n\t\t\t\t<\/div>\n\t\t\t\t<\/div>\n\t\t\t\t\t<\/div>\n\t\t\t\t<\/div>\n\t\t<div class=\"elementor-element elementor-element-2e1d156 e-flex e-con-boxed e-con e-parent\" data-id=\"2e1d156\" data-element_type=\"container\">\n\t\t\t\t\t<div class=\"e-con-inner\">\n\t\t\t\t<div class=\"elementor-element elementor-element-c4ae83a elementor-widget elementor-widget-text-editor\" data-id=\"c4ae83a\" data-element_type=\"widget\" data-widget_type=\"text-editor.default\">\n\t\t\t\t<div class=\"elementor-widget-container\">\n\t\t\t\t\t\t\t<h2 data-pm-slice=\"1 1 []\">Assessoria d&#039;empreses a Manresa que evoluciona amb tu<\/h2><p>El teixit empresarial de Manresa \u00e9s divers i est\u00e0 en evoluci\u00f3 constant. Des d&#039;emprenedors que inicien la seva activitat fins a pimes consolidades que busquen nous horitzons, tots en necessiten una <strong>assessoria d&#039;empreses a Manresa<\/strong> que creixi amb ells i que comprengui els seus desafiaments. A 2M Assessors apostem per les relacions a llarg termini, basades en la confian\u00e7a, la transpar\u00e8ncia i la millora cont\u00ednua.<\/p><p>Gr\u00e0cies al nostre enfocament col\u00b7laboratiu, ajudem els nostres clients a assolir els seus objectius, minimitzar riscos i aprofitar al m\u00e0xim les oportunitats de l&#039;entorn. Utilitzem eines digitals que faciliten l&#039;acc\u00e9s a la informaci\u00f3, milloren la comunicaci\u00f3 i agiliten els processos, tot sense perdre la proximitat i el tracte personalitzat que ens caracteritza.<\/p><p>Si busques una <strong>assessoria d&#039;empreses a Manresa<\/strong> que combini professionalitat, efici\u00e8ncia i atenci\u00f3 personalitzada, 2M Assessors \u00e9s la teva millor elecci\u00f3. El nostre comprom\u00eds \u00e9s acompanyar-te en cada etapa del cam\u00ed, ajudant-te a prendre decisions fonamentades i segures perqu\u00e8 el teu negoci creixi amb bases s\u00f2lides i sostenibles.<\/p>\t\t\t\t\t\t<\/div>\n\t\t\t\t<\/div>\n\t\t\t\t\t<\/div>\n\t\t\t\t<\/div>\n\t\t<div class=\"elementor-element elementor-element-c8b69e6 e-flex e-con-boxed e-con e-parent\" data-id=\"c8b69e6\" data-element_type=\"container\">\n\t\t\t\t\t<div class=\"e-con-inner\">\n\t\t\t\t<div class=\"elementor-element elementor-element-d21922a elementor-widget elementor-widget-heading\" data-id=\"d21922a\" data-element_type=\"widget\" data-widget_type=\"heading.default\">\n\t\t\t\t<div class=\"elementor-widget-container\">\n\t\t\t<h2 class=\"elementor-heading-title elementor-size-default\">Estem per ajudar-te <\/h2>\t\t<\/div>\n\t\t\t\t<\/div>\n\t\t\t\t\t<\/div>\n\t\t\t\t<\/div>\n\t\t<div class=\"elementor-element elementor-element-17559bd e-flex e-con-boxed e-con e-parent\" data-id=\"17559bd\" data-element_type=\"container\">\n\t\t\t\t\t<div class=\"e-con-inner\">\n\t\t<div class=\"elementor-element elementor-element-392b681 e-con-full e-flex e-con e-child\" data-id=\"392b681\" data-element_type=\"container\" data-settings=\"{&quot;background_background&quot;:&quot;classic&quot;}\">\n\t\t\t\t<div class=\"elementor-element elementor-element-e172e7f elementor-button-align-stretch elementor-widget elementor-widget-form\" data-id=\"e172e7f\" data-element_type=\"widget\" data-settings=\"{&quot;button_width&quot;:&quot;50&quot;,&quot;step_next_label&quot;:&quot;Next&quot;,&quot;step_previous_label&quot;:&quot;Previous&quot;,&quot;step_type&quot;:&quot;number_text&quot;,&quot;step_icon_shape&quot;:&quot;circle&quot;}\" data-widget_type=\"form.default\">\n\t\t\t\t<div class=\"elementor-widget-container\">\n\t\t\t\t\t<form class=\"elementor-form\" method=\"post\" name=\"New Form\" action=\"\">\n\t\t\t<input type=\"hidden\" name=\"post_id\" value=\"1738\"\/>\n\t\t\t<input type=\"hidden\" name=\"form_id\" value=\"e172e7f\"\/>\n\t\t\t<input type=\"hidden\" name=\"referer_title\" value=\"Asesor\u00eda de empresas en Manresa - 2M Assessors\" \/>\n\n\t\t\t\t\t\t\t<input type=\"hidden\" name=\"queried_id\" value=\"1738\"\/>\n\t\t\t\n\t\t\t<div class=\"elementor-form-fields-wrapper elementor-labels-above\">\n\t\t\t\t\t\t\t\t<div class=\"elementor-field-type-text elementor-field-group elementor-column elementor-field-group-name elementor-col-50 elementor-field-required\">\n\t\t\t\t\t\t\t\t\t\t\t\t<label for=\"form-field-name\" class=\"elementor-field-label\">\n\t\t\t\t\t\t\t\tNom\t\t\t\t\t\t\t<\/label>\n\t\t\t\t\t\t\t\t\t\t\t\t\t\t<input size=\"1\" type=\"text\" name=\"form_fields[name]\" id=\"form-field-name\" class=\"elementor-field elementor-size-md  elementor-field-textual\" placeholder=\"Nom *\" required=\"required\" aria-required=\"true\">\n\t\t\t\t\t\t\t\t\t\t\t<\/div>\n\t\t\t\t\t\t\t\t<div class=\"elementor-field-type-text elementor-field-group elementor-column elementor-field-group-field_4b65802 elementor-col-50 elementor-field-required\">\n\t\t\t\t\t\t\t\t\t\t\t\t<label for=\"form-field-field_4b65802\" class=\"elementor-field-label\">\n\t\t\t\t\t\t\t\tAssumpte\t\t\t\t\t\t\t<\/label>\n\t\t\t\t\t\t\t\t\t\t\t\t\t\t<input size=\"1\" type=\"text\" name=\"form_fields[field_4b65802]\" id=\"form-field-field_4b65802\" class=\"elementor-field elementor-size-md  elementor-field-textual\" placeholder=\"Assumpte *\" required=\"required\" aria-required=\"true\">\n\t\t\t\t\t\t\t\t\t\t\t<\/div>\n\t\t\t\t\t\t\t\t<div class=\"elementor-field-type-email elementor-field-group elementor-column elementor-field-group-email elementor-col-50 elementor-field-required\">\n\t\t\t\t\t\t\t\t\t\t\t\t<label for=\"form-field-email\" class=\"elementor-field-label\">\n\t\t\t\t\t\t\t\tEmail\t\t\t\t\t\t\t<\/label>\n\t\t\t\t\t\t\t\t\t\t\t\t\t\t<input size=\"1\" type=\"email\" name=\"form_fields[email]\" id=\"form-field-email\" class=\"elementor-field elementor-size-md  elementor-field-textual\" placeholder=\"Email *\" required=\"required\" aria-required=\"true\">\n\t\t\t\t\t\t\t\t\t\t\t<\/div>\n\t\t\t\t\t\t\t\t<div class=\"elementor-field-type-tel elementor-field-group elementor-column elementor-field-group-field_ce6273e elementor-col-50 elementor-field-required\">\n\t\t\t\t\t\t\t\t\t\t\t\t<label for=\"form-field-field_ce6273e\" class=\"elementor-field-label\">\n\t\t\t\t\t\t\t\tTel\u00e8fon\t\t\t\t\t\t\t<\/label>\n\t\t\t\t\t\t\t\t<input size=\"1\" type=\"tel\" name=\"form_fields[field_ce6273e]\" id=\"form-field-field_ce6273e\" class=\"elementor-field elementor-size-md  elementor-field-textual\" placeholder=\"Tel\u00e8fon *\" required=\"required\" aria-required=\"true\" pattern=\"[0-9()#&amp;+*-=.]+\" title=\"Nom\u00e9s s&#039;accepten n\u00fameros i car\u00e0cters telef\u00f2nics (#, -, *, etc.).\">\n\n\t\t\t\t\t\t<\/div>\n\t\t\t\t\t\t\t\t<div class=\"elementor-field-type-textarea elementor-field-group elementor-column elementor-field-group-message elementor-col-100 elementor-field-required\">\n\t\t\t\t\t\t\t\t\t\t\t\t<label for=\"form-field-message\" class=\"elementor-field-label\">\n\t\t\t\t\t\t\t\tMissatge\t\t\t\t\t\t\t<\/label>\n\t\t\t\t\t\t<textarea class=\"elementor-field-textual elementor-field  elementor-size-md\" name=\"form_fields[message]\" id=\"form-field-message\" rows=\"4\" placeholder=\"Missatge *\" required=\"required\" aria-required=\"true\"><\/textarea>\t\t\t\t<\/div>\n\t\t\t\t\t\t\t\t<div class=\"elementor-field-type-checkbox elementor-field-group elementor-column elementor-field-group-field_98fe05b elementor-col-100\">\n\t\t\t\t\t<div class=\"elementor-field-subgroup\"><span class=\"elementor-field-option\"><input type=\"checkbox\" value=\"He le\u00eddo el &lt;a href=&quot;\/aviso-legal\/&quot;&gt;aviso legal&lt;\/a&gt; y la &lt;a href=&quot;\/politica-de-privacidad\/&quot;&gt;pol\u00edtica de privacidad&lt;\/a&gt;\" id=\"form-field-field_98fe05b-0\" name=\"form_fields[field_98fe05b]\"> <label for=\"form-field-field_98fe05b-0\">He llegit el <a href=\"\/ca\/aviso-legal\/\">av\u00eds legal<\/a> i la <a href=\"\/ca\/politica-de-privacidad\/\">pol\u00edtica de privadesa<\/a><\/label><\/span><\/div>\t\t\t\t<\/div>\n\t\t\t\t\t\t\t\t<div class=\"elementor-field-type-text\">\n\t\t\t\t\t<input size=\"1\" type=\"text\" name=\"form_fields[field_cb8fcf1]\" id=\"form-field-field_cb8fcf1\" class=\"elementor-field elementor-size-md\" style=\"display:none !important;\">\t\t\t\t<\/div>\n\t\t\t\t\t\t\t\t<div class=\"elementor-field-type-recaptcha_v3 elementor-field-group elementor-column elementor-field-group-field_8a52363 elementor-col-100 recaptcha_v3-bottomleft\">\n\t\t\t\t\t<div class=\"elementor-field\" id=\"form-field-field_8a52363\"><div class=\"elementor-g-recaptcha\" data-sitekey=\"6LfrcroqAAAAAKZJik0oFZZi7Msnx5YJKIiW4xT1\" data-type=\"v3\" data-action=\"Form\" data-badge=\"bottomleft\" data-size=\"invisible\"><\/div><\/div>\t\t\t\t<\/div>\n\t\t\t\t\t\t\t\t<div class=\"elementor-field-group elementor-column elementor-field-type-submit elementor-col-50 e-form__buttons\">\n\t\t\t\t\t<button class=\"elementor-button elementor-size-sm\" type=\"submit\">\n\t\t\t\t\t\t<span class=\"elementor-button-content-wrapper\">\n\t\t\t\t\t\t\t\t\t\t\t\t\t\t\t\t\t\t\t\t\t\t<span class=\"elementor-button-text\">Enviar<\/span>\n\t\t\t\t\t\t\t\t\t\t\t\t\t<\/span>\n\t\t\t\t\t<\/button>\n\t\t\t\t<\/div>\n\t\t\t<\/div>\n\t\t<input type=\"hidden\" name=\"trp-form-language\" value=\"ca\"\/><\/form>\n\t\t\t\t<\/div>\n\t\t\t\t<\/div>\n\t\t\t\t<\/div>\n\t\t\t\t\t<\/div>\n\t\t\t\t<\/div>\n\t\t\t\t<\/div>","protected":false},"excerpt":{"rendered":"<p>Assessoria d&#039;empreses a Manresa Assessoria d&#039;empreses a Manresa: Solucions integrals per al teu negoci En un entorn empresarial cada cop m\u00e9s exigent i canviant, comptar amb una bona assessoria d&#039;empreses a Manresa no \u00e9s una opci\u00f3, sin\u00f3 una necessitat. Les obligacions fiscals, laborals, comptables i jur\u00eddiques requereixen un coneixement profund de la normativa [\u2026]<\/p>","protected":false},"author":3,"featured_media":0,"parent":0,"menu_order":0,"comment_status":"closed","ping_status":"closed","template":"","meta":{"footnotes":""},"class_list":["post-1738","page","type-page","status-publish","hentry"],"yoast_head":"<!-- This site is optimized with the Yoast SEO plugin v24.2 - https:\/\/yoast.com\/wordpress\/plugins\/seo\/ -->\n<title>Asesor\u00eda de empresas en Manresa - 2M Assessors<\/title>\n<meta name=\"robots\" content=\"index, follow, max-snippet:-1, max-image-preview:large, max-video-preview:-1\" \/>\n<link rel=\"canonical\" href=\"https:\/\/dosmassessors.com\/ca\/asesoria-empresas-en-manresa\/\" \/>\n<meta property=\"og:locale\" content=\"ca_ES\" \/>\n<meta property=\"og:type\" content=\"article\" \/>\n<meta property=\"og:title\" content=\"Asesor\u00eda de empresas en Manresa - 2M Assessors\" \/>\n<meta property=\"og:description\" content=\"Asesor\u00eda de empresas en Manresa Asesor\u00eda de empresas en Manresa: Soluciones integrales para tu negocio En un entorno empresarial cada vez m\u00e1s exigente y cambiante, contar con una buena asesor\u00eda de empresas en Manresa no es una opci\u00f3n, sino una necesidad. Las obligaciones fiscales, laborales, contables y jur\u00eddicas requieren un conocimiento profundo de la normativa [&hellip;]\" \/>\n<meta property=\"og:url\" content=\"https:\/\/dosmassessors.com\/ca\/asesoria-empresas-en-manresa\/\" \/>\n<meta property=\"og:site_name\" content=\"2M Assessors\" \/>\n<meta property=\"article:modified_time\" content=\"2025-06-23T05:37:18+00:00\" \/>\n<meta property=\"og:image\" content=\"https:\/\/dosmassessors.com\/wp-content\/uploads\/2025\/03\/asesoria-laboral-en-Manresa-1024x724.jpg\" \/>\n<meta name=\"twitter:card\" content=\"summary_large_image\" \/>\n<meta name=\"twitter:label1\" content=\"Temps estimat de lectura\" \/>\n\t<meta name=\"twitter:data1\" content=\"3 minuts\" \/>\n<script type=\"application\/ld+json\" class=\"yoast-schema-graph\">{\"@context\":\"https:\/\/schema.org\",\"@graph\":[{\"@type\":\"WebPage\",\"@id\":\"https:\/\/dosmassessors.com\/asesoria-empresas-en-manresa\/\",\"url\":\"https:\/\/dosmassessors.com\/asesoria-empresas-en-manresa\/\",\"name\":\"Asesor\u00eda de empresas en Manresa - 2M Assessors\",\"isPartOf\":{\"@id\":\"https:\/\/dosmassessors.com\/#website\"},\"primaryImageOfPage\":{\"@id\":\"https:\/\/dosmassessors.com\/asesoria-empresas-en-manresa\/#primaryimage\"},\"image\":{\"@id\":\"https:\/\/dosmassessors.com\/asesoria-empresas-en-manresa\/#primaryimage\"},\"thumbnailUrl\":\"https:\/\/dosmassessors.com\/wp-content\/uploads\/2025\/03\/asesoria-laboral-en-Manresa-1024x724.jpg\",\"datePublished\":\"2025-06-23T05:32:48+00:00\",\"dateModified\":\"2025-06-23T05:37:18+00:00\",\"breadcrumb\":{\"@id\":\"https:\/\/dosmassessors.com\/asesoria-empresas-en-manresa\/#breadcrumb\"},\"inLanguage\":\"ca\",\"potentialAction\":[{\"@type\":\"ReadAction\",\"target\":[\"https:\/\/dosmassessors.com\/asesoria-empresas-en-manresa\/\"]}]},{\"@type\":\"ImageObject\",\"inLanguage\":\"ca\",\"@id\":\"https:\/\/dosmassessors.com\/asesoria-empresas-en-manresa\/#primaryimage\",\"url\":\"https:\/\/dosmassessors.com\/wp-content\/uploads\/2025\/03\/asesoria-laboral-en-Manresa-1024x724.jpg\",\"contentUrl\":\"https:\/\/dosmassessors.com\/wp-content\/uploads\/2025\/03\/asesoria-laboral-en-Manresa-1024x724.jpg\"},{\"@type\":\"BreadcrumbList\",\"@id\":\"https:\/\/dosmassessors.com\/asesoria-empresas-en-manresa\/#breadcrumb\",\"itemListElement\":[{\"@type\":\"ListItem\",\"position\":1,\"name\":\"Portada\",\"item\":\"https:\/\/dosmassessors.com\/\"},{\"@type\":\"ListItem\",\"position\":2,\"name\":\"Asesor\u00eda de empresas en Manresa\"}]},{\"@type\":\"WebSite\",\"@id\":\"https:\/\/dosmassessors.com\/#website\",\"url\":\"https:\/\/dosmassessors.com\/\",\"name\":\"2M Assessors\",\"description\":\"Tu asesor\u00eda de confianza para particulares y empresas en Manresa\",\"publisher\":{\"@id\":\"https:\/\/dosmassessors.com\/#organization\"},\"potentialAction\":[{\"@type\":\"SearchAction\",\"target\":{\"@type\":\"EntryPoint\",\"urlTemplate\":\"https:\/\/dosmassessors.com\/?s={search_term_string}\"},\"query-input\":{\"@type\":\"PropertyValueSpecification\",\"valueRequired\":true,\"valueName\":\"search_term_string\"}}],\"inLanguage\":\"ca\"},{\"@type\":\"Organization\",\"@id\":\"https:\/\/dosmassessors.com\/#organization\",\"name\":\"2M Assessors\",\"url\":\"https:\/\/dosmassessors.com\/\",\"logo\":{\"@type\":\"ImageObject\",\"inLanguage\":\"ca\",\"@id\":\"https:\/\/dosmassessors.com\/#\/schema\/logo\/image\/\",\"url\":\"https:\/\/dosmassessors.com\/wp-content\/uploads\/2024\/12\/2m.png\",\"contentUrl\":\"https:\/\/dosmassessors.com\/wp-content\/uploads\/2024\/12\/2m.png\",\"width\":1113,\"height\":123,\"caption\":\"2M Assessors\"},\"image\":{\"@id\":\"https:\/\/dosmassessors.com\/#\/schema\/logo\/image\/\"}}]}<\/script>\n<!-- \/ Yoast SEO plugin. -->","yoast_head_json":{"title":"Asesor\u00eda de empresas en Manresa - 2M Assessors","robots":{"index":"index","follow":"follow","max-snippet":"max-snippet:-1","max-image-preview":"max-image-preview:large","max-video-preview":"max-video-preview:-1"},"canonical":"https:\/\/dosmassessors.com\/ca\/asesoria-empresas-en-manresa\/","og_locale":"ca_ES","og_type":"article","og_title":"Asesor\u00eda de empresas en Manresa - 2M Assessors","og_description":"Asesor\u00eda de empresas en Manresa Asesor\u00eda de empresas en Manresa: Soluciones integrales para tu negocio En un entorno empresarial cada vez m\u00e1s exigente y cambiante, contar con una buena asesor\u00eda de empresas en Manresa no es una opci\u00f3n, sino una necesidad. Las obligaciones fiscales, laborales, contables y jur\u00eddicas requieren un conocimiento profundo de la normativa [&hellip;]","og_url":"https:\/\/dosmassessors.com\/ca\/asesoria-empresas-en-manresa\/","og_site_name":"2M Assessors","article_modified_time":"2025-06-23T05:37:18+00:00","og_image":[{"url":"https:\/\/dosmassessors.com\/wp-content\/uploads\/2025\/03\/asesoria-laboral-en-Manresa-1024x724.jpg","type":"","width":"","height":""}],"twitter_card":"summary_large_image","twitter_misc":{"Temps estimat de lectura":"3 minuts"},"schema":{"@context":"https:\/\/schema.org","@graph":[{"@type":"WebPage","@id":"https:\/\/dosmassessors.com\/asesoria-empresas-en-manresa\/","url":"https:\/\/dosmassessors.com\/asesoria-empresas-en-manresa\/","name":"Asesor\u00eda de empresas en Manresa - 2M Assessors","isPartOf":{"@id":"https:\/\/dosmassessors.com\/#website"},"primaryImageOfPage":{"@id":"https:\/\/dosmassessors.com\/asesoria-empresas-en-manresa\/#primaryimage"},"image":{"@id":"https:\/\/dosmassessors.com\/asesoria-empresas-en-manresa\/#primaryimage"},"thumbnailUrl":"https:\/\/dosmassessors.com\/wp-content\/uploads\/2025\/03\/asesoria-laboral-en-Manresa-1024x724.jpg","datePublished":"2025-06-23T05:32:48+00:00","dateModified":"2025-06-23T05:37:18+00:00","breadcrumb":{"@id":"https:\/\/dosmassessors.com\/asesoria-empresas-en-manresa\/#breadcrumb"},"inLanguage":"ca","potentialAction":[{"@type":"ReadAction","target":["https:\/\/dosmassessors.com\/asesoria-empresas-en-manresa\/"]}]},{"@type":"ImageObject","inLanguage":"ca","@id":"https:\/\/dosmassessors.com\/asesoria-empresas-en-manresa\/#primaryimage","url":"https:\/\/dosmassessors.com\/wp-content\/uploads\/2025\/03\/asesoria-laboral-en-Manresa-1024x724.jpg","contentUrl":"https:\/\/dosmassessors.com\/wp-content\/uploads\/2025\/03\/asesoria-laboral-en-Manresa-1024x724.jpg"},{"@type":"BreadcrumbList","@id":"https:\/\/dosmassessors.com\/asesoria-empresas-en-manresa\/#breadcrumb","itemListElement":[{"@type":"ListItem","position":1,"name":"Portada","item":"https:\/\/dosmassessors.com\/"},{"@type":"ListItem","position":2,"name":"Asesor\u00eda de empresas en Manresa"}]},{"@type":"WebSite","@id":"https:\/\/dosmassessors.com\/#website","url":"https:\/\/dosmassessors.com\/","name":"2M Assessors","description":"Tu asesor\u00eda de confianza para particulares y empresas en Manresa","publisher":{"@id":"https:\/\/dosmassessors.com\/#organization"},"potentialAction":[{"@type":"SearchAction","target":{"@type":"EntryPoint","urlTemplate":"https:\/\/dosmassessors.com\/?s={search_term_string}"},"query-input":{"@type":"PropertyValueSpecification","valueRequired":true,"valueName":"search_term_string"}}],"inLanguage":"ca"},{"@type":"Organization","@id":"https:\/\/dosmassessors.com\/#organization","name":"2M Assessors","url":"https:\/\/dosmassessors.com\/","logo":{"@type":"ImageObject","inLanguage":"ca","@id":"https:\/\/dosmassessors.com\/#\/schema\/logo\/image\/","url":"https:\/\/dosmassessors.com\/wp-content\/uploads\/2024\/12\/2m.png","contentUrl":"https:\/\/dosmassessors.com\/wp-content\/uploads\/2024\/12\/2m.png","width":1113,"height":123,"caption":"2M Assessors"},"image":{"@id":"https:\/\/dosmassessors.com\/#\/schema\/logo\/image\/"}}]}},"_links":{"self":[{"href":"https:\/\/dosmassessors.com\/ca\/wp-json\/wp\/v2\/pages\/1738","targetHints":{"allow":["GET"]}}],"collection":[{"href":"https:\/\/dosmassessors.com\/ca\/wp-json\/wp\/v2\/pages"}],"about":[{"href":"https:\/\/dosmassessors.com\/ca\/wp-json\/wp\/v2\/types\/page"}],"author":[{"embeddable":true,"href":"https:\/\/dosmassessors.com\/ca\/wp-json\/wp\/v2\/users\/3"}],"replies":[{"embeddable":true,"href":"https:\/\/dosmassessors.com\/ca\/wp-json\/wp\/v2\/comments?post=1738"}],"version-history":[{"count":9,"href":"https:\/\/dosmassessors.com\/ca\/wp-json\/wp\/v2\/pages\/1738\/revisions"}],"predecessor-version":[{"id":1746,"href":"https:\/\/dosmassessors.com\/ca\/wp-json\/wp\/v2\/pages\/1738\/revisions\/1746"}],"wp:attachment":[{"href":"https:\/\/dosmassessors.com\/ca\/wp-json\/wp\/v2\/media?parent=1738"}],"curies":[{"name":"wp","href":"https:\/\/api.w.org\/{rel}","templated":true}]}}