{"id":1733,"date":"2025-06-23T07:27:54","date_gmt":"2025-06-23T05:27:54","guid":{"rendered":"https:\/\/dosmassessors.com\/?page_id=1733"},"modified":"2025-06-23T07:30:16","modified_gmt":"2025-06-23T05:30:16","slug":"asesoria-fiscal-para-empresas","status":"publish","type":"page","link":"https:\/\/dosmassessors.com\/ca\/asesoria-fiscal-para-empresas\/","title":{"rendered":"Assessoria fiscal per a empreses"},"content":{"rendered":"<div data-elementor-type=\"wp-page\" data-elementor-id=\"1733\" class=\"elementor elementor-1733\" data-elementor-post-type=\"page\">\n\t\t\t\t<div class=\"elementor-element elementor-element-92a7c49 e-flex e-con-boxed e-con e-parent\" data-id=\"92a7c49\" data-element_type=\"container\">\n\t\t\t\t\t<div class=\"e-con-inner\">\n\t\t\t\t<div class=\"elementor-element elementor-element-0715b99 elementor-widget elementor-widget-heading\" data-id=\"0715b99\" data-element_type=\"widget\" data-widget_type=\"heading.default\">\n\t\t\t\t<div class=\"elementor-widget-container\">\n\t\t\t<h2 class=\"elementor-heading-title elementor-size-default\"><h1 data-pm-slice=\"1 1 []\">Assessoria fiscal per a empreses<span style=\"font-size: 45px;letter-spacing: -1px\"><\/span><\/h1><\/h2>\t\t<\/div>\n\t\t\t\t<\/div>\n\t\t\t\t\t<\/div>\n\t\t\t\t<\/div>\n\t\t<div class=\"elementor-element elementor-element-0775497 e-flex e-con-boxed e-con e-parent\" data-id=\"0775497\" data-element_type=\"container\">\n\t\t\t\t\t<div class=\"e-con-inner\">\n\t\t<div class=\"elementor-element elementor-element-edc9e7d e-con-full e-flex e-con e-child\" data-id=\"edc9e7d\" data-element_type=\"container\">\n\t\t\t\t<div class=\"elementor-element elementor-element-6a27789 elementor-widget elementor-widget-text-editor\" data-id=\"6a27789\" data-element_type=\"widget\" data-widget_type=\"text-editor.default\">\n\t\t\t\t<div class=\"elementor-widget-container\">\n\t\t\t\t\t\t\t<h4 data-pm-slice=\"1 1 []\">Assessoria fiscal per a empreses: Una decisi\u00f3 estrat\u00e8gica per a l&#039;\u00e8xit empresarial<\/h4><p>Gestionar correctament els aspectes fiscals \u00e9s una de les claus fonamentals per a l&#039;estabilitat i el creixement de qualsevol negoci. Lelecci\u00f3 duna bona <strong>assessoria fiscal per a empreses<\/strong> no nom\u00e9s garanteix el compliment de les obligacions tribut\u00e0ries, sin\u00f3 que tamb\u00e9 permet optimitzar recursos, evitar sancions i prendre decisions estrat\u00e8giques amb seguretat. A 2M Assessors, entenem el paper cr\u00edtic de la fiscalitat en el m\u00f3n empresarial i oferim un servei professional, actualitzat i completament adaptat a la realitat de cada client.<\/p><h4>Assessoria fiscal per a empreses: molt m\u00e9s que presentar impostos<\/h4><p>Comptar amb una <strong>assessoria fiscal per a empreses<\/strong> va molt m\u00e9s enll\u00e0 de gestionar l&#039;IVA o l&#039;impost de societats. Suposa tenir al teu costat un equip d&#039;experts que analitza, planifica i anticipa els moviments fiscals de la teva organitzaci\u00f3 perqu\u00e8 puguis concentrar-te en all\u00f2 que \u00e9s essencial: fer cr\u00e9ixer el teu negoci. A 2M Assessors no ens limitem a realitzar declaracions trimestrals; treballem amb tu de manera cont\u00ednua perqu\u00e8 cada decisi\u00f3 empresarial tingui suport t\u00e8cnic i fiscal.<\/p><p>\u00a0<\/p>\t\t\t\t\t\t<\/div>\n\t\t\t\t<\/div>\n\t\t\t\t<\/div>\n\t\t<div class=\"elementor-element elementor-element-cbf91e4 e-con-full e-flex e-con e-child\" data-id=\"cbf91e4\" data-element_type=\"container\">\n\t\t\t\t<div class=\"elementor-element elementor-element-fc6b2cc elementor-widget elementor-widget-image\" data-id=\"fc6b2cc\" data-element_type=\"widget\" data-widget_type=\"image.default\">\n\t\t\t\t<div class=\"elementor-widget-container\">\n\t\t\t\t\t\t\t\t\t\t\t\t\t<img fetchpriority=\"high\" decoding=\"async\" width=\"800\" height=\"566\" src=\"https:\/\/dosmassessors.com\/wp-content\/uploads\/2025\/05\/Asesorias-para-empresas-1024x724.jpg\" class=\"attachment-large size-large wp-image-1591\" alt=\"\" srcset=\"https:\/\/dosmassessors.com\/wp-content\/uploads\/2025\/05\/Asesorias-para-empresas-1024x724.jpg 1024w, https:\/\/dosmassessors.com\/wp-content\/uploads\/2025\/05\/Asesorias-para-empresas-300x212.jpg 300w, https:\/\/dosmassessors.com\/wp-content\/uploads\/2025\/05\/Asesorias-para-empresas-768x543.jpg 768w, https:\/\/dosmassessors.com\/wp-content\/uploads\/2025\/05\/Asesorias-para-empresas-1536x1086.jpg 1536w, https:\/\/dosmassessors.com\/wp-content\/uploads\/2025\/05\/Asesorias-para-empresas-18x12.jpg 18w, https:\/\/dosmassessors.com\/wp-content\/uploads\/2025\/05\/Asesorias-para-empresas.jpg 2000w\" sizes=\"(max-width: 800px) 100vw, 800px\" \/>\t\t\t\t\t\t\t\t\t\t\t\t\t<\/div>\n\t\t\t\t<\/div>\n\t\t\t\t<\/div>\n\t\t\t\t\t<\/div>\n\t\t\t\t<\/div>\n\t\t<div class=\"elementor-element elementor-element-61c9efa e-flex e-con-boxed e-con e-parent\" data-id=\"61c9efa\" data-element_type=\"container\">\n\t\t\t\t\t<div class=\"e-con-inner\">\n\t\t<div class=\"elementor-element elementor-element-229b525 e-con-full e-flex e-con e-child\" data-id=\"229b525\" data-element_type=\"container\">\n\t\t\t\t<div class=\"elementor-element elementor-element-9707e4a elementor-widget elementor-widget-image\" data-id=\"9707e4a\" data-element_type=\"widget\" data-widget_type=\"image.default\">\n\t\t\t\t<div class=\"elementor-widget-container\">\n\t\t\t\t\t\t\t\t\t\t\t\t\t<img decoding=\"async\" width=\"800\" height=\"566\" src=\"https:\/\/dosmassessors.com\/wp-content\/uploads\/2025\/04\/gestion-nomina-autonomo-1024x724.jpg\" class=\"attachment-large size-large wp-image-1575\" alt=\"\" srcset=\"https:\/\/dosmassessors.com\/wp-content\/uploads\/2025\/04\/gestion-nomina-autonomo-1024x724.jpg 1024w, https:\/\/dosmassessors.com\/wp-content\/uploads\/2025\/04\/gestion-nomina-autonomo-300x212.jpg 300w, https:\/\/dosmassessors.com\/wp-content\/uploads\/2025\/04\/gestion-nomina-autonomo-768x543.jpg 768w, https:\/\/dosmassessors.com\/wp-content\/uploads\/2025\/04\/gestion-nomina-autonomo-1536x1086.jpg 1536w, https:\/\/dosmassessors.com\/wp-content\/uploads\/2025\/04\/gestion-nomina-autonomo-18x12.jpg 18w, https:\/\/dosmassessors.com\/wp-content\/uploads\/2025\/04\/gestion-nomina-autonomo.jpg 2000w\" sizes=\"(max-width: 800px) 100vw, 800px\" \/>\t\t\t\t\t\t\t\t\t\t\t\t\t<\/div>\n\t\t\t\t<\/div>\n\t\t\t\t<\/div>\n\t\t<div class=\"elementor-element elementor-element-bd01e3f e-con-full e-flex e-con e-child\" data-id=\"bd01e3f\" data-element_type=\"container\">\n\t\t\t\t<div class=\"elementor-element elementor-element-9adc015 elementor-widget elementor-widget-text-editor\" data-id=\"9adc015\" data-element_type=\"widget\" data-widget_type=\"text-editor.default\">\n\t\t\t\t<div class=\"elementor-widget-container\">\n\t\t\t\t\t\t\t<h4 data-pm-slice=\"1 1 []\">Avantatges de triar 2M Assessors com la teva assessoria fiscal per a empreses<\/h4><p>Un dels principals avantatges de treballar amb 2M Assessors \u00e9s la nostra experi\u00e8ncia a la <strong>assessoria fiscal per a empreses<\/strong> a Manresa. Fa d\u00e8cades que acompanyem negocis de tots els sectors, cosa que ens ha perm\u00e8s con\u00e8ixer a fons la realitat econ\u00f2mica local i adaptar els nostres serveis a les necessitats espec\u00edfiques de cada client.<\/p><p>El nostre equip est\u00e0 compost per professionals formats i en constant actualitzaci\u00f3, cosa que ens permet actuar amb rapidesa davant de qualsevol canvi normatiu. Ens avancem a possibles riscos, proposem solucions creatives i acompanyem els nostres clients en inspeccions, requeriments i auditories fiscals amb total seguretat.<\/p><p>En un entorn on la fiscalitat est\u00e0 cada cop m\u00e9s digitalitzada i fiscalitzada, comptar amb una <strong>assessoria fiscal per a empreses<\/strong> que treballi amb eines tecnol\u00f2giques avan\u00e7ades, integraci\u00f3 comptable i tra\u00e7abilitat documental \u00e9s una garantia d&#039;efici\u00e8ncia i tranquil\u00b7litat. A 2M Assessors oferim precisament aix\u00f2: un servei rigor\u00f3s, adaptat al segle XXI i sense perdre el tracte hum\u00e0 que tant valoren els nostres clients.<\/p>\t\t\t\t\t\t<\/div>\n\t\t\t\t<\/div>\n\t\t\t\t<\/div>\n\t\t\t\t\t<\/div>\n\t\t\t\t<\/div>\n\t\t<div class=\"elementor-element elementor-element-8084b18 e-flex e-con-boxed e-con e-parent\" data-id=\"8084b18\" data-element_type=\"container\">\n\t\t\t\t\t<div class=\"e-con-inner\">\n\t\t\t\t<div class=\"elementor-element elementor-element-0d93ec7 elementor-widget elementor-widget-text-editor\" data-id=\"0d93ec7\" data-element_type=\"widget\" data-widget_type=\"text-editor.default\">\n\t\t\t\t<div class=\"elementor-widget-container\">\n\t\t\t\t\t\t\t<h2 data-pm-slice=\"1 1 []\">Assessoria fiscal per a empreses amb visi\u00f3 de futur<\/h2><p>El futur de la fiscalitat passa per anticipaci\u00f3, digitalitzaci\u00f3 i transpar\u00e8ncia. Per aix\u00f2, a 2M Assessors treballem amb una visi\u00f3 de llarg termini, ajudant les empreses a preparar-se per a nous reptes fiscals ia prendre decisions basades en dades i coneixement.<\/p><p>La nostra <strong>assessoria fiscal per a empreses<\/strong> es fonamenta en un model col\u00b7laboratiu: escoltem els nostres clients, analitzem les seves necessitats i dissenyem solucions que aportin valor real. Ja sigui una p\u00f2lissa d\u201fassegurances fiscals, la gesti\u00f3 de patrimonis empresarials o la planificaci\u00f3 de successions, el nostre equip actua amb total comprom\u00eds i professionalitat.<\/p><p>Triar 2M Assessors com tu <strong>assessoria fiscal per a empreses<\/strong> significa comptar amb un soci estrat\u00e8gic que t&#039;acompanya en tot moment i que s&#039;involucra en l&#039;\u00e8xit del teu projecte.<\/p><p>\u00a0<\/p>\t\t\t\t\t\t<\/div>\n\t\t\t\t<\/div>\n\t\t\t\t\t<\/div>\n\t\t\t\t<\/div>\n\t\t<div class=\"elementor-element elementor-element-c356c6c e-flex e-con-boxed e-con e-parent\" data-id=\"c356c6c\" data-element_type=\"container\">\n\t\t\t\t\t<div class=\"e-con-inner\">\n\t\t\t\t<div class=\"elementor-element elementor-element-e1e046f elementor-widget elementor-widget-heading\" data-id=\"e1e046f\" data-element_type=\"widget\" data-widget_type=\"heading.default\">\n\t\t\t\t<div class=\"elementor-widget-container\">\n\t\t\t<h2 class=\"elementor-heading-title elementor-size-default\">Estem per ajudar-te <\/h2>\t\t<\/div>\n\t\t\t\t<\/div>\n\t\t\t\t\t<\/div>\n\t\t\t\t<\/div>\n\t\t<div class=\"elementor-element elementor-element-00126f7 e-flex e-con-boxed e-con e-parent\" data-id=\"00126f7\" data-element_type=\"container\">\n\t\t\t\t\t<div class=\"e-con-inner\">\n\t\t<div class=\"elementor-element elementor-element-87c0897 e-con-full e-flex e-con e-child\" data-id=\"87c0897\" data-element_type=\"container\" data-settings=\"{&quot;background_background&quot;:&quot;classic&quot;}\">\n\t\t\t\t<div class=\"elementor-element elementor-element-c71f28f elementor-button-align-stretch elementor-widget elementor-widget-form\" data-id=\"c71f28f\" data-element_type=\"widget\" data-settings=\"{&quot;button_width&quot;:&quot;50&quot;,&quot;step_next_label&quot;:&quot;Next&quot;,&quot;step_previous_label&quot;:&quot;Previous&quot;,&quot;step_type&quot;:&quot;number_text&quot;,&quot;step_icon_shape&quot;:&quot;circle&quot;}\" data-widget_type=\"form.default\">\n\t\t\t\t<div class=\"elementor-widget-container\">\n\t\t\t\t\t<form class=\"elementor-form\" method=\"post\" name=\"New Form\" action=\"\">\n\t\t\t<input type=\"hidden\" name=\"post_id\" value=\"1733\"\/>\n\t\t\t<input type=\"hidden\" name=\"form_id\" value=\"c71f28f\"\/>\n\t\t\t<input type=\"hidden\" name=\"referer_title\" value=\"Asesor\u00eda fiscal para empresas - 2M Assessors\" \/>\n\n\t\t\t\t\t\t\t<input type=\"hidden\" name=\"queried_id\" value=\"1733\"\/>\n\t\t\t\n\t\t\t<div class=\"elementor-form-fields-wrapper elementor-labels-above\">\n\t\t\t\t\t\t\t\t<div class=\"elementor-field-type-text elementor-field-group elementor-column elementor-field-group-name elementor-col-50 elementor-field-required\">\n\t\t\t\t\t\t\t\t\t\t\t\t<label for=\"form-field-name\" class=\"elementor-field-label\">\n\t\t\t\t\t\t\t\tNom\t\t\t\t\t\t\t<\/label>\n\t\t\t\t\t\t\t\t\t\t\t\t\t\t<input size=\"1\" type=\"text\" name=\"form_fields[name]\" id=\"form-field-name\" class=\"elementor-field elementor-size-md  elementor-field-textual\" placeholder=\"Nom *\" required=\"required\" aria-required=\"true\">\n\t\t\t\t\t\t\t\t\t\t\t<\/div>\n\t\t\t\t\t\t\t\t<div class=\"elementor-field-type-text elementor-field-group elementor-column elementor-field-group-field_4b65802 elementor-col-50 elementor-field-required\">\n\t\t\t\t\t\t\t\t\t\t\t\t<label for=\"form-field-field_4b65802\" class=\"elementor-field-label\">\n\t\t\t\t\t\t\t\tAssumpte\t\t\t\t\t\t\t<\/label>\n\t\t\t\t\t\t\t\t\t\t\t\t\t\t<input size=\"1\" type=\"text\" name=\"form_fields[field_4b65802]\" id=\"form-field-field_4b65802\" class=\"elementor-field elementor-size-md  elementor-field-textual\" placeholder=\"Assumpte *\" required=\"required\" aria-required=\"true\">\n\t\t\t\t\t\t\t\t\t\t\t<\/div>\n\t\t\t\t\t\t\t\t<div class=\"elementor-field-type-email elementor-field-group elementor-column elementor-field-group-email elementor-col-50 elementor-field-required\">\n\t\t\t\t\t\t\t\t\t\t\t\t<label for=\"form-field-email\" class=\"elementor-field-label\">\n\t\t\t\t\t\t\t\tEmail\t\t\t\t\t\t\t<\/label>\n\t\t\t\t\t\t\t\t\t\t\t\t\t\t<input size=\"1\" type=\"email\" name=\"form_fields[email]\" id=\"form-field-email\" class=\"elementor-field elementor-size-md  elementor-field-textual\" placeholder=\"Email *\" required=\"required\" aria-required=\"true\">\n\t\t\t\t\t\t\t\t\t\t\t<\/div>\n\t\t\t\t\t\t\t\t<div class=\"elementor-field-type-tel elementor-field-group elementor-column elementor-field-group-field_ce6273e elementor-col-50 elementor-field-required\">\n\t\t\t\t\t\t\t\t\t\t\t\t<label for=\"form-field-field_ce6273e\" class=\"elementor-field-label\">\n\t\t\t\t\t\t\t\tTel\u00e8fon\t\t\t\t\t\t\t<\/label>\n\t\t\t\t\t\t\t\t<input size=\"1\" type=\"tel\" name=\"form_fields[field_ce6273e]\" id=\"form-field-field_ce6273e\" class=\"elementor-field elementor-size-md  elementor-field-textual\" placeholder=\"Tel\u00e8fon *\" required=\"required\" aria-required=\"true\" pattern=\"[0-9()#&amp;+*-=.]+\" title=\"Nom\u00e9s s&#039;accepten n\u00fameros i car\u00e0cters telef\u00f2nics (#, -, *, etc.).\">\n\n\t\t\t\t\t\t<\/div>\n\t\t\t\t\t\t\t\t<div class=\"elementor-field-type-textarea elementor-field-group elementor-column elementor-field-group-message elementor-col-100 elementor-field-required\">\n\t\t\t\t\t\t\t\t\t\t\t\t<label for=\"form-field-message\" class=\"elementor-field-label\">\n\t\t\t\t\t\t\t\tMissatge\t\t\t\t\t\t\t<\/label>\n\t\t\t\t\t\t<textarea class=\"elementor-field-textual elementor-field  elementor-size-md\" name=\"form_fields[message]\" id=\"form-field-message\" rows=\"4\" placeholder=\"Missatge *\" required=\"required\" aria-required=\"true\"><\/textarea>\t\t\t\t<\/div>\n\t\t\t\t\t\t\t\t<div class=\"elementor-field-type-checkbox elementor-field-group elementor-column elementor-field-group-field_98fe05b elementor-col-100\">\n\t\t\t\t\t<div class=\"elementor-field-subgroup\"><span class=\"elementor-field-option\"><input type=\"checkbox\" value=\"He le\u00eddo el &lt;a href=&quot;\/aviso-legal\/&quot;&gt;aviso legal&lt;\/a&gt; y la &lt;a href=&quot;\/politica-de-privacidad\/&quot;&gt;pol\u00edtica de privacidad&lt;\/a&gt;\" id=\"form-field-field_98fe05b-0\" name=\"form_fields[field_98fe05b]\"> <label for=\"form-field-field_98fe05b-0\">He llegit el <a href=\"\/ca\/aviso-legal\/\">av\u00eds legal<\/a> i la <a href=\"\/ca\/politica-de-privacidad\/\">pol\u00edtica de privadesa<\/a><\/label><\/span><\/div>\t\t\t\t<\/div>\n\t\t\t\t\t\t\t\t<div class=\"elementor-field-type-text\">\n\t\t\t\t\t<input size=\"1\" type=\"text\" name=\"form_fields[field_cb8fcf1]\" id=\"form-field-field_cb8fcf1\" class=\"elementor-field elementor-size-md\" style=\"display:none !important;\">\t\t\t\t<\/div>\n\t\t\t\t\t\t\t\t<div class=\"elementor-field-type-recaptcha_v3 elementor-field-group elementor-column elementor-field-group-field_8a52363 elementor-col-100 recaptcha_v3-bottomleft\">\n\t\t\t\t\t<div class=\"elementor-field\" id=\"form-field-field_8a52363\"><div class=\"elementor-g-recaptcha\" data-sitekey=\"6LfrcroqAAAAAKZJik0oFZZi7Msnx5YJKIiW4xT1\" data-type=\"v3\" data-action=\"Form\" data-badge=\"bottomleft\" data-size=\"invisible\"><\/div><\/div>\t\t\t\t<\/div>\n\t\t\t\t\t\t\t\t<div class=\"elementor-field-group elementor-column elementor-field-type-submit elementor-col-50 e-form__buttons\">\n\t\t\t\t\t<button class=\"elementor-button elementor-size-sm\" type=\"submit\">\n\t\t\t\t\t\t<span class=\"elementor-button-content-wrapper\">\n\t\t\t\t\t\t\t\t\t\t\t\t\t\t\t\t\t\t\t\t\t\t<span class=\"elementor-button-text\">Enviar<\/span>\n\t\t\t\t\t\t\t\t\t\t\t\t\t<\/span>\n\t\t\t\t\t<\/button>\n\t\t\t\t<\/div>\n\t\t\t<\/div>\n\t\t<input type=\"hidden\" name=\"trp-form-language\" value=\"ca\"\/><\/form>\n\t\t\t\t<\/div>\n\t\t\t\t<\/div>\n\t\t\t\t<\/div>\n\t\t\t\t\t<\/div>\n\t\t\t\t<\/div>\n\t\t\t\t<\/div>","protected":false},"excerpt":{"rendered":"<p>Assessoria fiscal per a empreses Assessoria fiscal per a empreses: Una decisi\u00f3 estrat\u00e8gica per a l&#039;\u00e8xit empresarial Gestionar correctament els aspectes fiscals \u00e9s una de les claus fonamentals per a l&#039;estabilitat i el creixement de qualsevol negoci. L&#039;elecci\u00f3 d&#039;una bona assessoria fiscal per a empreses no garanteix nom\u00e9s el compliment de les obligacions tribut\u00e0ries, sin\u00f3 que [\u2026]<\/p>","protected":false},"author":3,"featured_media":0,"parent":0,"menu_order":0,"comment_status":"closed","ping_status":"closed","template":"","meta":{"footnotes":""},"class_list":["post-1733","page","type-page","status-publish","hentry"],"yoast_head":"<!-- This site is optimized with the Yoast SEO plugin v24.2 - https:\/\/yoast.com\/wordpress\/plugins\/seo\/ -->\n<title>Asesor\u00eda fiscal para empresas - 2M Assessors<\/title>\n<meta name=\"robots\" content=\"index, follow, max-snippet:-1, max-image-preview:large, max-video-preview:-1\" \/>\n<link rel=\"canonical\" href=\"https:\/\/dosmassessors.com\/ca\/asesoria-fiscal-para-empresas\/\" \/>\n<meta property=\"og:locale\" content=\"ca_ES\" \/>\n<meta property=\"og:type\" content=\"article\" \/>\n<meta property=\"og:title\" content=\"Asesor\u00eda fiscal para empresas - 2M Assessors\" \/>\n<meta property=\"og:description\" content=\"Asesor\u00eda fiscal para empresas Asesor\u00eda fiscal para empresas: Una decisi\u00f3n estrat\u00e9gica para el \u00e9xito empresarial Gestionar correctamente los aspectos fiscales es una de las claves fundamentales para la estabilidad y el crecimiento de cualquier negocio. La elecci\u00f3n de una buena asesor\u00eda fiscal para empresas no solo garantiza el cumplimiento de las obligaciones tributarias, sino que [&hellip;]\" \/>\n<meta property=\"og:url\" content=\"https:\/\/dosmassessors.com\/ca\/asesoria-fiscal-para-empresas\/\" \/>\n<meta property=\"og:site_name\" content=\"2M Assessors\" \/>\n<meta property=\"article:modified_time\" content=\"2025-06-23T05:30:16+00:00\" \/>\n<meta property=\"og:image\" content=\"https:\/\/dosmassessors.com\/wp-content\/uploads\/2025\/05\/Asesorias-para-empresas.jpg\" \/>\n\t<meta property=\"og:image:width\" content=\"2000\" \/>\n\t<meta property=\"og:image:height\" content=\"1414\" \/>\n\t<meta property=\"og:image:type\" content=\"image\/jpeg\" \/>\n<meta name=\"twitter:card\" content=\"summary_large_image\" \/>\n<meta name=\"twitter:label1\" content=\"Temps estimat de lectura\" \/>\n\t<meta name=\"twitter:data1\" content=\"3 minuts\" \/>\n<script type=\"application\/ld+json\" class=\"yoast-schema-graph\">{\"@context\":\"https:\/\/schema.org\",\"@graph\":[{\"@type\":\"WebPage\",\"@id\":\"https:\/\/dosmassessors.com\/asesoria-fiscal-para-empresas\/\",\"url\":\"https:\/\/dosmassessors.com\/asesoria-fiscal-para-empresas\/\",\"name\":\"Asesor\u00eda fiscal para empresas - 2M Assessors\",\"isPartOf\":{\"@id\":\"https:\/\/dosmassessors.com\/#website\"},\"primaryImageOfPage\":{\"@id\":\"https:\/\/dosmassessors.com\/asesoria-fiscal-para-empresas\/#primaryimage\"},\"image\":{\"@id\":\"https:\/\/dosmassessors.com\/asesoria-fiscal-para-empresas\/#primaryimage\"},\"thumbnailUrl\":\"https:\/\/dosmassessors.com\/wp-content\/uploads\/2025\/05\/Asesorias-para-empresas-1024x724.jpg\",\"datePublished\":\"2025-06-23T05:27:54+00:00\",\"dateModified\":\"2025-06-23T05:30:16+00:00\",\"breadcrumb\":{\"@id\":\"https:\/\/dosmassessors.com\/asesoria-fiscal-para-empresas\/#breadcrumb\"},\"inLanguage\":\"ca\",\"potentialAction\":[{\"@type\":\"ReadAction\",\"target\":[\"https:\/\/dosmassessors.com\/asesoria-fiscal-para-empresas\/\"]}]},{\"@type\":\"ImageObject\",\"inLanguage\":\"ca\",\"@id\":\"https:\/\/dosmassessors.com\/asesoria-fiscal-para-empresas\/#primaryimage\",\"url\":\"https:\/\/dosmassessors.com\/wp-content\/uploads\/2025\/05\/Asesorias-para-empresas-1024x724.jpg\",\"contentUrl\":\"https:\/\/dosmassessors.com\/wp-content\/uploads\/2025\/05\/Asesorias-para-empresas-1024x724.jpg\"},{\"@type\":\"BreadcrumbList\",\"@id\":\"https:\/\/dosmassessors.com\/asesoria-fiscal-para-empresas\/#breadcrumb\",\"itemListElement\":[{\"@type\":\"ListItem\",\"position\":1,\"name\":\"Portada\",\"item\":\"https:\/\/dosmassessors.com\/\"},{\"@type\":\"ListItem\",\"position\":2,\"name\":\"Asesor\u00eda fiscal para empresas\"}]},{\"@type\":\"WebSite\",\"@id\":\"https:\/\/dosmassessors.com\/#website\",\"url\":\"https:\/\/dosmassessors.com\/\",\"name\":\"2M Assessors\",\"description\":\"Tu asesor\u00eda de confianza para particulares y empresas en Manresa\",\"publisher\":{\"@id\":\"https:\/\/dosmassessors.com\/#organization\"},\"potentialAction\":[{\"@type\":\"SearchAction\",\"target\":{\"@type\":\"EntryPoint\",\"urlTemplate\":\"https:\/\/dosmassessors.com\/?s={search_term_string}\"},\"query-input\":{\"@type\":\"PropertyValueSpecification\",\"valueRequired\":true,\"valueName\":\"search_term_string\"}}],\"inLanguage\":\"ca\"},{\"@type\":\"Organization\",\"@id\":\"https:\/\/dosmassessors.com\/#organization\",\"name\":\"2M Assessors\",\"url\":\"https:\/\/dosmassessors.com\/\",\"logo\":{\"@type\":\"ImageObject\",\"inLanguage\":\"ca\",\"@id\":\"https:\/\/dosmassessors.com\/#\/schema\/logo\/image\/\",\"url\":\"https:\/\/dosmassessors.com\/wp-content\/uploads\/2024\/12\/2m.png\",\"contentUrl\":\"https:\/\/dosmassessors.com\/wp-content\/uploads\/2024\/12\/2m.png\",\"width\":1113,\"height\":123,\"caption\":\"2M Assessors\"},\"image\":{\"@id\":\"https:\/\/dosmassessors.com\/#\/schema\/logo\/image\/\"}}]}<\/script>\n<!-- \/ Yoast SEO plugin. -->","yoast_head_json":{"title":"Asesor\u00eda fiscal para empresas - 2M Assessors","robots":{"index":"index","follow":"follow","max-snippet":"max-snippet:-1","max-image-preview":"max-image-preview:large","max-video-preview":"max-video-preview:-1"},"canonical":"https:\/\/dosmassessors.com\/ca\/asesoria-fiscal-para-empresas\/","og_locale":"ca_ES","og_type":"article","og_title":"Asesor\u00eda fiscal para empresas - 2M Assessors","og_description":"Asesor\u00eda fiscal para empresas Asesor\u00eda fiscal para empresas: Una decisi\u00f3n estrat\u00e9gica para el \u00e9xito empresarial Gestionar correctamente los aspectos fiscales es una de las claves fundamentales para la estabilidad y el crecimiento de cualquier negocio. La elecci\u00f3n de una buena asesor\u00eda fiscal para empresas no solo garantiza el cumplimiento de las obligaciones tributarias, sino que [&hellip;]","og_url":"https:\/\/dosmassessors.com\/ca\/asesoria-fiscal-para-empresas\/","og_site_name":"2M Assessors","article_modified_time":"2025-06-23T05:30:16+00:00","og_image":[{"width":2000,"height":1414,"url":"https:\/\/dosmassessors.com\/wp-content\/uploads\/2025\/05\/Asesorias-para-empresas.jpg","type":"image\/jpeg"}],"twitter_card":"summary_large_image","twitter_misc":{"Temps estimat de lectura":"3 minuts"},"schema":{"@context":"https:\/\/schema.org","@graph":[{"@type":"WebPage","@id":"https:\/\/dosmassessors.com\/asesoria-fiscal-para-empresas\/","url":"https:\/\/dosmassessors.com\/asesoria-fiscal-para-empresas\/","name":"Asesor\u00eda fiscal para empresas - 2M Assessors","isPartOf":{"@id":"https:\/\/dosmassessors.com\/#website"},"primaryImageOfPage":{"@id":"https:\/\/dosmassessors.com\/asesoria-fiscal-para-empresas\/#primaryimage"},"image":{"@id":"https:\/\/dosmassessors.com\/asesoria-fiscal-para-empresas\/#primaryimage"},"thumbnailUrl":"https:\/\/dosmassessors.com\/wp-content\/uploads\/2025\/05\/Asesorias-para-empresas-1024x724.jpg","datePublished":"2025-06-23T05:27:54+00:00","dateModified":"2025-06-23T05:30:16+00:00","breadcrumb":{"@id":"https:\/\/dosmassessors.com\/asesoria-fiscal-para-empresas\/#breadcrumb"},"inLanguage":"ca","potentialAction":[{"@type":"ReadAction","target":["https:\/\/dosmassessors.com\/asesoria-fiscal-para-empresas\/"]}]},{"@type":"ImageObject","inLanguage":"ca","@id":"https:\/\/dosmassessors.com\/asesoria-fiscal-para-empresas\/#primaryimage","url":"https:\/\/dosmassessors.com\/wp-content\/uploads\/2025\/05\/Asesorias-para-empresas-1024x724.jpg","contentUrl":"https:\/\/dosmassessors.com\/wp-content\/uploads\/2025\/05\/Asesorias-para-empresas-1024x724.jpg"},{"@type":"BreadcrumbList","@id":"https:\/\/dosmassessors.com\/asesoria-fiscal-para-empresas\/#breadcrumb","itemListElement":[{"@type":"ListItem","position":1,"name":"Portada","item":"https:\/\/dosmassessors.com\/"},{"@type":"ListItem","position":2,"name":"Asesor\u00eda fiscal para empresas"}]},{"@type":"WebSite","@id":"https:\/\/dosmassessors.com\/#website","url":"https:\/\/dosmassessors.com\/","name":"2M Assessors","description":"Tu asesor\u00eda de confianza para particulares y empresas en Manresa","publisher":{"@id":"https:\/\/dosmassessors.com\/#organization"},"potentialAction":[{"@type":"SearchAction","target":{"@type":"EntryPoint","urlTemplate":"https:\/\/dosmassessors.com\/?s={search_term_string}"},"query-input":{"@type":"PropertyValueSpecification","valueRequired":true,"valueName":"search_term_string"}}],"inLanguage":"ca"},{"@type":"Organization","@id":"https:\/\/dosmassessors.com\/#organization","name":"2M Assessors","url":"https:\/\/dosmassessors.com\/","logo":{"@type":"ImageObject","inLanguage":"ca","@id":"https:\/\/dosmassessors.com\/#\/schema\/logo\/image\/","url":"https:\/\/dosmassessors.com\/wp-content\/uploads\/2024\/12\/2m.png","contentUrl":"https:\/\/dosmassessors.com\/wp-content\/uploads\/2024\/12\/2m.png","width":1113,"height":123,"caption":"2M Assessors"},"image":{"@id":"https:\/\/dosmassessors.com\/#\/schema\/logo\/image\/"}}]}},"_links":{"self":[{"href":"https:\/\/dosmassessors.com\/ca\/wp-json\/wp\/v2\/pages\/1733","targetHints":{"allow":["GET"]}}],"collection":[{"href":"https:\/\/dosmassessors.com\/ca\/wp-json\/wp\/v2\/pages"}],"about":[{"href":"https:\/\/dosmassessors.com\/ca\/wp-json\/wp\/v2\/types\/page"}],"author":[{"embeddable":true,"href":"https:\/\/dosmassessors.com\/ca\/wp-json\/wp\/v2\/users\/3"}],"replies":[{"embeddable":true,"href":"https:\/\/dosmassessors.com\/ca\/wp-json\/wp\/v2\/comments?post=1733"}],"version-history":[{"count":4,"href":"https:\/\/dosmassessors.com\/ca\/wp-json\/wp\/v2\/pages\/1733\/revisions"}],"predecessor-version":[{"id":1737,"href":"https:\/\/dosmassessors.com\/ca\/wp-json\/wp\/v2\/pages\/1733\/revisions\/1737"}],"wp:attachment":[{"href":"https:\/\/dosmassessors.com\/ca\/wp-json\/wp\/v2\/media?parent=1733"}],"curies":[{"name":"wp","href":"https:\/\/api.w.org\/{rel}","templated":true}]}}